{"id":3011,"date":"2020-07-01T15:00:34","date_gmt":"2020-07-01T13:00:34","guid":{"rendered":"https:\/\/jaune.centrereliance.fr\/association\/?post_type=product&#038;p=3011"},"modified":"2025-09-08T10:26:24","modified_gmt":"2025-09-08T08:26:24","slug":"les-secrets-de-famille-parlons-en","status":"publish","type":"product","link":"https:\/\/jaune.centrereliance.fr\/association\/produit\/les-secrets-de-famille-parlons-en\/","title":{"rendered":"Les secrets de famille, parlons-en&#8230;"},"content":{"rendered":"<p>Certains secrets, intimes et beaux, sont \u00e0 garder pr\u00e9cieusement ; ils g\u00e9n\u00e8rent entre leurs d\u00e9tenteurs confiance et vitalit\u00e9.<\/p>\n<p>Mais dans les groupes humains ou les familles,\u00a0 il existe \u00e9galement de lourds secrets aux effets n\u00e9fastes et toxiques \u00e0 travers les g\u00e9n\u00e9rations.<\/p>\n<p>Cette conf\u00e9rence apportera des \u00e9clairages sur l&rsquo;influence et les cons\u00e9quences des secrets, ainsi que des \u00e9l\u00e9ments de compr\u00e9hension des m\u00e9canismes relationnels qui maintiennent les secrets entre les personnes.<\/p>\n<p>Seront \u00e9galement propos\u00e9es des possibilit\u00e9s de cheminer avec cet h\u00e9ritage familial et d&rsquo;ouvrir des pistes conduisant \u00e0 se lib\u00e9rer du poids du pass\u00e9.<\/p>\n","protected":false},"excerpt":{"rendered":"<p>Certains secrets, intimes et beaux, sont \u00e0 garder pr\u00e9cieusement ; ils g\u00e9n\u00e8rent entre leurs d\u00e9tenteurs confiance et vitalit\u00e9. Mais dans les groupes humains ou les familles,\u00a0 il existe \u00e9galement de lourds secrets aux effets n\u00e9fastes et toxiques \u00e0 travers les g\u00e9n\u00e9rations. Cette conf\u00e9rence apportera des \u00e9clairages sur l&rsquo;influence et les cons\u00e9quences des secrets, ainsi que [&hellip;]<\/p>\n","protected":false},"featured_media":3041,"comment_status":"open","ping_status":"closed","template":"","meta":{"_et_pb_use_builder":"","_et_pb_old_content":"","_et_gb_content_width":""},"product_brand":[],"product_cat":[19,157],"product_tag":[],"class_list":{"0":"post-3011","1":"product","2":"type-product","3":"status-publish","4":"has-post-thumbnail","6":"product_cat-conferences","7":"product_cat-par-conferences","9":"first","10":"instock","11":"sold-individually","12":"purchasable","13":"product-type-simple"},"yoast_head":"<!-- This site is optimized with the Yoast SEO plugin v25.7 - https:\/\/yoast.com\/wordpress\/plugins\/seo\/ -->\n<title>Les secrets de famille, parlons-en... - Am\u00e9liorer ses relations et cheminer vers le meilleur de soi<\/title>\n<meta name=\"robots\" content=\"noindex, follow, max-snippet:-1, max-image-preview:large, max-video-preview:-1\" \/>\n<meta property=\"og:locale\" content=\"fr_FR\" \/>\n<meta property=\"og:type\" content=\"article\" \/>\n<meta property=\"og:title\" content=\"Les secrets de famille, parlons-en... - Am\u00e9liorer ses relations et cheminer vers le meilleur de soi\" \/>\n<meta property=\"og:description\" content=\"Certains secrets, intimes et beaux, sont \u00e0 garder pr\u00e9cieusement ; ils g\u00e9n\u00e8rent entre leurs d\u00e9tenteurs confiance et vitalit\u00e9. Mais dans les groupes humains ou les familles,\u00a0 il existe \u00e9galement de lourds secrets aux effets n\u00e9fastes et toxiques \u00e0 travers les g\u00e9n\u00e9rations. Cette conf\u00e9rence apportera des \u00e9clairages sur l&rsquo;influence et les cons\u00e9quences des secrets, ainsi que [&hellip;]\" \/>\n<meta property=\"og:url\" content=\"https:\/\/jaune.centrereliance.fr\/association\/produit\/les-secrets-de-famille-parlons-en\/\" \/>\n<meta property=\"og:site_name\" content=\"Am\u00e9liorer ses relations et cheminer vers le meilleur de soi\" \/>\n<meta property=\"article:publisher\" content=\"https:\/\/www.facebook.com\/Reliance-Association-318815031580269\/\" \/>\n<meta property=\"article:modified_time\" content=\"2025-09-08T08:26:24+00:00\" \/>\n<meta property=\"og:image\" content=\"https:\/\/jaune.centrereliance.fr\/association\/wp-content\/uploads\/sites\/2\/2020\/07\/secret-2725302_1920.jpg\" \/>\n\t<meta property=\"og:image:width\" content=\"1920\" \/>\n\t<meta property=\"og:image:height\" content=\"1280\" \/>\n\t<meta property=\"og:image:type\" content=\"image\/jpeg\" \/>\n<meta name=\"twitter:card\" content=\"summary_large_image\" \/>\n<meta name=\"twitter:label1\" content=\"Dur\u00e9e de lecture estim\u00e9e\" \/>\n\t<meta name=\"twitter:data1\" content=\"1 minute\" \/>\n<script type=\"application\/ld+json\" class=\"yoast-schema-graph\">{\"@context\":\"https:\/\/schema.org\",\"@graph\":[{\"@type\":\"WebPage\",\"@id\":\"https:\/\/jaune.centrereliance.fr\/association\/produit\/les-secrets-de-famille-parlons-en\/\",\"url\":\"https:\/\/jaune.centrereliance.fr\/association\/produit\/les-secrets-de-famille-parlons-en\/\",\"name\":\"Les secrets de famille, parlons-en... - Am\u00e9liorer ses relations et cheminer vers le meilleur de soi\",\"isPartOf\":{\"@id\":\"https:\/\/jaune.centrereliance.fr\/association\/#website\"},\"primaryImageOfPage\":{\"@id\":\"https:\/\/jaune.centrereliance.fr\/association\/produit\/les-secrets-de-famille-parlons-en\/#primaryimage\"},\"image\":{\"@id\":\"https:\/\/jaune.centrereliance.fr\/association\/produit\/les-secrets-de-famille-parlons-en\/#primaryimage\"},\"thumbnailUrl\":\"https:\/\/jaune.centrereliance.fr\/association\/wp-content\/uploads\/sites\/2\/2020\/07\/secret-2725302_1920.jpg\",\"datePublished\":\"2020-07-01T13:00:34+00:00\",\"dateModified\":\"2025-09-08T08:26:24+00:00\",\"breadcrumb\":{\"@id\":\"https:\/\/jaune.centrereliance.fr\/association\/produit\/les-secrets-de-famille-parlons-en\/#breadcrumb\"},\"inLanguage\":\"fr-FR\",\"potentialAction\":[{\"@type\":\"ReadAction\",\"target\":[\"https:\/\/jaune.centrereliance.fr\/association\/produit\/les-secrets-de-famille-parlons-en\/\"]}]},{\"@type\":\"ImageObject\",\"inLanguage\":\"fr-FR\",\"@id\":\"https:\/\/jaune.centrereliance.fr\/association\/produit\/les-secrets-de-famille-parlons-en\/#primaryimage\",\"url\":\"https:\/\/jaune.centrereliance.fr\/association\/wp-content\/uploads\/sites\/2\/2020\/07\/secret-2725302_1920.jpg\",\"contentUrl\":\"https:\/\/jaune.centrereliance.fr\/association\/wp-content\/uploads\/sites\/2\/2020\/07\/secret-2725302_1920.jpg\",\"width\":1920,\"height\":1280},{\"@type\":\"BreadcrumbList\",\"@id\":\"https:\/\/jaune.centrereliance.fr\/association\/produit\/les-secrets-de-famille-parlons-en\/#breadcrumb\",\"itemListElement\":[{\"@type\":\"ListItem\",\"position\":1,\"name\":\"Accueil\",\"item\":\"https:\/\/jaune.centrereliance.fr\/association\/\"},{\"@type\":\"ListItem\",\"position\":2,\"name\":\"Catalogue\",\"item\":\"https:\/\/jaune.centrereliance.fr\/association\/catalogue\/\"},{\"@type\":\"ListItem\",\"position\":3,\"name\":\"Les secrets de famille, parlons-en&#8230;\"}]},{\"@type\":\"WebSite\",\"@id\":\"https:\/\/jaune.centrereliance.fr\/association\/#website\",\"url\":\"https:\/\/jaune.centrereliance.fr\/association\/\",\"name\":\"Am\u00e9liorer ses relations et cheminer vers le meilleur de soi\",\"description\":\"Nos actions \u00e0 destination des particuliers\",\"publisher\":{\"@id\":\"https:\/\/jaune.centrereliance.fr\/association\/#organization\"},\"potentialAction\":[{\"@type\":\"SearchAction\",\"target\":{\"@type\":\"EntryPoint\",\"urlTemplate\":\"https:\/\/jaune.centrereliance.fr\/association\/?s={search_term_string}\"},\"query-input\":{\"@type\":\"PropertyValueSpecification\",\"valueRequired\":true,\"valueName\":\"search_term_string\"}}],\"inLanguage\":\"fr-FR\"},{\"@type\":\"Organization\",\"@id\":\"https:\/\/jaune.centrereliance.fr\/association\/#organization\",\"name\":\"Reliance ASSOCIATION\",\"url\":\"https:\/\/jaune.centrereliance.fr\/association\/\",\"logo\":{\"@type\":\"ImageObject\",\"inLanguage\":\"fr-FR\",\"@id\":\"https:\/\/jaune.centrereliance.fr\/association\/#\/schema\/logo\/image\/\",\"url\":\"https:\/\/jaune.centrereliance.fr\/association\/wp-content\/uploads\/sites\/2\/2016\/10\/Logo-SARL-e1476290643249.jpg\",\"contentUrl\":\"https:\/\/jaune.centrereliance.fr\/association\/wp-content\/uploads\/sites\/2\/2016\/10\/Logo-SARL-e1476290643249.jpg\",\"width\":101,\"height\":110,\"caption\":\"Reliance ASSOCIATION\"},\"image\":{\"@id\":\"https:\/\/jaune.centrereliance.fr\/association\/#\/schema\/logo\/image\/\"},\"sameAs\":[\"https:\/\/www.facebook.com\/Reliance-Association-318815031580269\/\",\"https:\/\/www.linkedin.com\/company-beta\/16261855\"]}]}<\/script>\n<!-- \/ Yoast SEO plugin. -->","yoast_head_json":{"title":"Les secrets de famille, parlons-en... - Am\u00e9liorer ses relations et cheminer vers le meilleur de soi","robots":{"index":"noindex","follow":"follow","max-snippet":"max-snippet:-1","max-image-preview":"max-image-preview:large","max-video-preview":"max-video-preview:-1"},"og_locale":"fr_FR","og_type":"article","og_title":"Les secrets de famille, parlons-en... - Am\u00e9liorer ses relations et cheminer vers le meilleur de soi","og_description":"Certains secrets, intimes et beaux, sont \u00e0 garder pr\u00e9cieusement ; ils g\u00e9n\u00e8rent entre leurs d\u00e9tenteurs confiance et vitalit\u00e9. Mais dans les groupes humains ou les familles,\u00a0 il existe \u00e9galement de lourds secrets aux effets n\u00e9fastes et toxiques \u00e0 travers les g\u00e9n\u00e9rations. Cette conf\u00e9rence apportera des \u00e9clairages sur l&rsquo;influence et les cons\u00e9quences des secrets, ainsi que [&hellip;]","og_url":"https:\/\/jaune.centrereliance.fr\/association\/produit\/les-secrets-de-famille-parlons-en\/","og_site_name":"Am\u00e9liorer ses relations et cheminer vers le meilleur de soi","article_publisher":"https:\/\/www.facebook.com\/Reliance-Association-318815031580269\/","article_modified_time":"2025-09-08T08:26:24+00:00","og_image":[{"width":1920,"height":1280,"url":"https:\/\/jaune.centrereliance.fr\/association\/wp-content\/uploads\/sites\/2\/2020\/07\/secret-2725302_1920.jpg","type":"image\/jpeg"}],"twitter_card":"summary_large_image","twitter_misc":{"Dur\u00e9e de lecture estim\u00e9e":"1 minute"},"schema":{"@context":"https:\/\/schema.org","@graph":[{"@type":"WebPage","@id":"https:\/\/jaune.centrereliance.fr\/association\/produit\/les-secrets-de-famille-parlons-en\/","url":"https:\/\/jaune.centrereliance.fr\/association\/produit\/les-secrets-de-famille-parlons-en\/","name":"Les secrets de famille, parlons-en... - Am\u00e9liorer ses relations et cheminer vers le meilleur de soi","isPartOf":{"@id":"https:\/\/jaune.centrereliance.fr\/association\/#website"},"primaryImageOfPage":{"@id":"https:\/\/jaune.centrereliance.fr\/association\/produit\/les-secrets-de-famille-parlons-en\/#primaryimage"},"image":{"@id":"https:\/\/jaune.centrereliance.fr\/association\/produit\/les-secrets-de-famille-parlons-en\/#primaryimage"},"thumbnailUrl":"https:\/\/jaune.centrereliance.fr\/association\/wp-content\/uploads\/sites\/2\/2020\/07\/secret-2725302_1920.jpg","datePublished":"2020-07-01T13:00:34+00:00","dateModified":"2025-09-08T08:26:24+00:00","breadcrumb":{"@id":"https:\/\/jaune.centrereliance.fr\/association\/produit\/les-secrets-de-famille-parlons-en\/#breadcrumb"},"inLanguage":"fr-FR","potentialAction":[{"@type":"ReadAction","target":["https:\/\/jaune.centrereliance.fr\/association\/produit\/les-secrets-de-famille-parlons-en\/"]}]},{"@type":"ImageObject","inLanguage":"fr-FR","@id":"https:\/\/jaune.centrereliance.fr\/association\/produit\/les-secrets-de-famille-parlons-en\/#primaryimage","url":"https:\/\/jaune.centrereliance.fr\/association\/wp-content\/uploads\/sites\/2\/2020\/07\/secret-2725302_1920.jpg","contentUrl":"https:\/\/jaune.centrereliance.fr\/association\/wp-content\/uploads\/sites\/2\/2020\/07\/secret-2725302_1920.jpg","width":1920,"height":1280},{"@type":"BreadcrumbList","@id":"https:\/\/jaune.centrereliance.fr\/association\/produit\/les-secrets-de-famille-parlons-en\/#breadcrumb","itemListElement":[{"@type":"ListItem","position":1,"name":"Accueil","item":"https:\/\/jaune.centrereliance.fr\/association\/"},{"@type":"ListItem","position":2,"name":"Catalogue","item":"https:\/\/jaune.centrereliance.fr\/association\/catalogue\/"},{"@type":"ListItem","position":3,"name":"Les secrets de famille, parlons-en&#8230;"}]},{"@type":"WebSite","@id":"https:\/\/jaune.centrereliance.fr\/association\/#website","url":"https:\/\/jaune.centrereliance.fr\/association\/","name":"Am\u00e9liorer ses relations et cheminer vers le meilleur de soi","description":"Nos actions \u00e0 destination des particuliers","publisher":{"@id":"https:\/\/jaune.centrereliance.fr\/association\/#organization"},"potentialAction":[{"@type":"SearchAction","target":{"@type":"EntryPoint","urlTemplate":"https:\/\/jaune.centrereliance.fr\/association\/?s={search_term_string}"},"query-input":{"@type":"PropertyValueSpecification","valueRequired":true,"valueName":"search_term_string"}}],"inLanguage":"fr-FR"},{"@type":"Organization","@id":"https:\/\/jaune.centrereliance.fr\/association\/#organization","name":"Reliance ASSOCIATION","url":"https:\/\/jaune.centrereliance.fr\/association\/","logo":{"@type":"ImageObject","inLanguage":"fr-FR","@id":"https:\/\/jaune.centrereliance.fr\/association\/#\/schema\/logo\/image\/","url":"https:\/\/jaune.centrereliance.fr\/association\/wp-content\/uploads\/sites\/2\/2016\/10\/Logo-SARL-e1476290643249.jpg","contentUrl":"https:\/\/jaune.centrereliance.fr\/association\/wp-content\/uploads\/sites\/2\/2016\/10\/Logo-SARL-e1476290643249.jpg","width":101,"height":110,"caption":"Reliance ASSOCIATION"},"image":{"@id":"https:\/\/jaune.centrereliance.fr\/association\/#\/schema\/logo\/image\/"},"sameAs":["https:\/\/www.facebook.com\/Reliance-Association-318815031580269\/","https:\/\/www.linkedin.com\/company-beta\/16261855"]}]}},"_links":{"self":[{"href":"https:\/\/jaune.centrereliance.fr\/association\/wp-json\/wp\/v2\/product\/3011","targetHints":{"allow":["GET"]}}],"collection":[{"href":"https:\/\/jaune.centrereliance.fr\/association\/wp-json\/wp\/v2\/product"}],"about":[{"href":"https:\/\/jaune.centrereliance.fr\/association\/wp-json\/wp\/v2\/types\/product"}],"replies":[{"embeddable":true,"href":"https:\/\/jaune.centrereliance.fr\/association\/wp-json\/wp\/v2\/comments?post=3011"}],"wp:featuredmedia":[{"embeddable":true,"href":"https:\/\/jaune.centrereliance.fr\/association\/wp-json\/wp\/v2\/media\/3041"}],"wp:attachment":[{"href":"https:\/\/jaune.centrereliance.fr\/association\/wp-json\/wp\/v2\/media?parent=3011"}],"wp:term":[{"taxonomy":"product_brand","embeddable":true,"href":"https:\/\/jaune.centrereliance.fr\/association\/wp-json\/wp\/v2\/product_brand?post=3011"},{"taxonomy":"product_cat","embeddable":true,"href":"https:\/\/jaune.centrereliance.fr\/association\/wp-json\/wp\/v2\/product_cat?post=3011"},{"taxonomy":"product_tag","embeddable":true,"href":"https:\/\/jaune.centrereliance.fr\/association\/wp-json\/wp\/v2\/product_tag?post=3011"}],"curies":[{"name":"wp","href":"https:\/\/api.w.org\/{rel}","templated":true}]}}