{"id":3599,"date":"2021-06-13T18:12:56","date_gmt":"2021-06-13T16:12:56","guid":{"rendered":"https:\/\/jaune.centrereliance.fr\/association\/?post_type=product&#038;p=3599"},"modified":"2025-09-08T10:27:42","modified_gmt":"2025-09-08T08:27:42","slug":"de-la-rencontre-amoureuse-a-la-relation-de-couple-5","status":"publish","type":"product","link":"https:\/\/jaune.centrereliance.fr\/association\/produit\/de-la-rencontre-amoureuse-a-la-relation-de-couple-5\/","title":{"rendered":"De la rencontre amoureuse \u00e0 la relation de couple"},"content":{"rendered":"<p><\/p>\r\n<p>Ce n\u2019est pas l\u2019amour qui maintient ensemble deux \u00eatres dans la dur\u00e9e, mais la qualit\u00e9 de leur relation.<\/p>\r\n<p><\/p>\r\n<p><\/p>\r\n<p>Tout couple se r\u00e9v\u00e8le \u00eatre le creuset, non seulement des confrontations, des sentiments, des d\u00e9sirs et des attentes, mais aussi du r\u00e9veil de situations inachev\u00e9es ou conflictuelles de l\u2019histoire de l\u2019un ou de l\u2019autre.<\/p>\r\n<p>Quelques balises simples et accessibles \u00e0 chacun\u00b7e, seront propos\u00e9es pour pouvoir construire ensemble une relation sans possessivit\u00e9, ni d\u00e9pendance, dans la cr\u00e9ativit\u00e9 et le respect mutuel.<\/p>\r\n<p><\/p>\r\n<p><\/p>\r\n<p><span style=\"color: #045ecc\">Atelier pratique sur ce th\u00e8me le samedi 12 janvier 2024, de 9h \u00e0 17h<\/span><\/p>\r\n<p><\/p>","protected":false},"excerpt":{"rendered":"<p>Ce n\u2019est pas l\u2019amour qui maintient ensemble deux \u00eatres dans la dur\u00e9e, mais la qualit\u00e9 de leur relation. Tout couple se r\u00e9v\u00e8le \u00eatre le creuset, non seulement des confrontations, des sentiments, des d\u00e9sirs et des attentes, mais aussi du r\u00e9veil de situations inachev\u00e9es ou conflictuelles de l\u2019histoire de l\u2019un ou de l\u2019autre. Quelques balises simples [&hellip;]<\/p>\n","protected":false},"featured_media":4659,"comment_status":"open","ping_status":"closed","template":"","meta":{"_et_pb_use_builder":"","_et_pb_old_content":"","_et_gb_content_width":""},"product_brand":[],"product_cat":[19,157],"product_tag":[],"class_list":{"0":"post-3599","1":"product","2":"type-product","3":"status-publish","4":"has-post-thumbnail","6":"product_cat-conferences","7":"product_cat-par-conferences","9":"first","10":"instock","11":"sold-individually","12":"purchasable","13":"product-type-simple"},"yoast_head":"<!-- This site is optimized with the Yoast SEO plugin v25.7 - https:\/\/yoast.com\/wordpress\/plugins\/seo\/ -->\n<title>De la rencontre amoureuse \u00e0 la relation de couple - Am\u00e9liorer ses relations et cheminer vers le meilleur de soi<\/title>\n<meta name=\"robots\" content=\"noindex, follow, max-snippet:-1, max-image-preview:large, max-video-preview:-1\" \/>\n<meta property=\"og:locale\" content=\"fr_FR\" \/>\n<meta property=\"og:type\" content=\"article\" \/>\n<meta property=\"og:title\" content=\"De la rencontre amoureuse \u00e0 la relation de couple - Am\u00e9liorer ses relations et cheminer vers le meilleur de soi\" \/>\n<meta property=\"og:description\" content=\"Ce n\u2019est pas l\u2019amour qui maintient ensemble deux \u00eatres dans la dur\u00e9e, mais la qualit\u00e9 de leur relation. Tout couple se r\u00e9v\u00e8le \u00eatre le creuset, non seulement des confrontations, des sentiments, des d\u00e9sirs et des attentes, mais aussi du r\u00e9veil de situations inachev\u00e9es ou conflictuelles de l\u2019histoire de l\u2019un ou de l\u2019autre. Quelques balises simples [&hellip;]\" \/>\n<meta property=\"og:url\" content=\"https:\/\/jaune.centrereliance.fr\/association\/produit\/de-la-rencontre-amoureuse-a-la-relation-de-couple-5\/\" \/>\n<meta property=\"og:site_name\" content=\"Am\u00e9liorer ses relations et cheminer vers le meilleur de soi\" \/>\n<meta property=\"article:publisher\" content=\"https:\/\/www.facebook.com\/Reliance-Association-318815031580269\/\" \/>\n<meta property=\"article:modified_time\" content=\"2025-09-08T08:27:42+00:00\" \/>\n<meta property=\"og:image\" content=\"https:\/\/jaune.centrereliance.fr\/association\/wp-content\/uploads\/sites\/2\/2021\/06\/balloon-ga0cc52ff9_1920.jpg\" \/>\n\t<meta property=\"og:image:width\" content=\"1920\" \/>\n\t<meta property=\"og:image:height\" content=\"1920\" \/>\n\t<meta property=\"og:image:type\" content=\"image\/jpeg\" \/>\n<meta name=\"twitter:card\" content=\"summary_large_image\" \/>\n<meta name=\"twitter:label1\" content=\"Dur\u00e9e de lecture estim\u00e9e\" \/>\n\t<meta name=\"twitter:data1\" content=\"1 minute\" \/>\n<script type=\"application\/ld+json\" class=\"yoast-schema-graph\">{\"@context\":\"https:\/\/schema.org\",\"@graph\":[{\"@type\":\"WebPage\",\"@id\":\"https:\/\/jaune.centrereliance.fr\/association\/produit\/de-la-rencontre-amoureuse-a-la-relation-de-couple-5\/\",\"url\":\"https:\/\/jaune.centrereliance.fr\/association\/produit\/de-la-rencontre-amoureuse-a-la-relation-de-couple-5\/\",\"name\":\"De la rencontre amoureuse \u00e0 la relation de couple - Am\u00e9liorer ses relations et cheminer vers le meilleur de soi\",\"isPartOf\":{\"@id\":\"https:\/\/jaune.centrereliance.fr\/association\/#website\"},\"primaryImageOfPage\":{\"@id\":\"https:\/\/jaune.centrereliance.fr\/association\/produit\/de-la-rencontre-amoureuse-a-la-relation-de-couple-5\/#primaryimage\"},\"image\":{\"@id\":\"https:\/\/jaune.centrereliance.fr\/association\/produit\/de-la-rencontre-amoureuse-a-la-relation-de-couple-5\/#primaryimage\"},\"thumbnailUrl\":\"https:\/\/jaune.centrereliance.fr\/association\/wp-content\/uploads\/sites\/2\/2021\/06\/balloon-ga0cc52ff9_1920.jpg\",\"datePublished\":\"2021-06-13T16:12:56+00:00\",\"dateModified\":\"2025-09-08T08:27:42+00:00\",\"breadcrumb\":{\"@id\":\"https:\/\/jaune.centrereliance.fr\/association\/produit\/de-la-rencontre-amoureuse-a-la-relation-de-couple-5\/#breadcrumb\"},\"inLanguage\":\"fr-FR\",\"potentialAction\":[{\"@type\":\"ReadAction\",\"target\":[\"https:\/\/jaune.centrereliance.fr\/association\/produit\/de-la-rencontre-amoureuse-a-la-relation-de-couple-5\/\"]}]},{\"@type\":\"ImageObject\",\"inLanguage\":\"fr-FR\",\"@id\":\"https:\/\/jaune.centrereliance.fr\/association\/produit\/de-la-rencontre-amoureuse-a-la-relation-de-couple-5\/#primaryimage\",\"url\":\"https:\/\/jaune.centrereliance.fr\/association\/wp-content\/uploads\/sites\/2\/2021\/06\/balloon-ga0cc52ff9_1920.jpg\",\"contentUrl\":\"https:\/\/jaune.centrereliance.fr\/association\/wp-content\/uploads\/sites\/2\/2021\/06\/balloon-ga0cc52ff9_1920.jpg\",\"width\":1920,\"height\":1920},{\"@type\":\"BreadcrumbList\",\"@id\":\"https:\/\/jaune.centrereliance.fr\/association\/produit\/de-la-rencontre-amoureuse-a-la-relation-de-couple-5\/#breadcrumb\",\"itemListElement\":[{\"@type\":\"ListItem\",\"position\":1,\"name\":\"Accueil\",\"item\":\"https:\/\/jaune.centrereliance.fr\/association\/\"},{\"@type\":\"ListItem\",\"position\":2,\"name\":\"Catalogue\",\"item\":\"https:\/\/jaune.centrereliance.fr\/association\/catalogue\/\"},{\"@type\":\"ListItem\",\"position\":3,\"name\":\"De la rencontre amoureuse \u00e0 la relation de couple\"}]},{\"@type\":\"WebSite\",\"@id\":\"https:\/\/jaune.centrereliance.fr\/association\/#website\",\"url\":\"https:\/\/jaune.centrereliance.fr\/association\/\",\"name\":\"Am\u00e9liorer ses relations et cheminer vers le meilleur de soi\",\"description\":\"Nos actions \u00e0 destination des particuliers\",\"publisher\":{\"@id\":\"https:\/\/jaune.centrereliance.fr\/association\/#organization\"},\"potentialAction\":[{\"@type\":\"SearchAction\",\"target\":{\"@type\":\"EntryPoint\",\"urlTemplate\":\"https:\/\/jaune.centrereliance.fr\/association\/?s={search_term_string}\"},\"query-input\":{\"@type\":\"PropertyValueSpecification\",\"valueRequired\":true,\"valueName\":\"search_term_string\"}}],\"inLanguage\":\"fr-FR\"},{\"@type\":\"Organization\",\"@id\":\"https:\/\/jaune.centrereliance.fr\/association\/#organization\",\"name\":\"Reliance ASSOCIATION\",\"url\":\"https:\/\/jaune.centrereliance.fr\/association\/\",\"logo\":{\"@type\":\"ImageObject\",\"inLanguage\":\"fr-FR\",\"@id\":\"https:\/\/jaune.centrereliance.fr\/association\/#\/schema\/logo\/image\/\",\"url\":\"https:\/\/jaune.centrereliance.fr\/association\/wp-content\/uploads\/sites\/2\/2016\/10\/Logo-SARL-e1476290643249.jpg\",\"contentUrl\":\"https:\/\/jaune.centrereliance.fr\/association\/wp-content\/uploads\/sites\/2\/2016\/10\/Logo-SARL-e1476290643249.jpg\",\"width\":101,\"height\":110,\"caption\":\"Reliance ASSOCIATION\"},\"image\":{\"@id\":\"https:\/\/jaune.centrereliance.fr\/association\/#\/schema\/logo\/image\/\"},\"sameAs\":[\"https:\/\/www.facebook.com\/Reliance-Association-318815031580269\/\",\"https:\/\/www.linkedin.com\/company-beta\/16261855\"]}]}<\/script>\n<!-- \/ Yoast SEO plugin. -->","yoast_head_json":{"title":"De la rencontre amoureuse \u00e0 la relation de couple - Am\u00e9liorer ses relations et cheminer vers le meilleur de soi","robots":{"index":"noindex","follow":"follow","max-snippet":"max-snippet:-1","max-image-preview":"max-image-preview:large","max-video-preview":"max-video-preview:-1"},"og_locale":"fr_FR","og_type":"article","og_title":"De la rencontre amoureuse \u00e0 la relation de couple - Am\u00e9liorer ses relations et cheminer vers le meilleur de soi","og_description":"Ce n\u2019est pas l\u2019amour qui maintient ensemble deux \u00eatres dans la dur\u00e9e, mais la qualit\u00e9 de leur relation. Tout couple se r\u00e9v\u00e8le \u00eatre le creuset, non seulement des confrontations, des sentiments, des d\u00e9sirs et des attentes, mais aussi du r\u00e9veil de situations inachev\u00e9es ou conflictuelles de l\u2019histoire de l\u2019un ou de l\u2019autre. Quelques balises simples [&hellip;]","og_url":"https:\/\/jaune.centrereliance.fr\/association\/produit\/de-la-rencontre-amoureuse-a-la-relation-de-couple-5\/","og_site_name":"Am\u00e9liorer ses relations et cheminer vers le meilleur de soi","article_publisher":"https:\/\/www.facebook.com\/Reliance-Association-318815031580269\/","article_modified_time":"2025-09-08T08:27:42+00:00","og_image":[{"width":1920,"height":1920,"url":"https:\/\/jaune.centrereliance.fr\/association\/wp-content\/uploads\/sites\/2\/2021\/06\/balloon-ga0cc52ff9_1920.jpg","type":"image\/jpeg"}],"twitter_card":"summary_large_image","twitter_misc":{"Dur\u00e9e de lecture estim\u00e9e":"1 minute"},"schema":{"@context":"https:\/\/schema.org","@graph":[{"@type":"WebPage","@id":"https:\/\/jaune.centrereliance.fr\/association\/produit\/de-la-rencontre-amoureuse-a-la-relation-de-couple-5\/","url":"https:\/\/jaune.centrereliance.fr\/association\/produit\/de-la-rencontre-amoureuse-a-la-relation-de-couple-5\/","name":"De la rencontre amoureuse \u00e0 la relation de couple - Am\u00e9liorer ses relations et cheminer vers le meilleur de soi","isPartOf":{"@id":"https:\/\/jaune.centrereliance.fr\/association\/#website"},"primaryImageOfPage":{"@id":"https:\/\/jaune.centrereliance.fr\/association\/produit\/de-la-rencontre-amoureuse-a-la-relation-de-couple-5\/#primaryimage"},"image":{"@id":"https:\/\/jaune.centrereliance.fr\/association\/produit\/de-la-rencontre-amoureuse-a-la-relation-de-couple-5\/#primaryimage"},"thumbnailUrl":"https:\/\/jaune.centrereliance.fr\/association\/wp-content\/uploads\/sites\/2\/2021\/06\/balloon-ga0cc52ff9_1920.jpg","datePublished":"2021-06-13T16:12:56+00:00","dateModified":"2025-09-08T08:27:42+00:00","breadcrumb":{"@id":"https:\/\/jaune.centrereliance.fr\/association\/produit\/de-la-rencontre-amoureuse-a-la-relation-de-couple-5\/#breadcrumb"},"inLanguage":"fr-FR","potentialAction":[{"@type":"ReadAction","target":["https:\/\/jaune.centrereliance.fr\/association\/produit\/de-la-rencontre-amoureuse-a-la-relation-de-couple-5\/"]}]},{"@type":"ImageObject","inLanguage":"fr-FR","@id":"https:\/\/jaune.centrereliance.fr\/association\/produit\/de-la-rencontre-amoureuse-a-la-relation-de-couple-5\/#primaryimage","url":"https:\/\/jaune.centrereliance.fr\/association\/wp-content\/uploads\/sites\/2\/2021\/06\/balloon-ga0cc52ff9_1920.jpg","contentUrl":"https:\/\/jaune.centrereliance.fr\/association\/wp-content\/uploads\/sites\/2\/2021\/06\/balloon-ga0cc52ff9_1920.jpg","width":1920,"height":1920},{"@type":"BreadcrumbList","@id":"https:\/\/jaune.centrereliance.fr\/association\/produit\/de-la-rencontre-amoureuse-a-la-relation-de-couple-5\/#breadcrumb","itemListElement":[{"@type":"ListItem","position":1,"name":"Accueil","item":"https:\/\/jaune.centrereliance.fr\/association\/"},{"@type":"ListItem","position":2,"name":"Catalogue","item":"https:\/\/jaune.centrereliance.fr\/association\/catalogue\/"},{"@type":"ListItem","position":3,"name":"De la rencontre amoureuse \u00e0 la relation de couple"}]},{"@type":"WebSite","@id":"https:\/\/jaune.centrereliance.fr\/association\/#website","url":"https:\/\/jaune.centrereliance.fr\/association\/","name":"Am\u00e9liorer ses relations et cheminer vers le meilleur de soi","description":"Nos actions \u00e0 destination des particuliers","publisher":{"@id":"https:\/\/jaune.centrereliance.fr\/association\/#organization"},"potentialAction":[{"@type":"SearchAction","target":{"@type":"EntryPoint","urlTemplate":"https:\/\/jaune.centrereliance.fr\/association\/?s={search_term_string}"},"query-input":{"@type":"PropertyValueSpecification","valueRequired":true,"valueName":"search_term_string"}}],"inLanguage":"fr-FR"},{"@type":"Organization","@id":"https:\/\/jaune.centrereliance.fr\/association\/#organization","name":"Reliance ASSOCIATION","url":"https:\/\/jaune.centrereliance.fr\/association\/","logo":{"@type":"ImageObject","inLanguage":"fr-FR","@id":"https:\/\/jaune.centrereliance.fr\/association\/#\/schema\/logo\/image\/","url":"https:\/\/jaune.centrereliance.fr\/association\/wp-content\/uploads\/sites\/2\/2016\/10\/Logo-SARL-e1476290643249.jpg","contentUrl":"https:\/\/jaune.centrereliance.fr\/association\/wp-content\/uploads\/sites\/2\/2016\/10\/Logo-SARL-e1476290643249.jpg","width":101,"height":110,"caption":"Reliance ASSOCIATION"},"image":{"@id":"https:\/\/jaune.centrereliance.fr\/association\/#\/schema\/logo\/image\/"},"sameAs":["https:\/\/www.facebook.com\/Reliance-Association-318815031580269\/","https:\/\/www.linkedin.com\/company-beta\/16261855"]}]}},"_links":{"self":[{"href":"https:\/\/jaune.centrereliance.fr\/association\/wp-json\/wp\/v2\/product\/3599","targetHints":{"allow":["GET"]}}],"collection":[{"href":"https:\/\/jaune.centrereliance.fr\/association\/wp-json\/wp\/v2\/product"}],"about":[{"href":"https:\/\/jaune.centrereliance.fr\/association\/wp-json\/wp\/v2\/types\/product"}],"replies":[{"embeddable":true,"href":"https:\/\/jaune.centrereliance.fr\/association\/wp-json\/wp\/v2\/comments?post=3599"}],"wp:featuredmedia":[{"embeddable":true,"href":"https:\/\/jaune.centrereliance.fr\/association\/wp-json\/wp\/v2\/media\/4659"}],"wp:attachment":[{"href":"https:\/\/jaune.centrereliance.fr\/association\/wp-json\/wp\/v2\/media?parent=3599"}],"wp:term":[{"taxonomy":"product_brand","embeddable":true,"href":"https:\/\/jaune.centrereliance.fr\/association\/wp-json\/wp\/v2\/product_brand?post=3599"},{"taxonomy":"product_cat","embeddable":true,"href":"https:\/\/jaune.centrereliance.fr\/association\/wp-json\/wp\/v2\/product_cat?post=3599"},{"taxonomy":"product_tag","embeddable":true,"href":"https:\/\/jaune.centrereliance.fr\/association\/wp-json\/wp\/v2\/product_tag?post=3599"}],"curies":[{"name":"wp","href":"https:\/\/api.w.org\/{rel}","templated":true}]}}