{"id":4284,"date":"2022-09-20T16:37:53","date_gmt":"2022-09-20T14:37:53","guid":{"rendered":"https:\/\/jaune.centrereliance.fr\/association\/?post_type=product&#038;p=4284"},"modified":"2025-09-08T10:28:14","modified_gmt":"2025-09-08T08:28:14","slug":"la-resolution-emotionnelle-sapaiser-au-quotidien","status":"publish","type":"product","link":"https:\/\/jaune.centrereliance.fr\/association\/produit\/la-resolution-emotionnelle-sapaiser-au-quotidien\/","title":{"rendered":"La R\u00e9solution \u00e9motionnelle : s&rsquo;apaiser au quotidien"},"content":{"rendered":"<div>Qui n&rsquo;a jamais v\u00e9cu des <span style=\"color: #0554b5\">crises d&rsquo;angoisse<\/span>, des moments <span style=\"color: #0554b5\">d\u2019irritabilit\u00e9<\/span> voire de franche <span style=\"color: #0554b5\">col\u00e8re<\/span> envers soi ou les autres, des moments de <span style=\"color: #0554b5\">d\u00e9go\u00fbts<\/span>, des phases de <span style=\"color: #0554b5\">tristesse<\/span> ?<\/div>\n<div>M\u00e9canisme puissant d&rsquo;adaptation et de survie, nos <span style=\"color: #0554b5\">\u00e9motions<\/span> peuvent nous <span style=\"color: #0554b5\">perturber<\/span> dans les <span style=\"color: #0554b5\">situations du quotidien<\/span> et prendre parfois l&rsquo;ascendant sur nos vies.<\/div>\n<div>Lors de cette initiation, vous d\u00e9couvrirez le pouvoir insoup\u00e7onn\u00e9 de la m\u00e9moire corporelle et apprendrez \u00e0 <span style=\"color: #0554b5\">vous responsabiliser<\/span> en pratiquant la <span style=\"color: #0554b5\">R\u00e9solution \u00c9motionnelle<\/span> de mani\u00e8re <span style=\"color: #0554b5\">autonome<\/span>, pour un <span style=\"color: #0554b5\">apaisement<\/span> en <span style=\"color: #0554b5\">profondeur<\/span> et dans la <span style=\"color: #0554b5\">dur\u00e9e<\/span>.<\/div>\n","protected":false},"excerpt":{"rendered":"<p>Qui n&rsquo;a jamais v\u00e9cu des crises d&rsquo;angoisse, des moments d\u2019irritabilit\u00e9 voire de franche col\u00e8re envers soi ou les autres, des moments de d\u00e9go\u00fbts, des phases de tristesse ? M\u00e9canisme puissant d&rsquo;adaptation et de survie, nos \u00e9motions peuvent nous perturber dans les situations du quotidien et prendre parfois l&rsquo;ascendant sur nos vies. Lors de cette initiation, [&hellip;]<\/p>\n","protected":false},"featured_media":4285,"comment_status":"open","ping_status":"closed","template":"","meta":{"_et_pb_use_builder":"","_et_pb_old_content":"","_et_gb_content_width":""},"product_brand":[],"product_cat":[19,157],"product_tag":[],"class_list":{"0":"post-4284","1":"product","2":"type-product","3":"status-publish","4":"has-post-thumbnail","6":"product_cat-conferences","7":"product_cat-par-conferences","9":"first","10":"instock","11":"sold-individually","12":"purchasable","13":"product-type-simple"},"yoast_head":"<!-- This site is optimized with the Yoast SEO plugin v25.7 - https:\/\/yoast.com\/wordpress\/plugins\/seo\/ -->\n<title>La R\u00e9solution \u00e9motionnelle : s&#039;apaiser au quotidien - Am\u00e9liorer ses relations et cheminer vers le meilleur de soi<\/title>\n<meta name=\"robots\" content=\"noindex, follow, max-snippet:-1, max-image-preview:large, max-video-preview:-1\" \/>\n<meta property=\"og:locale\" content=\"fr_FR\" \/>\n<meta property=\"og:type\" content=\"article\" \/>\n<meta property=\"og:title\" content=\"La R\u00e9solution \u00e9motionnelle : s&#039;apaiser au quotidien - Am\u00e9liorer ses relations et cheminer vers le meilleur de soi\" \/>\n<meta property=\"og:description\" content=\"Qui n&rsquo;a jamais v\u00e9cu des crises d&rsquo;angoisse, des moments d\u2019irritabilit\u00e9 voire de franche col\u00e8re envers soi ou les autres, des moments de d\u00e9go\u00fbts, des phases de tristesse ? M\u00e9canisme puissant d&rsquo;adaptation et de survie, nos \u00e9motions peuvent nous perturber dans les situations du quotidien et prendre parfois l&rsquo;ascendant sur nos vies. Lors de cette initiation, [&hellip;]\" \/>\n<meta property=\"og:url\" content=\"https:\/\/jaune.centrereliance.fr\/association\/produit\/la-resolution-emotionnelle-sapaiser-au-quotidien\/\" \/>\n<meta property=\"og:site_name\" content=\"Am\u00e9liorer ses relations et cheminer vers le meilleur de soi\" \/>\n<meta property=\"article:publisher\" content=\"https:\/\/www.facebook.com\/Reliance-Association-318815031580269\/\" \/>\n<meta property=\"article:modified_time\" content=\"2025-09-08T08:28:14+00:00\" \/>\n<meta property=\"og:image\" content=\"https:\/\/jaune.centrereliance.fr\/association\/wp-content\/uploads\/sites\/2\/2022\/09\/Visuel_Zen.jpeg\" \/>\n\t<meta property=\"og:image:width\" content=\"1280\" \/>\n\t<meta property=\"og:image:height\" content=\"640\" \/>\n\t<meta property=\"og:image:type\" content=\"image\/jpeg\" \/>\n<meta name=\"twitter:card\" content=\"summary_large_image\" \/>\n<meta name=\"twitter:label1\" content=\"Dur\u00e9e de lecture estim\u00e9e\" \/>\n\t<meta name=\"twitter:data1\" content=\"1 minute\" \/>\n<script type=\"application\/ld+json\" class=\"yoast-schema-graph\">{\"@context\":\"https:\/\/schema.org\",\"@graph\":[{\"@type\":\"WebPage\",\"@id\":\"https:\/\/jaune.centrereliance.fr\/association\/produit\/la-resolution-emotionnelle-sapaiser-au-quotidien\/\",\"url\":\"https:\/\/jaune.centrereliance.fr\/association\/produit\/la-resolution-emotionnelle-sapaiser-au-quotidien\/\",\"name\":\"La R\u00e9solution \u00e9motionnelle : s'apaiser au quotidien - Am\u00e9liorer ses relations et cheminer vers le meilleur de soi\",\"isPartOf\":{\"@id\":\"https:\/\/jaune.centrereliance.fr\/association\/#website\"},\"primaryImageOfPage\":{\"@id\":\"https:\/\/jaune.centrereliance.fr\/association\/produit\/la-resolution-emotionnelle-sapaiser-au-quotidien\/#primaryimage\"},\"image\":{\"@id\":\"https:\/\/jaune.centrereliance.fr\/association\/produit\/la-resolution-emotionnelle-sapaiser-au-quotidien\/#primaryimage\"},\"thumbnailUrl\":\"https:\/\/jaune.centrereliance.fr\/association\/wp-content\/uploads\/sites\/2\/2022\/09\/Visuel_Zen.jpeg\",\"datePublished\":\"2022-09-20T14:37:53+00:00\",\"dateModified\":\"2025-09-08T08:28:14+00:00\",\"breadcrumb\":{\"@id\":\"https:\/\/jaune.centrereliance.fr\/association\/produit\/la-resolution-emotionnelle-sapaiser-au-quotidien\/#breadcrumb\"},\"inLanguage\":\"fr-FR\",\"potentialAction\":[{\"@type\":\"ReadAction\",\"target\":[\"https:\/\/jaune.centrereliance.fr\/association\/produit\/la-resolution-emotionnelle-sapaiser-au-quotidien\/\"]}]},{\"@type\":\"ImageObject\",\"inLanguage\":\"fr-FR\",\"@id\":\"https:\/\/jaune.centrereliance.fr\/association\/produit\/la-resolution-emotionnelle-sapaiser-au-quotidien\/#primaryimage\",\"url\":\"https:\/\/jaune.centrereliance.fr\/association\/wp-content\/uploads\/sites\/2\/2022\/09\/Visuel_Zen.jpeg\",\"contentUrl\":\"https:\/\/jaune.centrereliance.fr\/association\/wp-content\/uploads\/sites\/2\/2022\/09\/Visuel_Zen.jpeg\",\"width\":1280,\"height\":640},{\"@type\":\"BreadcrumbList\",\"@id\":\"https:\/\/jaune.centrereliance.fr\/association\/produit\/la-resolution-emotionnelle-sapaiser-au-quotidien\/#breadcrumb\",\"itemListElement\":[{\"@type\":\"ListItem\",\"position\":1,\"name\":\"Accueil\",\"item\":\"https:\/\/jaune.centrereliance.fr\/association\/\"},{\"@type\":\"ListItem\",\"position\":2,\"name\":\"Catalogue\",\"item\":\"https:\/\/jaune.centrereliance.fr\/association\/catalogue\/\"},{\"@type\":\"ListItem\",\"position\":3,\"name\":\"La R\u00e9solution \u00e9motionnelle : s&rsquo;apaiser au quotidien\"}]},{\"@type\":\"WebSite\",\"@id\":\"https:\/\/jaune.centrereliance.fr\/association\/#website\",\"url\":\"https:\/\/jaune.centrereliance.fr\/association\/\",\"name\":\"Am\u00e9liorer ses relations et cheminer vers le meilleur de soi\",\"description\":\"Nos actions \u00e0 destination des particuliers\",\"publisher\":{\"@id\":\"https:\/\/jaune.centrereliance.fr\/association\/#organization\"},\"potentialAction\":[{\"@type\":\"SearchAction\",\"target\":{\"@type\":\"EntryPoint\",\"urlTemplate\":\"https:\/\/jaune.centrereliance.fr\/association\/?s={search_term_string}\"},\"query-input\":{\"@type\":\"PropertyValueSpecification\",\"valueRequired\":true,\"valueName\":\"search_term_string\"}}],\"inLanguage\":\"fr-FR\"},{\"@type\":\"Organization\",\"@id\":\"https:\/\/jaune.centrereliance.fr\/association\/#organization\",\"name\":\"Reliance ASSOCIATION\",\"url\":\"https:\/\/jaune.centrereliance.fr\/association\/\",\"logo\":{\"@type\":\"ImageObject\",\"inLanguage\":\"fr-FR\",\"@id\":\"https:\/\/jaune.centrereliance.fr\/association\/#\/schema\/logo\/image\/\",\"url\":\"https:\/\/jaune.centrereliance.fr\/association\/wp-content\/uploads\/sites\/2\/2016\/10\/Logo-SARL-e1476290643249.jpg\",\"contentUrl\":\"https:\/\/jaune.centrereliance.fr\/association\/wp-content\/uploads\/sites\/2\/2016\/10\/Logo-SARL-e1476290643249.jpg\",\"width\":101,\"height\":110,\"caption\":\"Reliance ASSOCIATION\"},\"image\":{\"@id\":\"https:\/\/jaune.centrereliance.fr\/association\/#\/schema\/logo\/image\/\"},\"sameAs\":[\"https:\/\/www.facebook.com\/Reliance-Association-318815031580269\/\",\"https:\/\/www.linkedin.com\/company-beta\/16261855\"]}]}<\/script>\n<!-- \/ Yoast SEO plugin. -->","yoast_head_json":{"title":"La R\u00e9solution \u00e9motionnelle : s'apaiser au quotidien - Am\u00e9liorer ses relations et cheminer vers le meilleur de soi","robots":{"index":"noindex","follow":"follow","max-snippet":"max-snippet:-1","max-image-preview":"max-image-preview:large","max-video-preview":"max-video-preview:-1"},"og_locale":"fr_FR","og_type":"article","og_title":"La R\u00e9solution \u00e9motionnelle : s'apaiser au quotidien - Am\u00e9liorer ses relations et cheminer vers le meilleur de soi","og_description":"Qui n&rsquo;a jamais v\u00e9cu des crises d&rsquo;angoisse, des moments d\u2019irritabilit\u00e9 voire de franche col\u00e8re envers soi ou les autres, des moments de d\u00e9go\u00fbts, des phases de tristesse ? M\u00e9canisme puissant d&rsquo;adaptation et de survie, nos \u00e9motions peuvent nous perturber dans les situations du quotidien et prendre parfois l&rsquo;ascendant sur nos vies. Lors de cette initiation, [&hellip;]","og_url":"https:\/\/jaune.centrereliance.fr\/association\/produit\/la-resolution-emotionnelle-sapaiser-au-quotidien\/","og_site_name":"Am\u00e9liorer ses relations et cheminer vers le meilleur de soi","article_publisher":"https:\/\/www.facebook.com\/Reliance-Association-318815031580269\/","article_modified_time":"2025-09-08T08:28:14+00:00","og_image":[{"width":1280,"height":640,"url":"https:\/\/jaune.centrereliance.fr\/association\/wp-content\/uploads\/sites\/2\/2022\/09\/Visuel_Zen.jpeg","type":"image\/jpeg"}],"twitter_card":"summary_large_image","twitter_misc":{"Dur\u00e9e de lecture estim\u00e9e":"1 minute"},"schema":{"@context":"https:\/\/schema.org","@graph":[{"@type":"WebPage","@id":"https:\/\/jaune.centrereliance.fr\/association\/produit\/la-resolution-emotionnelle-sapaiser-au-quotidien\/","url":"https:\/\/jaune.centrereliance.fr\/association\/produit\/la-resolution-emotionnelle-sapaiser-au-quotidien\/","name":"La R\u00e9solution \u00e9motionnelle : s'apaiser au quotidien - Am\u00e9liorer ses relations et cheminer vers le meilleur de soi","isPartOf":{"@id":"https:\/\/jaune.centrereliance.fr\/association\/#website"},"primaryImageOfPage":{"@id":"https:\/\/jaune.centrereliance.fr\/association\/produit\/la-resolution-emotionnelle-sapaiser-au-quotidien\/#primaryimage"},"image":{"@id":"https:\/\/jaune.centrereliance.fr\/association\/produit\/la-resolution-emotionnelle-sapaiser-au-quotidien\/#primaryimage"},"thumbnailUrl":"https:\/\/jaune.centrereliance.fr\/association\/wp-content\/uploads\/sites\/2\/2022\/09\/Visuel_Zen.jpeg","datePublished":"2022-09-20T14:37:53+00:00","dateModified":"2025-09-08T08:28:14+00:00","breadcrumb":{"@id":"https:\/\/jaune.centrereliance.fr\/association\/produit\/la-resolution-emotionnelle-sapaiser-au-quotidien\/#breadcrumb"},"inLanguage":"fr-FR","potentialAction":[{"@type":"ReadAction","target":["https:\/\/jaune.centrereliance.fr\/association\/produit\/la-resolution-emotionnelle-sapaiser-au-quotidien\/"]}]},{"@type":"ImageObject","inLanguage":"fr-FR","@id":"https:\/\/jaune.centrereliance.fr\/association\/produit\/la-resolution-emotionnelle-sapaiser-au-quotidien\/#primaryimage","url":"https:\/\/jaune.centrereliance.fr\/association\/wp-content\/uploads\/sites\/2\/2022\/09\/Visuel_Zen.jpeg","contentUrl":"https:\/\/jaune.centrereliance.fr\/association\/wp-content\/uploads\/sites\/2\/2022\/09\/Visuel_Zen.jpeg","width":1280,"height":640},{"@type":"BreadcrumbList","@id":"https:\/\/jaune.centrereliance.fr\/association\/produit\/la-resolution-emotionnelle-sapaiser-au-quotidien\/#breadcrumb","itemListElement":[{"@type":"ListItem","position":1,"name":"Accueil","item":"https:\/\/jaune.centrereliance.fr\/association\/"},{"@type":"ListItem","position":2,"name":"Catalogue","item":"https:\/\/jaune.centrereliance.fr\/association\/catalogue\/"},{"@type":"ListItem","position":3,"name":"La R\u00e9solution \u00e9motionnelle : s&rsquo;apaiser au quotidien"}]},{"@type":"WebSite","@id":"https:\/\/jaune.centrereliance.fr\/association\/#website","url":"https:\/\/jaune.centrereliance.fr\/association\/","name":"Am\u00e9liorer ses relations et cheminer vers le meilleur de soi","description":"Nos actions \u00e0 destination des particuliers","publisher":{"@id":"https:\/\/jaune.centrereliance.fr\/association\/#organization"},"potentialAction":[{"@type":"SearchAction","target":{"@type":"EntryPoint","urlTemplate":"https:\/\/jaune.centrereliance.fr\/association\/?s={search_term_string}"},"query-input":{"@type":"PropertyValueSpecification","valueRequired":true,"valueName":"search_term_string"}}],"inLanguage":"fr-FR"},{"@type":"Organization","@id":"https:\/\/jaune.centrereliance.fr\/association\/#organization","name":"Reliance ASSOCIATION","url":"https:\/\/jaune.centrereliance.fr\/association\/","logo":{"@type":"ImageObject","inLanguage":"fr-FR","@id":"https:\/\/jaune.centrereliance.fr\/association\/#\/schema\/logo\/image\/","url":"https:\/\/jaune.centrereliance.fr\/association\/wp-content\/uploads\/sites\/2\/2016\/10\/Logo-SARL-e1476290643249.jpg","contentUrl":"https:\/\/jaune.centrereliance.fr\/association\/wp-content\/uploads\/sites\/2\/2016\/10\/Logo-SARL-e1476290643249.jpg","width":101,"height":110,"caption":"Reliance ASSOCIATION"},"image":{"@id":"https:\/\/jaune.centrereliance.fr\/association\/#\/schema\/logo\/image\/"},"sameAs":["https:\/\/www.facebook.com\/Reliance-Association-318815031580269\/","https:\/\/www.linkedin.com\/company-beta\/16261855"]}]}},"_links":{"self":[{"href":"https:\/\/jaune.centrereliance.fr\/association\/wp-json\/wp\/v2\/product\/4284","targetHints":{"allow":["GET"]}}],"collection":[{"href":"https:\/\/jaune.centrereliance.fr\/association\/wp-json\/wp\/v2\/product"}],"about":[{"href":"https:\/\/jaune.centrereliance.fr\/association\/wp-json\/wp\/v2\/types\/product"}],"replies":[{"embeddable":true,"href":"https:\/\/jaune.centrereliance.fr\/association\/wp-json\/wp\/v2\/comments?post=4284"}],"wp:featuredmedia":[{"embeddable":true,"href":"https:\/\/jaune.centrereliance.fr\/association\/wp-json\/wp\/v2\/media\/4285"}],"wp:attachment":[{"href":"https:\/\/jaune.centrereliance.fr\/association\/wp-json\/wp\/v2\/media?parent=4284"}],"wp:term":[{"taxonomy":"product_brand","embeddable":true,"href":"https:\/\/jaune.centrereliance.fr\/association\/wp-json\/wp\/v2\/product_brand?post=4284"},{"taxonomy":"product_cat","embeddable":true,"href":"https:\/\/jaune.centrereliance.fr\/association\/wp-json\/wp\/v2\/product_cat?post=4284"},{"taxonomy":"product_tag","embeddable":true,"href":"https:\/\/jaune.centrereliance.fr\/association\/wp-json\/wp\/v2\/product_tag?post=4284"}],"curies":[{"name":"wp","href":"https:\/\/api.w.org\/{rel}","templated":true}]}}