{"id":5317,"date":"2023-12-22T15:56:07","date_gmt":"2023-12-22T14:56:07","guid":{"rendered":"https:\/\/jaune.centrereliance.fr\/association\/?post_type=product&#038;p=5317"},"modified":"2024-06-18T16:50:46","modified_gmt":"2024-06-18T14:50:46","slug":"marcher-dans-la-montagne-et-avancer-dans-sa-vie-3","status":"publish","type":"product","link":"https:\/\/jaune.centrereliance.fr\/association\/produit\/marcher-dans-la-montagne-et-avancer-dans-sa-vie-3\/","title":{"rendered":"Marcher dans la montagne&#8230; et avancer dans sa vie !"},"content":{"rendered":"<h4><span style=\"color: #0554b5\">STAGE CONFIRM\u00c9 !<\/span><\/h4>\n<p><span style=\"color: #0554b5\">5 journ\u00e9es pour prendre soin de soi au c\u0153ur du massif du Vercors, dans un cadre propice au ressourcement !<\/span><\/p>\n<p><span style=\"color: #000000\">Pension compl\u00e8te en sus \u00e0 r\u00e9gler directement au g\u00eete (\u00e0 partir de 183 \u20ac les 5 jours)<\/span><\/p>\n<p><span style=\"color: #033e87\">Possibilit\u00e9 de r\u00e8glement du stage en 2 ou 3 fois sur demande \u00e0 contact@centrereliance.fr<\/span><\/p>\n<p><a href=\"https:\/\/www.labatteuse.fr\/\" target=\"_blank\" rel=\"noopener\"><span style=\"color: #ff6600\">D\u00e9couvrir La Batteuse<\/span><\/a><\/p>\n<p>En s\u2019appuyant sur les <span style=\"color: #0554b5\">situations concr\u00e8tes de chacun\u00b7e<\/span>, le formateur apporte les <span style=\"color: #0554b5\">balises et points de rep\u00e8re de la M\u00e9thode ESPERE<sup>\u00ae<\/sup><\/span>. Il utilise la <span style=\"color: #0554b5\">visualisation externe<\/span>, moyen p\u00e9dagogique vivant et dynamique, apportant aux participant\u00b7es <span style=\"color: #0554b5\">clart\u00e9 et richesse d\u2019expression<\/span>, dans la pr\u00e9sentation et l\u2019analyse des situations v\u00e9cues. Elle leur permet de <span style=\"color: #0554b5\">prendre du recul sur ces situations<\/span>, en les voyant sous un nouvel angle et de <span style=\"color: #0554b5\">se relier beaucoup plus facilement \u00e0 leurs ressentis<\/span>. Des <span style=\"color: #0554b5\">exercices de groupe dynamiques <\/span>viennent compl\u00e9ter le travail en M\u00e9thode ESPERE<sup>\u00ae<\/sup>.<\/p>\n<div id=\"two-content-\" class=\"sh-content two-content sh-hide\">\n<p>Nous partons le matin du g\u00eete, pour faire des <span style=\"color: #0554b5\">haltes dans la nature<\/span> au cours desquelles ont lieu les \u00e9changes et le<span style=\"color: #0554b5\"> travail relationnel<\/span>, puis nous rentrons au g\u00eete chaque soir. <span style=\"color: #0554b5\">La marche est facile<\/span>, d\u2019une dur\u00e9e de 2 \u00e0 4 heures chaque jour.<\/p>\n<div id=\"one-content-\" class=\"sh-content one-content sh-hide\">\n<div id=\"one-content-\" class=\"sh-content one-content sh-hide\">\n<div id=\"one-content-\" class=\"sh-content one-content sh-hide\">\n<p>Alternant ainsi les temps de marche en montagne et de travail relationnel, ce stage est une invitation \u00e0 <span style=\"color: #0554b5\">poser certains poids de notre histoire<\/span> qui nous emp\u00eachent parfois d\u2019avancer.<\/p>\n<p>Les temps de marche sont des moments de pause dans le travail relationnel, o\u00f9 il est possible de se retrouver seul\u00b7e, de laisser se clarifier ce qui a pu \u00eatre travaill\u00e9, ou d\u2019\u00e9changer informellement \u00e0 2 ou plusieurs.<\/p>\n<p><span style=\"color: #0554b5\">Le cadre exceptionnel du massif du Vercors permet de refaire le plein de beaut\u00e9 des paysages et d\u2019\u00e9nergie !<\/span><\/p>\n<p><span style=\"color: #333333\">La d\u00e9couverte de l&rsquo;environnement <\/span>est assur\u00e9e par notre <span style=\"color: #0554b5\">accompagnateur montagne Cyrille Demarcq<\/span>.<\/p>\n<p class=\"04xlpa\"><span class=\"s1ppyq\">En soir\u00e9e, <span style=\"color: #0554b5\">Sandrine Chapon<\/span>, formatrice certifi\u00e9e, vous propose de d\u00e9couvrir la <span style=\"color: #0554b5\">R\u00e9solution \u00e9motionnelle(EmRes<sup>\u00ae<\/sup>) <\/span><\/span><span class=\"s1ppyq\">m\u00e9thode qui permet l\u2019<span style=\"color: #0554b5\">\u00e9vacuation des \u00ab\u00a0blocages\u00a0\u00bb \u00e9motionnels<\/span> ou comportementaux s&rsquo;exprimant de diverses fa\u00e7ons : peurs, tristesses, col\u00e8res, d\u00e9go\u00fbts et leurs manifestations somatiques.<\/span><\/p>\n<\/div>\n<\/div>\n<\/div>\n<\/div>\n","protected":false},"excerpt":{"rendered":"<p>STAGE CONFIRM\u00c9 ! 5 journ\u00e9es pour prendre soin de soi au c\u0153ur du massif du Vercors, dans un cadre propice au ressourcement ! Pension compl\u00e8te en sus \u00e0 r\u00e9gler directement au g\u00eete (\u00e0 partir de 183 \u20ac les 5 jours) Possibilit\u00e9 de r\u00e8glement du stage en 2 ou 3 fois sur demande \u00e0 contact@centrereliance.fr D\u00e9couvrir [&hellip;]<\/p>\n","protected":false},"featured_media":5401,"comment_status":"open","ping_status":"closed","template":"","meta":{"_et_pb_use_builder":"","_et_pb_old_content":"","_et_gb_content_width":""},"product_brand":[],"product_cat":[22,137,21],"product_tag":[],"class_list":{"0":"post-5317","1":"product","2":"type-product","3":"status-publish","4":"has-post-thumbnail","6":"product_cat-ateliers","7":"product_cat-ecoute-solidaire","8":"product_cat-stages","10":"first","11":"instock","12":"sold-individually","13":"purchasable","14":"product-type-simple"},"yoast_head":"<!-- This site is optimized with the Yoast SEO plugin v25.7 - https:\/\/yoast.com\/wordpress\/plugins\/seo\/ -->\n<title>Marcher dans la montagne... et avancer dans sa vie ! - Am\u00e9liorer ses relations et cheminer vers le meilleur de soi<\/title>\n<meta name=\"robots\" content=\"noindex, follow, max-snippet:-1, max-image-preview:large, max-video-preview:-1\" \/>\n<meta property=\"og:locale\" content=\"fr_FR\" \/>\n<meta property=\"og:type\" content=\"article\" \/>\n<meta property=\"og:title\" content=\"Marcher dans la montagne... et avancer dans sa vie ! - Am\u00e9liorer ses relations et cheminer vers le meilleur de soi\" \/>\n<meta property=\"og:description\" content=\"STAGE CONFIRM\u00c9 ! 5 journ\u00e9es pour prendre soin de soi au c\u0153ur du massif du Vercors, dans un cadre propice au ressourcement ! Pension compl\u00e8te en sus \u00e0 r\u00e9gler directement au g\u00eete (\u00e0 partir de 183 \u20ac les 5 jours) Possibilit\u00e9 de r\u00e8glement du stage en 2 ou 3 fois sur demande \u00e0 contact@centrereliance.fr D\u00e9couvrir [&hellip;]\" \/>\n<meta property=\"og:url\" content=\"https:\/\/jaune.centrereliance.fr\/association\/produit\/marcher-dans-la-montagne-et-avancer-dans-sa-vie-3\/\" \/>\n<meta property=\"og:site_name\" content=\"Am\u00e9liorer ses relations et cheminer vers le meilleur de soi\" \/>\n<meta property=\"article:publisher\" content=\"https:\/\/www.facebook.com\/Reliance-Association-318815031580269\/\" \/>\n<meta property=\"article:modified_time\" content=\"2024-06-18T14:50:46+00:00\" \/>\n<meta property=\"og:image\" content=\"https:\/\/jaune.centrereliance.fr\/association\/wp-content\/uploads\/sites\/2\/2024\/06\/P1200578-1-e1681823488453-1-1-2.jpg\" \/>\n\t<meta property=\"og:image:width\" content=\"627\" \/>\n\t<meta property=\"og:image:height\" content=\"575\" \/>\n\t<meta property=\"og:image:type\" content=\"image\/jpeg\" \/>\n<meta name=\"twitter:card\" content=\"summary_large_image\" \/>\n<meta name=\"twitter:label1\" content=\"Dur\u00e9e de lecture estim\u00e9e\" \/>\n\t<meta name=\"twitter:data1\" content=\"2 minutes\" \/>\n<script type=\"application\/ld+json\" class=\"yoast-schema-graph\">{\"@context\":\"https:\/\/schema.org\",\"@graph\":[{\"@type\":\"WebPage\",\"@id\":\"https:\/\/jaune.centrereliance.fr\/association\/produit\/marcher-dans-la-montagne-et-avancer-dans-sa-vie-3\/\",\"url\":\"https:\/\/jaune.centrereliance.fr\/association\/produit\/marcher-dans-la-montagne-et-avancer-dans-sa-vie-3\/\",\"name\":\"Marcher dans la montagne... et avancer dans sa vie ! - Am\u00e9liorer ses relations et cheminer vers le meilleur de soi\",\"isPartOf\":{\"@id\":\"https:\/\/jaune.centrereliance.fr\/association\/#website\"},\"primaryImageOfPage\":{\"@id\":\"https:\/\/jaune.centrereliance.fr\/association\/produit\/marcher-dans-la-montagne-et-avancer-dans-sa-vie-3\/#primaryimage\"},\"image\":{\"@id\":\"https:\/\/jaune.centrereliance.fr\/association\/produit\/marcher-dans-la-montagne-et-avancer-dans-sa-vie-3\/#primaryimage\"},\"thumbnailUrl\":\"https:\/\/jaune.centrereliance.fr\/association\/wp-content\/uploads\/sites\/2\/2024\/06\/P1200578-1-e1681823488453-1-1-2.jpg\",\"datePublished\":\"2023-12-22T14:56:07+00:00\",\"dateModified\":\"2024-06-18T14:50:46+00:00\",\"breadcrumb\":{\"@id\":\"https:\/\/jaune.centrereliance.fr\/association\/produit\/marcher-dans-la-montagne-et-avancer-dans-sa-vie-3\/#breadcrumb\"},\"inLanguage\":\"fr-FR\",\"potentialAction\":[{\"@type\":\"ReadAction\",\"target\":[\"https:\/\/jaune.centrereliance.fr\/association\/produit\/marcher-dans-la-montagne-et-avancer-dans-sa-vie-3\/\"]}]},{\"@type\":\"ImageObject\",\"inLanguage\":\"fr-FR\",\"@id\":\"https:\/\/jaune.centrereliance.fr\/association\/produit\/marcher-dans-la-montagne-et-avancer-dans-sa-vie-3\/#primaryimage\",\"url\":\"https:\/\/jaune.centrereliance.fr\/association\/wp-content\/uploads\/sites\/2\/2024\/06\/P1200578-1-e1681823488453-1-1-2.jpg\",\"contentUrl\":\"https:\/\/jaune.centrereliance.fr\/association\/wp-content\/uploads\/sites\/2\/2024\/06\/P1200578-1-e1681823488453-1-1-2.jpg\",\"width\":627,\"height\":575},{\"@type\":\"BreadcrumbList\",\"@id\":\"https:\/\/jaune.centrereliance.fr\/association\/produit\/marcher-dans-la-montagne-et-avancer-dans-sa-vie-3\/#breadcrumb\",\"itemListElement\":[{\"@type\":\"ListItem\",\"position\":1,\"name\":\"Accueil\",\"item\":\"https:\/\/jaune.centrereliance.fr\/association\/\"},{\"@type\":\"ListItem\",\"position\":2,\"name\":\"Catalogue\",\"item\":\"https:\/\/jaune.centrereliance.fr\/association\/catalogue\/\"},{\"@type\":\"ListItem\",\"position\":3,\"name\":\"Marcher dans la montagne&#8230; et avancer dans sa vie !\"}]},{\"@type\":\"WebSite\",\"@id\":\"https:\/\/jaune.centrereliance.fr\/association\/#website\",\"url\":\"https:\/\/jaune.centrereliance.fr\/association\/\",\"name\":\"Am\u00e9liorer ses relations et cheminer vers le meilleur de soi\",\"description\":\"Nos actions \u00e0 destination des particuliers\",\"publisher\":{\"@id\":\"https:\/\/jaune.centrereliance.fr\/association\/#organization\"},\"potentialAction\":[{\"@type\":\"SearchAction\",\"target\":{\"@type\":\"EntryPoint\",\"urlTemplate\":\"https:\/\/jaune.centrereliance.fr\/association\/?s={search_term_string}\"},\"query-input\":{\"@type\":\"PropertyValueSpecification\",\"valueRequired\":true,\"valueName\":\"search_term_string\"}}],\"inLanguage\":\"fr-FR\"},{\"@type\":\"Organization\",\"@id\":\"https:\/\/jaune.centrereliance.fr\/association\/#organization\",\"name\":\"Reliance ASSOCIATION\",\"url\":\"https:\/\/jaune.centrereliance.fr\/association\/\",\"logo\":{\"@type\":\"ImageObject\",\"inLanguage\":\"fr-FR\",\"@id\":\"https:\/\/jaune.centrereliance.fr\/association\/#\/schema\/logo\/image\/\",\"url\":\"https:\/\/jaune.centrereliance.fr\/association\/wp-content\/uploads\/sites\/2\/2016\/10\/Logo-SARL-e1476290643249.jpg\",\"contentUrl\":\"https:\/\/jaune.centrereliance.fr\/association\/wp-content\/uploads\/sites\/2\/2016\/10\/Logo-SARL-e1476290643249.jpg\",\"width\":101,\"height\":110,\"caption\":\"Reliance ASSOCIATION\"},\"image\":{\"@id\":\"https:\/\/jaune.centrereliance.fr\/association\/#\/schema\/logo\/image\/\"},\"sameAs\":[\"https:\/\/www.facebook.com\/Reliance-Association-318815031580269\/\",\"https:\/\/www.linkedin.com\/company-beta\/16261855\"]}]}<\/script>\n<!-- \/ Yoast SEO plugin. -->","yoast_head_json":{"title":"Marcher dans la montagne... et avancer dans sa vie ! - Am\u00e9liorer ses relations et cheminer vers le meilleur de soi","robots":{"index":"noindex","follow":"follow","max-snippet":"max-snippet:-1","max-image-preview":"max-image-preview:large","max-video-preview":"max-video-preview:-1"},"og_locale":"fr_FR","og_type":"article","og_title":"Marcher dans la montagne... et avancer dans sa vie ! - Am\u00e9liorer ses relations et cheminer vers le meilleur de soi","og_description":"STAGE CONFIRM\u00c9 ! 5 journ\u00e9es pour prendre soin de soi au c\u0153ur du massif du Vercors, dans un cadre propice au ressourcement ! Pension compl\u00e8te en sus \u00e0 r\u00e9gler directement au g\u00eete (\u00e0 partir de 183 \u20ac les 5 jours) Possibilit\u00e9 de r\u00e8glement du stage en 2 ou 3 fois sur demande \u00e0 contact@centrereliance.fr D\u00e9couvrir [&hellip;]","og_url":"https:\/\/jaune.centrereliance.fr\/association\/produit\/marcher-dans-la-montagne-et-avancer-dans-sa-vie-3\/","og_site_name":"Am\u00e9liorer ses relations et cheminer vers le meilleur de soi","article_publisher":"https:\/\/www.facebook.com\/Reliance-Association-318815031580269\/","article_modified_time":"2024-06-18T14:50:46+00:00","og_image":[{"width":627,"height":575,"url":"https:\/\/jaune.centrereliance.fr\/association\/wp-content\/uploads\/sites\/2\/2024\/06\/P1200578-1-e1681823488453-1-1-2.jpg","type":"image\/jpeg"}],"twitter_card":"summary_large_image","twitter_misc":{"Dur\u00e9e de lecture estim\u00e9e":"2 minutes"},"schema":{"@context":"https:\/\/schema.org","@graph":[{"@type":"WebPage","@id":"https:\/\/jaune.centrereliance.fr\/association\/produit\/marcher-dans-la-montagne-et-avancer-dans-sa-vie-3\/","url":"https:\/\/jaune.centrereliance.fr\/association\/produit\/marcher-dans-la-montagne-et-avancer-dans-sa-vie-3\/","name":"Marcher dans la montagne... et avancer dans sa vie ! - Am\u00e9liorer ses relations et cheminer vers le meilleur de soi","isPartOf":{"@id":"https:\/\/jaune.centrereliance.fr\/association\/#website"},"primaryImageOfPage":{"@id":"https:\/\/jaune.centrereliance.fr\/association\/produit\/marcher-dans-la-montagne-et-avancer-dans-sa-vie-3\/#primaryimage"},"image":{"@id":"https:\/\/jaune.centrereliance.fr\/association\/produit\/marcher-dans-la-montagne-et-avancer-dans-sa-vie-3\/#primaryimage"},"thumbnailUrl":"https:\/\/jaune.centrereliance.fr\/association\/wp-content\/uploads\/sites\/2\/2024\/06\/P1200578-1-e1681823488453-1-1-2.jpg","datePublished":"2023-12-22T14:56:07+00:00","dateModified":"2024-06-18T14:50:46+00:00","breadcrumb":{"@id":"https:\/\/jaune.centrereliance.fr\/association\/produit\/marcher-dans-la-montagne-et-avancer-dans-sa-vie-3\/#breadcrumb"},"inLanguage":"fr-FR","potentialAction":[{"@type":"ReadAction","target":["https:\/\/jaune.centrereliance.fr\/association\/produit\/marcher-dans-la-montagne-et-avancer-dans-sa-vie-3\/"]}]},{"@type":"ImageObject","inLanguage":"fr-FR","@id":"https:\/\/jaune.centrereliance.fr\/association\/produit\/marcher-dans-la-montagne-et-avancer-dans-sa-vie-3\/#primaryimage","url":"https:\/\/jaune.centrereliance.fr\/association\/wp-content\/uploads\/sites\/2\/2024\/06\/P1200578-1-e1681823488453-1-1-2.jpg","contentUrl":"https:\/\/jaune.centrereliance.fr\/association\/wp-content\/uploads\/sites\/2\/2024\/06\/P1200578-1-e1681823488453-1-1-2.jpg","width":627,"height":575},{"@type":"BreadcrumbList","@id":"https:\/\/jaune.centrereliance.fr\/association\/produit\/marcher-dans-la-montagne-et-avancer-dans-sa-vie-3\/#breadcrumb","itemListElement":[{"@type":"ListItem","position":1,"name":"Accueil","item":"https:\/\/jaune.centrereliance.fr\/association\/"},{"@type":"ListItem","position":2,"name":"Catalogue","item":"https:\/\/jaune.centrereliance.fr\/association\/catalogue\/"},{"@type":"ListItem","position":3,"name":"Marcher dans la montagne&#8230; et avancer dans sa vie !"}]},{"@type":"WebSite","@id":"https:\/\/jaune.centrereliance.fr\/association\/#website","url":"https:\/\/jaune.centrereliance.fr\/association\/","name":"Am\u00e9liorer ses relations et cheminer vers le meilleur de soi","description":"Nos actions \u00e0 destination des particuliers","publisher":{"@id":"https:\/\/jaune.centrereliance.fr\/association\/#organization"},"potentialAction":[{"@type":"SearchAction","target":{"@type":"EntryPoint","urlTemplate":"https:\/\/jaune.centrereliance.fr\/association\/?s={search_term_string}"},"query-input":{"@type":"PropertyValueSpecification","valueRequired":true,"valueName":"search_term_string"}}],"inLanguage":"fr-FR"},{"@type":"Organization","@id":"https:\/\/jaune.centrereliance.fr\/association\/#organization","name":"Reliance ASSOCIATION","url":"https:\/\/jaune.centrereliance.fr\/association\/","logo":{"@type":"ImageObject","inLanguage":"fr-FR","@id":"https:\/\/jaune.centrereliance.fr\/association\/#\/schema\/logo\/image\/","url":"https:\/\/jaune.centrereliance.fr\/association\/wp-content\/uploads\/sites\/2\/2016\/10\/Logo-SARL-e1476290643249.jpg","contentUrl":"https:\/\/jaune.centrereliance.fr\/association\/wp-content\/uploads\/sites\/2\/2016\/10\/Logo-SARL-e1476290643249.jpg","width":101,"height":110,"caption":"Reliance ASSOCIATION"},"image":{"@id":"https:\/\/jaune.centrereliance.fr\/association\/#\/schema\/logo\/image\/"},"sameAs":["https:\/\/www.facebook.com\/Reliance-Association-318815031580269\/","https:\/\/www.linkedin.com\/company-beta\/16261855"]}]}},"_links":{"self":[{"href":"https:\/\/jaune.centrereliance.fr\/association\/wp-json\/wp\/v2\/product\/5317","targetHints":{"allow":["GET"]}}],"collection":[{"href":"https:\/\/jaune.centrereliance.fr\/association\/wp-json\/wp\/v2\/product"}],"about":[{"href":"https:\/\/jaune.centrereliance.fr\/association\/wp-json\/wp\/v2\/types\/product"}],"replies":[{"embeddable":true,"href":"https:\/\/jaune.centrereliance.fr\/association\/wp-json\/wp\/v2\/comments?post=5317"}],"wp:featuredmedia":[{"embeddable":true,"href":"https:\/\/jaune.centrereliance.fr\/association\/wp-json\/wp\/v2\/media\/5401"}],"wp:attachment":[{"href":"https:\/\/jaune.centrereliance.fr\/association\/wp-json\/wp\/v2\/media?parent=5317"}],"wp:term":[{"taxonomy":"product_brand","embeddable":true,"href":"https:\/\/jaune.centrereliance.fr\/association\/wp-json\/wp\/v2\/product_brand?post=5317"},{"taxonomy":"product_cat","embeddable":true,"href":"https:\/\/jaune.centrereliance.fr\/association\/wp-json\/wp\/v2\/product_cat?post=5317"},{"taxonomy":"product_tag","embeddable":true,"href":"https:\/\/jaune.centrereliance.fr\/association\/wp-json\/wp\/v2\/product_tag?post=5317"}],"curies":[{"name":"wp","href":"https:\/\/api.w.org\/{rel}","templated":true}]}}