{"id":5326,"date":"2024-01-18T09:40:30","date_gmt":"2024-01-18T08:40:30","guid":{"rendered":"https:\/\/jaune.centrereliance.fr\/association\/?post_type=product&#038;p=5326"},"modified":"2024-01-18T10:27:42","modified_gmt":"2024-01-18T09:27:42","slug":"relation-a-soi-relation-aux-autres-janv-2024-2","status":"publish","type":"product","link":"https:\/\/jaune.centrereliance.fr\/association\/produit\/relation-a-soi-relation-aux-autres-janv-2024-2\/","title":{"rendered":"Relation \u00e0 soi, relation aux autres &#8211; Janv. 2024"},"content":{"rendered":"<p><span style=\"color: #0459b5\">Un stage de 2 jours pour am\u00e9liorer ses relations, d\u00e9velopper estime de soi et confiance en soi !<\/span><\/p>\n<p>&nbsp;<\/p>\n","protected":false},"excerpt":{"rendered":"<p>Un stage de 2 jours pour am\u00e9liorer ses relations, d\u00e9velopper estime de soi et confiance en soi ! &nbsp;<\/p>\n","protected":false},"featured_media":5328,"comment_status":"open","ping_status":"closed","template":"","meta":{"_et_pb_use_builder":"","_et_pb_old_content":"","_et_gb_content_width":""},"product_brand":[],"product_cat":[21],"product_tag":[],"class_list":{"0":"post-5326","1":"product","2":"type-product","3":"status-publish","4":"has-post-thumbnail","6":"product_cat-stages","8":"first","9":"instock","10":"sold-individually","11":"purchasable","12":"product-type-simple"},"yoast_head":"<!-- This site is optimized with the Yoast SEO plugin v25.7 - https:\/\/yoast.com\/wordpress\/plugins\/seo\/ -->\n<title>Relation \u00e0 soi, relation aux autres - Janv. 2024 - Am\u00e9liorer ses relations et cheminer vers le meilleur de soi<\/title>\n<meta name=\"robots\" content=\"noindex, follow, max-snippet:-1, max-image-preview:large, max-video-preview:-1\" \/>\n<meta property=\"og:locale\" content=\"fr_FR\" \/>\n<meta property=\"og:type\" content=\"article\" \/>\n<meta property=\"og:title\" content=\"Relation \u00e0 soi, relation aux autres - Janv. 2024 - Am\u00e9liorer ses relations et cheminer vers le meilleur de soi\" \/>\n<meta property=\"og:description\" content=\"Un stage de 2 jours pour am\u00e9liorer ses relations, d\u00e9velopper estime de soi et confiance en soi ! &nbsp;\" \/>\n<meta property=\"og:url\" content=\"https:\/\/jaune.centrereliance.fr\/association\/produit\/relation-a-soi-relation-aux-autres-janv-2024-2\/\" \/>\n<meta property=\"og:site_name\" content=\"Am\u00e9liorer ses relations et cheminer vers le meilleur de soi\" \/>\n<meta property=\"article:publisher\" content=\"https:\/\/www.facebook.com\/Reliance-Association-318815031580269\/\" \/>\n<meta property=\"article:modified_time\" content=\"2024-01-18T09:27:42+00:00\" \/>\n<meta property=\"og:image\" content=\"https:\/\/jaune.centrereliance.fr\/association\/wp-content\/uploads\/sites\/2\/2024\/01\/Visuel-RSRA-23-24-Copie-1.jpg\" \/>\n\t<meta property=\"og:image:width\" content=\"906\" \/>\n\t<meta property=\"og:image:height\" content=\"768\" \/>\n\t<meta property=\"og:image:type\" content=\"image\/jpeg\" \/>\n<meta name=\"twitter:card\" content=\"summary_large_image\" \/>\n<script type=\"application\/ld+json\" class=\"yoast-schema-graph\">{\"@context\":\"https:\/\/schema.org\",\"@graph\":[{\"@type\":\"WebPage\",\"@id\":\"https:\/\/jaune.centrereliance.fr\/association\/produit\/relation-a-soi-relation-aux-autres-janv-2024-2\/\",\"url\":\"https:\/\/jaune.centrereliance.fr\/association\/produit\/relation-a-soi-relation-aux-autres-janv-2024-2\/\",\"name\":\"Relation \u00e0 soi, relation aux autres - Janv. 2024 - Am\u00e9liorer ses relations et cheminer vers le meilleur de soi\",\"isPartOf\":{\"@id\":\"https:\/\/jaune.centrereliance.fr\/association\/#website\"},\"primaryImageOfPage\":{\"@id\":\"https:\/\/jaune.centrereliance.fr\/association\/produit\/relation-a-soi-relation-aux-autres-janv-2024-2\/#primaryimage\"},\"image\":{\"@id\":\"https:\/\/jaune.centrereliance.fr\/association\/produit\/relation-a-soi-relation-aux-autres-janv-2024-2\/#primaryimage\"},\"thumbnailUrl\":\"https:\/\/jaune.centrereliance.fr\/association\/wp-content\/uploads\/sites\/2\/2024\/01\/Visuel-RSRA-23-24-Copie-1.jpg\",\"datePublished\":\"2024-01-18T08:40:30+00:00\",\"dateModified\":\"2024-01-18T09:27:42+00:00\",\"breadcrumb\":{\"@id\":\"https:\/\/jaune.centrereliance.fr\/association\/produit\/relation-a-soi-relation-aux-autres-janv-2024-2\/#breadcrumb\"},\"inLanguage\":\"fr-FR\",\"potentialAction\":[{\"@type\":\"ReadAction\",\"target\":[\"https:\/\/jaune.centrereliance.fr\/association\/produit\/relation-a-soi-relation-aux-autres-janv-2024-2\/\"]}]},{\"@type\":\"ImageObject\",\"inLanguage\":\"fr-FR\",\"@id\":\"https:\/\/jaune.centrereliance.fr\/association\/produit\/relation-a-soi-relation-aux-autres-janv-2024-2\/#primaryimage\",\"url\":\"https:\/\/jaune.centrereliance.fr\/association\/wp-content\/uploads\/sites\/2\/2024\/01\/Visuel-RSRA-23-24-Copie-1.jpg\",\"contentUrl\":\"https:\/\/jaune.centrereliance.fr\/association\/wp-content\/uploads\/sites\/2\/2024\/01\/Visuel-RSRA-23-24-Copie-1.jpg\",\"width\":906,\"height\":768},{\"@type\":\"BreadcrumbList\",\"@id\":\"https:\/\/jaune.centrereliance.fr\/association\/produit\/relation-a-soi-relation-aux-autres-janv-2024-2\/#breadcrumb\",\"itemListElement\":[{\"@type\":\"ListItem\",\"position\":1,\"name\":\"Accueil\",\"item\":\"https:\/\/jaune.centrereliance.fr\/association\/\"},{\"@type\":\"ListItem\",\"position\":2,\"name\":\"Catalogue\",\"item\":\"https:\/\/jaune.centrereliance.fr\/association\/catalogue\/\"},{\"@type\":\"ListItem\",\"position\":3,\"name\":\"Relation \u00e0 soi, relation aux autres &#8211; Janv. 2024\"}]},{\"@type\":\"WebSite\",\"@id\":\"https:\/\/jaune.centrereliance.fr\/association\/#website\",\"url\":\"https:\/\/jaune.centrereliance.fr\/association\/\",\"name\":\"Am\u00e9liorer ses relations et cheminer vers le meilleur de soi\",\"description\":\"Nos actions \u00e0 destination des particuliers\",\"publisher\":{\"@id\":\"https:\/\/jaune.centrereliance.fr\/association\/#organization\"},\"potentialAction\":[{\"@type\":\"SearchAction\",\"target\":{\"@type\":\"EntryPoint\",\"urlTemplate\":\"https:\/\/jaune.centrereliance.fr\/association\/?s={search_term_string}\"},\"query-input\":{\"@type\":\"PropertyValueSpecification\",\"valueRequired\":true,\"valueName\":\"search_term_string\"}}],\"inLanguage\":\"fr-FR\"},{\"@type\":\"Organization\",\"@id\":\"https:\/\/jaune.centrereliance.fr\/association\/#organization\",\"name\":\"Reliance ASSOCIATION\",\"url\":\"https:\/\/jaune.centrereliance.fr\/association\/\",\"logo\":{\"@type\":\"ImageObject\",\"inLanguage\":\"fr-FR\",\"@id\":\"https:\/\/jaune.centrereliance.fr\/association\/#\/schema\/logo\/image\/\",\"url\":\"https:\/\/jaune.centrereliance.fr\/association\/wp-content\/uploads\/sites\/2\/2016\/10\/Logo-SARL-e1476290643249.jpg\",\"contentUrl\":\"https:\/\/jaune.centrereliance.fr\/association\/wp-content\/uploads\/sites\/2\/2016\/10\/Logo-SARL-e1476290643249.jpg\",\"width\":101,\"height\":110,\"caption\":\"Reliance ASSOCIATION\"},\"image\":{\"@id\":\"https:\/\/jaune.centrereliance.fr\/association\/#\/schema\/logo\/image\/\"},\"sameAs\":[\"https:\/\/www.facebook.com\/Reliance-Association-318815031580269\/\",\"https:\/\/www.linkedin.com\/company-beta\/16261855\"]}]}<\/script>\n<!-- \/ Yoast SEO plugin. -->","yoast_head_json":{"title":"Relation \u00e0 soi, relation aux autres - Janv. 2024 - Am\u00e9liorer ses relations et cheminer vers le meilleur de soi","robots":{"index":"noindex","follow":"follow","max-snippet":"max-snippet:-1","max-image-preview":"max-image-preview:large","max-video-preview":"max-video-preview:-1"},"og_locale":"fr_FR","og_type":"article","og_title":"Relation \u00e0 soi, relation aux autres - Janv. 2024 - Am\u00e9liorer ses relations et cheminer vers le meilleur de soi","og_description":"Un stage de 2 jours pour am\u00e9liorer ses relations, d\u00e9velopper estime de soi et confiance en soi ! &nbsp;","og_url":"https:\/\/jaune.centrereliance.fr\/association\/produit\/relation-a-soi-relation-aux-autres-janv-2024-2\/","og_site_name":"Am\u00e9liorer ses relations et cheminer vers le meilleur de soi","article_publisher":"https:\/\/www.facebook.com\/Reliance-Association-318815031580269\/","article_modified_time":"2024-01-18T09:27:42+00:00","og_image":[{"width":906,"height":768,"url":"https:\/\/jaune.centrereliance.fr\/association\/wp-content\/uploads\/sites\/2\/2024\/01\/Visuel-RSRA-23-24-Copie-1.jpg","type":"image\/jpeg"}],"twitter_card":"summary_large_image","schema":{"@context":"https:\/\/schema.org","@graph":[{"@type":"WebPage","@id":"https:\/\/jaune.centrereliance.fr\/association\/produit\/relation-a-soi-relation-aux-autres-janv-2024-2\/","url":"https:\/\/jaune.centrereliance.fr\/association\/produit\/relation-a-soi-relation-aux-autres-janv-2024-2\/","name":"Relation \u00e0 soi, relation aux autres - Janv. 2024 - Am\u00e9liorer ses relations et cheminer vers le meilleur de soi","isPartOf":{"@id":"https:\/\/jaune.centrereliance.fr\/association\/#website"},"primaryImageOfPage":{"@id":"https:\/\/jaune.centrereliance.fr\/association\/produit\/relation-a-soi-relation-aux-autres-janv-2024-2\/#primaryimage"},"image":{"@id":"https:\/\/jaune.centrereliance.fr\/association\/produit\/relation-a-soi-relation-aux-autres-janv-2024-2\/#primaryimage"},"thumbnailUrl":"https:\/\/jaune.centrereliance.fr\/association\/wp-content\/uploads\/sites\/2\/2024\/01\/Visuel-RSRA-23-24-Copie-1.jpg","datePublished":"2024-01-18T08:40:30+00:00","dateModified":"2024-01-18T09:27:42+00:00","breadcrumb":{"@id":"https:\/\/jaune.centrereliance.fr\/association\/produit\/relation-a-soi-relation-aux-autres-janv-2024-2\/#breadcrumb"},"inLanguage":"fr-FR","potentialAction":[{"@type":"ReadAction","target":["https:\/\/jaune.centrereliance.fr\/association\/produit\/relation-a-soi-relation-aux-autres-janv-2024-2\/"]}]},{"@type":"ImageObject","inLanguage":"fr-FR","@id":"https:\/\/jaune.centrereliance.fr\/association\/produit\/relation-a-soi-relation-aux-autres-janv-2024-2\/#primaryimage","url":"https:\/\/jaune.centrereliance.fr\/association\/wp-content\/uploads\/sites\/2\/2024\/01\/Visuel-RSRA-23-24-Copie-1.jpg","contentUrl":"https:\/\/jaune.centrereliance.fr\/association\/wp-content\/uploads\/sites\/2\/2024\/01\/Visuel-RSRA-23-24-Copie-1.jpg","width":906,"height":768},{"@type":"BreadcrumbList","@id":"https:\/\/jaune.centrereliance.fr\/association\/produit\/relation-a-soi-relation-aux-autres-janv-2024-2\/#breadcrumb","itemListElement":[{"@type":"ListItem","position":1,"name":"Accueil","item":"https:\/\/jaune.centrereliance.fr\/association\/"},{"@type":"ListItem","position":2,"name":"Catalogue","item":"https:\/\/jaune.centrereliance.fr\/association\/catalogue\/"},{"@type":"ListItem","position":3,"name":"Relation \u00e0 soi, relation aux autres &#8211; Janv. 2024"}]},{"@type":"WebSite","@id":"https:\/\/jaune.centrereliance.fr\/association\/#website","url":"https:\/\/jaune.centrereliance.fr\/association\/","name":"Am\u00e9liorer ses relations et cheminer vers le meilleur de soi","description":"Nos actions \u00e0 destination des particuliers","publisher":{"@id":"https:\/\/jaune.centrereliance.fr\/association\/#organization"},"potentialAction":[{"@type":"SearchAction","target":{"@type":"EntryPoint","urlTemplate":"https:\/\/jaune.centrereliance.fr\/association\/?s={search_term_string}"},"query-input":{"@type":"PropertyValueSpecification","valueRequired":true,"valueName":"search_term_string"}}],"inLanguage":"fr-FR"},{"@type":"Organization","@id":"https:\/\/jaune.centrereliance.fr\/association\/#organization","name":"Reliance ASSOCIATION","url":"https:\/\/jaune.centrereliance.fr\/association\/","logo":{"@type":"ImageObject","inLanguage":"fr-FR","@id":"https:\/\/jaune.centrereliance.fr\/association\/#\/schema\/logo\/image\/","url":"https:\/\/jaune.centrereliance.fr\/association\/wp-content\/uploads\/sites\/2\/2016\/10\/Logo-SARL-e1476290643249.jpg","contentUrl":"https:\/\/jaune.centrereliance.fr\/association\/wp-content\/uploads\/sites\/2\/2016\/10\/Logo-SARL-e1476290643249.jpg","width":101,"height":110,"caption":"Reliance ASSOCIATION"},"image":{"@id":"https:\/\/jaune.centrereliance.fr\/association\/#\/schema\/logo\/image\/"},"sameAs":["https:\/\/www.facebook.com\/Reliance-Association-318815031580269\/","https:\/\/www.linkedin.com\/company-beta\/16261855"]}]}},"_links":{"self":[{"href":"https:\/\/jaune.centrereliance.fr\/association\/wp-json\/wp\/v2\/product\/5326","targetHints":{"allow":["GET"]}}],"collection":[{"href":"https:\/\/jaune.centrereliance.fr\/association\/wp-json\/wp\/v2\/product"}],"about":[{"href":"https:\/\/jaune.centrereliance.fr\/association\/wp-json\/wp\/v2\/types\/product"}],"replies":[{"embeddable":true,"href":"https:\/\/jaune.centrereliance.fr\/association\/wp-json\/wp\/v2\/comments?post=5326"}],"wp:featuredmedia":[{"embeddable":true,"href":"https:\/\/jaune.centrereliance.fr\/association\/wp-json\/wp\/v2\/media\/5328"}],"wp:attachment":[{"href":"https:\/\/jaune.centrereliance.fr\/association\/wp-json\/wp\/v2\/media?parent=5326"}],"wp:term":[{"taxonomy":"product_brand","embeddable":true,"href":"https:\/\/jaune.centrereliance.fr\/association\/wp-json\/wp\/v2\/product_brand?post=5326"},{"taxonomy":"product_cat","embeddable":true,"href":"https:\/\/jaune.centrereliance.fr\/association\/wp-json\/wp\/v2\/product_cat?post=5326"},{"taxonomy":"product_tag","embeddable":true,"href":"https:\/\/jaune.centrereliance.fr\/association\/wp-json\/wp\/v2\/product_tag?post=5326"}],"curies":[{"name":"wp","href":"https:\/\/api.w.org\/{rel}","templated":true}]}}