{"id":5419,"date":"2024-07-21T19:32:58","date_gmt":"2024-07-21T17:32:58","guid":{"rendered":"https:\/\/jaune.centrereliance.fr\/association\/?post_type=product&#038;p=5419"},"modified":"2025-01-21T18:10:53","modified_gmt":"2025-01-21T17:10:53","slug":"mais-quest-ce-quon-a-a-se-dire-des-cles-pour-nourrir-la-relation-a-lautre-3","status":"publish","type":"product","link":"https:\/\/jaune.centrereliance.fr\/association\/produit\/mais-quest-ce-quon-a-a-se-dire-des-cles-pour-nourrir-la-relation-a-lautre-3\/","title":{"rendered":"Mais qu\u2019est-ce qu\u2019on a \u00e0 se dire ? Des cl\u00e9s pour nourrir la relation \u00e0 l\u2019autre"},"content":{"rendered":"<p><span style=\"color: #0554b5\">SESSION ACCESSIBLE EN VISIOCONFERENCE<\/span><\/p>\n<p>Parce que les relations vivantes et authentiques se nourrissent des personnes en pr\u00e9sence, nous pr\u00e9f\u00e9rons vous accueillir \u00e0 Reliance.<\/p>\n<p>Comme la distance peut \u00eatre un obstacle pour participer \u00e0 nos activit\u00e9s, nous proposons \u00e0 titre d&rsquo;essai cette session en visioconf\u00e9rence.<\/p>\n<p>Si vous faites ce choix, <strong>merci de l\u2019indiquer<\/strong>\u00a0dans la zone \u00ab\u00a0Informations compl\u00e9mentaires, notes de commandes\u00a0\u00bb, sur la page de commande.<\/p>\n<p>Un lien de connexion vous sera envoy\u00e9 par mail 15 minutes avant la session.<\/p>\n","protected":false},"excerpt":{"rendered":"<p>SESSION ACCESSIBLE EN VISIOCONFERENCE Parce que les relations vivantes et authentiques se nourrissent des personnes en pr\u00e9sence, nous pr\u00e9f\u00e9rons vous accueillir \u00e0 Reliance. Comme la distance peut \u00eatre un obstacle pour participer \u00e0 nos activit\u00e9s, nous proposons \u00e0 titre d&rsquo;essai cette session en visioconf\u00e9rence. Si vous faites ce choix, merci de l\u2019indiquer\u00a0dans la zone \u00ab\u00a0Informations [&hellip;]<\/p>\n","protected":false},"featured_media":5477,"comment_status":"open","ping_status":"closed","template":"","meta":{"_et_pb_use_builder":"","_et_pb_old_content":"","_et_gb_content_width":""},"product_brand":[],"product_cat":[26],"product_tag":[],"class_list":{"0":"post-5419","1":"product","2":"type-product","3":"status-publish","4":"has-post-thumbnail","6":"product_cat-cours-du-soir","8":"first","9":"outofstock","10":"sold-individually","11":"purchasable","12":"product-type-simple"},"yoast_head":"<!-- This site is optimized with the Yoast SEO plugin v25.7 - https:\/\/yoast.com\/wordpress\/plugins\/seo\/ -->\n<title>Mais qu\u2019est-ce qu\u2019on a \u00e0 se dire ? Des cl\u00e9s pour nourrir la relation \u00e0 l\u2019autre - Am\u00e9liorer ses relations et cheminer vers le meilleur de soi<\/title>\n<meta name=\"robots\" content=\"noindex, follow, max-snippet:-1, max-image-preview:large, max-video-preview:-1\" \/>\n<meta property=\"og:locale\" content=\"fr_FR\" \/>\n<meta property=\"og:type\" content=\"article\" \/>\n<meta property=\"og:title\" content=\"Mais qu\u2019est-ce qu\u2019on a \u00e0 se dire ? Des cl\u00e9s pour nourrir la relation \u00e0 l\u2019autre - Am\u00e9liorer ses relations et cheminer vers le meilleur de soi\" \/>\n<meta property=\"og:description\" content=\"SESSION ACCESSIBLE EN VISIOCONFERENCE Parce que les relations vivantes et authentiques se nourrissent des personnes en pr\u00e9sence, nous pr\u00e9f\u00e9rons vous accueillir \u00e0 Reliance. Comme la distance peut \u00eatre un obstacle pour participer \u00e0 nos activit\u00e9s, nous proposons \u00e0 titre d&rsquo;essai cette session en visioconf\u00e9rence. Si vous faites ce choix, merci de l\u2019indiquer\u00a0dans la zone \u00ab\u00a0Informations [&hellip;]\" \/>\n<meta property=\"og:url\" content=\"https:\/\/jaune.centrereliance.fr\/association\/produit\/mais-quest-ce-quon-a-a-se-dire-des-cles-pour-nourrir-la-relation-a-lautre-3\/\" \/>\n<meta property=\"og:site_name\" content=\"Am\u00e9liorer ses relations et cheminer vers le meilleur de soi\" \/>\n<meta property=\"article:publisher\" content=\"https:\/\/www.facebook.com\/Reliance-Association-318815031580269\/\" \/>\n<meta property=\"article:modified_time\" content=\"2025-01-21T17:10:53+00:00\" \/>\n<meta property=\"og:image\" content=\"https:\/\/jaune.centrereliance.fr\/association\/wp-content\/uploads\/sites\/2\/2025\/01\/E10L-5-1.jpg\" \/>\n\t<meta property=\"og:image:width\" content=\"1748\" \/>\n\t<meta property=\"og:image:height\" content=\"1240\" \/>\n\t<meta property=\"og:image:type\" content=\"image\/jpeg\" \/>\n<meta name=\"twitter:card\" content=\"summary_large_image\" \/>\n<script type=\"application\/ld+json\" class=\"yoast-schema-graph\">{\"@context\":\"https:\/\/schema.org\",\"@graph\":[{\"@type\":\"WebPage\",\"@id\":\"https:\/\/jaune.centrereliance.fr\/association\/produit\/mais-quest-ce-quon-a-a-se-dire-des-cles-pour-nourrir-la-relation-a-lautre-3\/\",\"url\":\"https:\/\/jaune.centrereliance.fr\/association\/produit\/mais-quest-ce-quon-a-a-se-dire-des-cles-pour-nourrir-la-relation-a-lautre-3\/\",\"name\":\"Mais qu\u2019est-ce qu\u2019on a \u00e0 se dire ? Des cl\u00e9s pour nourrir la relation \u00e0 l\u2019autre - Am\u00e9liorer ses relations et cheminer vers le meilleur de soi\",\"isPartOf\":{\"@id\":\"https:\/\/jaune.centrereliance.fr\/association\/#website\"},\"primaryImageOfPage\":{\"@id\":\"https:\/\/jaune.centrereliance.fr\/association\/produit\/mais-quest-ce-quon-a-a-se-dire-des-cles-pour-nourrir-la-relation-a-lautre-3\/#primaryimage\"},\"image\":{\"@id\":\"https:\/\/jaune.centrereliance.fr\/association\/produit\/mais-quest-ce-quon-a-a-se-dire-des-cles-pour-nourrir-la-relation-a-lautre-3\/#primaryimage\"},\"thumbnailUrl\":\"https:\/\/jaune.centrereliance.fr\/association\/wp-content\/uploads\/sites\/2\/2025\/01\/E10L-5-1.jpg\",\"datePublished\":\"2024-07-21T17:32:58+00:00\",\"dateModified\":\"2025-01-21T17:10:53+00:00\",\"breadcrumb\":{\"@id\":\"https:\/\/jaune.centrereliance.fr\/association\/produit\/mais-quest-ce-quon-a-a-se-dire-des-cles-pour-nourrir-la-relation-a-lautre-3\/#breadcrumb\"},\"inLanguage\":\"fr-FR\",\"potentialAction\":[{\"@type\":\"ReadAction\",\"target\":[\"https:\/\/jaune.centrereliance.fr\/association\/produit\/mais-quest-ce-quon-a-a-se-dire-des-cles-pour-nourrir-la-relation-a-lautre-3\/\"]}]},{\"@type\":\"ImageObject\",\"inLanguage\":\"fr-FR\",\"@id\":\"https:\/\/jaune.centrereliance.fr\/association\/produit\/mais-quest-ce-quon-a-a-se-dire-des-cles-pour-nourrir-la-relation-a-lautre-3\/#primaryimage\",\"url\":\"https:\/\/jaune.centrereliance.fr\/association\/wp-content\/uploads\/sites\/2\/2025\/01\/E10L-5-1.jpg\",\"contentUrl\":\"https:\/\/jaune.centrereliance.fr\/association\/wp-content\/uploads\/sites\/2\/2025\/01\/E10L-5-1.jpg\",\"width\":1748,\"height\":1240},{\"@type\":\"BreadcrumbList\",\"@id\":\"https:\/\/jaune.centrereliance.fr\/association\/produit\/mais-quest-ce-quon-a-a-se-dire-des-cles-pour-nourrir-la-relation-a-lautre-3\/#breadcrumb\",\"itemListElement\":[{\"@type\":\"ListItem\",\"position\":1,\"name\":\"Accueil\",\"item\":\"https:\/\/jaune.centrereliance.fr\/association\/\"},{\"@type\":\"ListItem\",\"position\":2,\"name\":\"Catalogue\",\"item\":\"https:\/\/jaune.centrereliance.fr\/association\/catalogue\/\"},{\"@type\":\"ListItem\",\"position\":3,\"name\":\"Mais qu\u2019est-ce qu\u2019on a \u00e0 se dire ? Des cl\u00e9s pour nourrir la relation \u00e0 l\u2019autre\"}]},{\"@type\":\"WebSite\",\"@id\":\"https:\/\/jaune.centrereliance.fr\/association\/#website\",\"url\":\"https:\/\/jaune.centrereliance.fr\/association\/\",\"name\":\"Am\u00e9liorer ses relations et cheminer vers le meilleur de soi\",\"description\":\"Nos actions \u00e0 destination des particuliers\",\"publisher\":{\"@id\":\"https:\/\/jaune.centrereliance.fr\/association\/#organization\"},\"potentialAction\":[{\"@type\":\"SearchAction\",\"target\":{\"@type\":\"EntryPoint\",\"urlTemplate\":\"https:\/\/jaune.centrereliance.fr\/association\/?s={search_term_string}\"},\"query-input\":{\"@type\":\"PropertyValueSpecification\",\"valueRequired\":true,\"valueName\":\"search_term_string\"}}],\"inLanguage\":\"fr-FR\"},{\"@type\":\"Organization\",\"@id\":\"https:\/\/jaune.centrereliance.fr\/association\/#organization\",\"name\":\"Reliance ASSOCIATION\",\"url\":\"https:\/\/jaune.centrereliance.fr\/association\/\",\"logo\":{\"@type\":\"ImageObject\",\"inLanguage\":\"fr-FR\",\"@id\":\"https:\/\/jaune.centrereliance.fr\/association\/#\/schema\/logo\/image\/\",\"url\":\"https:\/\/jaune.centrereliance.fr\/association\/wp-content\/uploads\/sites\/2\/2016\/10\/Logo-SARL-e1476290643249.jpg\",\"contentUrl\":\"https:\/\/jaune.centrereliance.fr\/association\/wp-content\/uploads\/sites\/2\/2016\/10\/Logo-SARL-e1476290643249.jpg\",\"width\":101,\"height\":110,\"caption\":\"Reliance ASSOCIATION\"},\"image\":{\"@id\":\"https:\/\/jaune.centrereliance.fr\/association\/#\/schema\/logo\/image\/\"},\"sameAs\":[\"https:\/\/www.facebook.com\/Reliance-Association-318815031580269\/\",\"https:\/\/www.linkedin.com\/company-beta\/16261855\"]}]}<\/script>\n<!-- \/ Yoast SEO plugin. -->","yoast_head_json":{"title":"Mais qu\u2019est-ce qu\u2019on a \u00e0 se dire ? Des cl\u00e9s pour nourrir la relation \u00e0 l\u2019autre - Am\u00e9liorer ses relations et cheminer vers le meilleur de soi","robots":{"index":"noindex","follow":"follow","max-snippet":"max-snippet:-1","max-image-preview":"max-image-preview:large","max-video-preview":"max-video-preview:-1"},"og_locale":"fr_FR","og_type":"article","og_title":"Mais qu\u2019est-ce qu\u2019on a \u00e0 se dire ? Des cl\u00e9s pour nourrir la relation \u00e0 l\u2019autre - Am\u00e9liorer ses relations et cheminer vers le meilleur de soi","og_description":"SESSION ACCESSIBLE EN VISIOCONFERENCE Parce que les relations vivantes et authentiques se nourrissent des personnes en pr\u00e9sence, nous pr\u00e9f\u00e9rons vous accueillir \u00e0 Reliance. Comme la distance peut \u00eatre un obstacle pour participer \u00e0 nos activit\u00e9s, nous proposons \u00e0 titre d&rsquo;essai cette session en visioconf\u00e9rence. Si vous faites ce choix, merci de l\u2019indiquer\u00a0dans la zone \u00ab\u00a0Informations [&hellip;]","og_url":"https:\/\/jaune.centrereliance.fr\/association\/produit\/mais-quest-ce-quon-a-a-se-dire-des-cles-pour-nourrir-la-relation-a-lautre-3\/","og_site_name":"Am\u00e9liorer ses relations et cheminer vers le meilleur de soi","article_publisher":"https:\/\/www.facebook.com\/Reliance-Association-318815031580269\/","article_modified_time":"2025-01-21T17:10:53+00:00","og_image":[{"width":1748,"height":1240,"url":"https:\/\/jaune.centrereliance.fr\/association\/wp-content\/uploads\/sites\/2\/2025\/01\/E10L-5-1.jpg","type":"image\/jpeg"}],"twitter_card":"summary_large_image","schema":{"@context":"https:\/\/schema.org","@graph":[{"@type":"WebPage","@id":"https:\/\/jaune.centrereliance.fr\/association\/produit\/mais-quest-ce-quon-a-a-se-dire-des-cles-pour-nourrir-la-relation-a-lautre-3\/","url":"https:\/\/jaune.centrereliance.fr\/association\/produit\/mais-quest-ce-quon-a-a-se-dire-des-cles-pour-nourrir-la-relation-a-lautre-3\/","name":"Mais qu\u2019est-ce qu\u2019on a \u00e0 se dire ? Des cl\u00e9s pour nourrir la relation \u00e0 l\u2019autre - Am\u00e9liorer ses relations et cheminer vers le meilleur de soi","isPartOf":{"@id":"https:\/\/jaune.centrereliance.fr\/association\/#website"},"primaryImageOfPage":{"@id":"https:\/\/jaune.centrereliance.fr\/association\/produit\/mais-quest-ce-quon-a-a-se-dire-des-cles-pour-nourrir-la-relation-a-lautre-3\/#primaryimage"},"image":{"@id":"https:\/\/jaune.centrereliance.fr\/association\/produit\/mais-quest-ce-quon-a-a-se-dire-des-cles-pour-nourrir-la-relation-a-lautre-3\/#primaryimage"},"thumbnailUrl":"https:\/\/jaune.centrereliance.fr\/association\/wp-content\/uploads\/sites\/2\/2025\/01\/E10L-5-1.jpg","datePublished":"2024-07-21T17:32:58+00:00","dateModified":"2025-01-21T17:10:53+00:00","breadcrumb":{"@id":"https:\/\/jaune.centrereliance.fr\/association\/produit\/mais-quest-ce-quon-a-a-se-dire-des-cles-pour-nourrir-la-relation-a-lautre-3\/#breadcrumb"},"inLanguage":"fr-FR","potentialAction":[{"@type":"ReadAction","target":["https:\/\/jaune.centrereliance.fr\/association\/produit\/mais-quest-ce-quon-a-a-se-dire-des-cles-pour-nourrir-la-relation-a-lautre-3\/"]}]},{"@type":"ImageObject","inLanguage":"fr-FR","@id":"https:\/\/jaune.centrereliance.fr\/association\/produit\/mais-quest-ce-quon-a-a-se-dire-des-cles-pour-nourrir-la-relation-a-lautre-3\/#primaryimage","url":"https:\/\/jaune.centrereliance.fr\/association\/wp-content\/uploads\/sites\/2\/2025\/01\/E10L-5-1.jpg","contentUrl":"https:\/\/jaune.centrereliance.fr\/association\/wp-content\/uploads\/sites\/2\/2025\/01\/E10L-5-1.jpg","width":1748,"height":1240},{"@type":"BreadcrumbList","@id":"https:\/\/jaune.centrereliance.fr\/association\/produit\/mais-quest-ce-quon-a-a-se-dire-des-cles-pour-nourrir-la-relation-a-lautre-3\/#breadcrumb","itemListElement":[{"@type":"ListItem","position":1,"name":"Accueil","item":"https:\/\/jaune.centrereliance.fr\/association\/"},{"@type":"ListItem","position":2,"name":"Catalogue","item":"https:\/\/jaune.centrereliance.fr\/association\/catalogue\/"},{"@type":"ListItem","position":3,"name":"Mais qu\u2019est-ce qu\u2019on a \u00e0 se dire ? Des cl\u00e9s pour nourrir la relation \u00e0 l\u2019autre"}]},{"@type":"WebSite","@id":"https:\/\/jaune.centrereliance.fr\/association\/#website","url":"https:\/\/jaune.centrereliance.fr\/association\/","name":"Am\u00e9liorer ses relations et cheminer vers le meilleur de soi","description":"Nos actions \u00e0 destination des particuliers","publisher":{"@id":"https:\/\/jaune.centrereliance.fr\/association\/#organization"},"potentialAction":[{"@type":"SearchAction","target":{"@type":"EntryPoint","urlTemplate":"https:\/\/jaune.centrereliance.fr\/association\/?s={search_term_string}"},"query-input":{"@type":"PropertyValueSpecification","valueRequired":true,"valueName":"search_term_string"}}],"inLanguage":"fr-FR"},{"@type":"Organization","@id":"https:\/\/jaune.centrereliance.fr\/association\/#organization","name":"Reliance ASSOCIATION","url":"https:\/\/jaune.centrereliance.fr\/association\/","logo":{"@type":"ImageObject","inLanguage":"fr-FR","@id":"https:\/\/jaune.centrereliance.fr\/association\/#\/schema\/logo\/image\/","url":"https:\/\/jaune.centrereliance.fr\/association\/wp-content\/uploads\/sites\/2\/2016\/10\/Logo-SARL-e1476290643249.jpg","contentUrl":"https:\/\/jaune.centrereliance.fr\/association\/wp-content\/uploads\/sites\/2\/2016\/10\/Logo-SARL-e1476290643249.jpg","width":101,"height":110,"caption":"Reliance ASSOCIATION"},"image":{"@id":"https:\/\/jaune.centrereliance.fr\/association\/#\/schema\/logo\/image\/"},"sameAs":["https:\/\/www.facebook.com\/Reliance-Association-318815031580269\/","https:\/\/www.linkedin.com\/company-beta\/16261855"]}]}},"_links":{"self":[{"href":"https:\/\/jaune.centrereliance.fr\/association\/wp-json\/wp\/v2\/product\/5419","targetHints":{"allow":["GET"]}}],"collection":[{"href":"https:\/\/jaune.centrereliance.fr\/association\/wp-json\/wp\/v2\/product"}],"about":[{"href":"https:\/\/jaune.centrereliance.fr\/association\/wp-json\/wp\/v2\/types\/product"}],"replies":[{"embeddable":true,"href":"https:\/\/jaune.centrereliance.fr\/association\/wp-json\/wp\/v2\/comments?post=5419"}],"wp:featuredmedia":[{"embeddable":true,"href":"https:\/\/jaune.centrereliance.fr\/association\/wp-json\/wp\/v2\/media\/5477"}],"wp:attachment":[{"href":"https:\/\/jaune.centrereliance.fr\/association\/wp-json\/wp\/v2\/media?parent=5419"}],"wp:term":[{"taxonomy":"product_brand","embeddable":true,"href":"https:\/\/jaune.centrereliance.fr\/association\/wp-json\/wp\/v2\/product_brand?post=5419"},{"taxonomy":"product_cat","embeddable":true,"href":"https:\/\/jaune.centrereliance.fr\/association\/wp-json\/wp\/v2\/product_cat?post=5419"},{"taxonomy":"product_tag","embeddable":true,"href":"https:\/\/jaune.centrereliance.fr\/association\/wp-json\/wp\/v2\/product_tag?post=5419"}],"curies":[{"name":"wp","href":"https:\/\/api.w.org\/{rel}","templated":true}]}}