{"id":5469,"date":"2024-12-13T16:59:31","date_gmt":"2024-12-13T15:59:31","guid":{"rendered":"https:\/\/jaune.centrereliance.fr\/association\/?post_type=product&#038;p=5469"},"modified":"2025-09-08T10:12:21","modified_gmt":"2025-09-08T08:12:21","slug":"atelier-savoir-etre-et-savoir-faire-avec-nos-enfants","status":"publish","type":"product","link":"https:\/\/jaune.centrereliance.fr\/association\/produit\/atelier-savoir-etre-et-savoir-faire-avec-nos-enfants\/","title":{"rendered":"Accompagner nos enfants avec bienveillance et fermet\u00e9"},"content":{"rendered":"<p>Parce que le m\u00e9tier de parent ne s\u2019enseigne pas,<\/p>\n<p>Parce que les comportements des enfants nous questionnent et parfois nous inqui\u00e8tent voire nous d\u00e9stabilisent,<\/p>\n<p>Parce que leurs \u00e9motions peuvent venir r\u00e9veiller les n\u00f4tres,<\/p>\n<p>Parce qu\u2019en d\u00e9pit de notre bonne volont\u00e9 et de l\u2019amour que nous leur portons, il arrive que nous passions du relationnel au r\u00e9actionnel\u2026 nous sommes en difficult\u00e9 pour les accompagner au mieux.<\/p>\n<p>Au cours de cet atelier en petit groupe (6 personnes maximum) et \u00e0 partir de vos situations concr\u00e8tes, des <span style=\"color: #0554b5\">\u00e9clairages, des rep\u00e8res et outils pratiques<\/span> seront propos\u00e9s, vous permettant ainsi d\u2019\u00e9voluer vers une <span style=\"color: #0554b5\">attitude ferme et bienveillante<\/span>, dans le <span style=\"color: #0554b5\">juste \u00e9quilibre<\/span> entre <span style=\"color: #0554b5\">l\u2019\u00e9coute des enfants<\/span> et le <span style=\"color: #0554b5\">respect d\u2019un cadre structurant<\/span>.<\/p>\n<p><span style=\"color: #ff6600\">BONUS : chacun\u00b7e repartira avec un livret r\u00e9capitulatif des essentiels \u00e0 conna\u00eetre et mettre en pratique pour un quotidien plus serein et chaleureux en famille ! <\/span><img decoding=\"async\" class=\"an1 alignnone lazyload\" data-src=\"https:\/\/fonts.gstatic.com\/s\/e\/notoemoji\/16.0\/2600_fe0f\/32.png\" alt=\"??\" width=\"16\" height=\"16\" data-emoji=\"??\" aria-label=\"??\" src=\"data:image\/svg+xml;base64,PHN2ZyB3aWR0aD0iMSIgaGVpZ2h0PSIxIiB4bWxucz0iaHR0cDovL3d3dy53My5vcmcvMjAwMC9zdmciPjwvc3ZnPg==\" style=\"--smush-placeholder-width: 16px; --smush-placeholder-aspect-ratio: 16\/16;\" \/><\/p>\n","protected":false},"excerpt":{"rendered":"<p>Parce que le m\u00e9tier de parent ne s\u2019enseigne pas, Parce que les comportements des enfants nous questionnent et parfois nous inqui\u00e8tent voire nous d\u00e9stabilisent, Parce que leurs \u00e9motions peuvent venir r\u00e9veiller les n\u00f4tres, Parce qu\u2019en d\u00e9pit de notre bonne volont\u00e9 et de l\u2019amour que nous leur portons, il arrive que nous passions du relationnel au [&hellip;]<\/p>\n","protected":false},"featured_media":5517,"comment_status":"open","ping_status":"closed","template":"","meta":{"_et_pb_use_builder":"","_et_pb_old_content":"","_et_gb_content_width":""},"product_brand":[],"product_cat":[136,160],"product_tag":[],"class_list":{"0":"post-5469","1":"product","2":"type-product","3":"status-publish","4":"has-post-thumbnail","6":"product_cat-atelier-matinees","7":"product_cat-par-matinees-initiation","9":"first","10":"instock","11":"sold-individually","12":"purchasable","13":"product-type-simple"},"yoast_head":"<!-- This site is optimized with the Yoast SEO plugin v25.7 - https:\/\/yoast.com\/wordpress\/plugins\/seo\/ -->\n<title>Accompagner nos enfants avec bienveillance et fermet\u00e9 - Am\u00e9liorer ses relations et cheminer vers le meilleur de soi<\/title>\n<meta name=\"robots\" content=\"noindex, follow, max-snippet:-1, max-image-preview:large, max-video-preview:-1\" \/>\n<meta property=\"og:locale\" content=\"fr_FR\" \/>\n<meta property=\"og:type\" content=\"article\" \/>\n<meta property=\"og:title\" content=\"Accompagner nos enfants avec bienveillance et fermet\u00e9 - Am\u00e9liorer ses relations et cheminer vers le meilleur de soi\" \/>\n<meta property=\"og:description\" content=\"Parce que le m\u00e9tier de parent ne s\u2019enseigne pas, Parce que les comportements des enfants nous questionnent et parfois nous inqui\u00e8tent voire nous d\u00e9stabilisent, Parce que leurs \u00e9motions peuvent venir r\u00e9veiller les n\u00f4tres, Parce qu\u2019en d\u00e9pit de notre bonne volont\u00e9 et de l\u2019amour que nous leur portons, il arrive que nous passions du relationnel au [&hellip;]\" \/>\n<meta property=\"og:url\" content=\"https:\/\/jaune.centrereliance.fr\/association\/produit\/atelier-savoir-etre-et-savoir-faire-avec-nos-enfants\/\" \/>\n<meta property=\"og:site_name\" content=\"Am\u00e9liorer ses relations et cheminer vers le meilleur de soi\" \/>\n<meta property=\"article:publisher\" content=\"https:\/\/www.facebook.com\/Reliance-Association-318815031580269\/\" \/>\n<meta property=\"article:modified_time\" content=\"2025-09-08T08:12:21+00:00\" \/>\n<meta property=\"og:image\" content=\"https:\/\/jaune.centrereliance.fr\/association\/wp-content\/uploads\/sites\/2\/2025\/03\/Atelier-Parents-e1740925050995-1.jpg\" \/>\n\t<meta property=\"og:image:width\" content=\"1004\" \/>\n\t<meta property=\"og:image:height\" content=\"707\" \/>\n\t<meta property=\"og:image:type\" content=\"image\/jpeg\" \/>\n<meta name=\"twitter:card\" content=\"summary_large_image\" \/>\n<meta name=\"twitter:label1\" content=\"Dur\u00e9e de lecture estim\u00e9e\" \/>\n\t<meta name=\"twitter:data1\" content=\"1 minute\" \/>\n<script type=\"application\/ld+json\" class=\"yoast-schema-graph\">{\"@context\":\"https:\/\/schema.org\",\"@graph\":[{\"@type\":\"WebPage\",\"@id\":\"https:\/\/jaune.centrereliance.fr\/association\/produit\/atelier-savoir-etre-et-savoir-faire-avec-nos-enfants\/\",\"url\":\"https:\/\/jaune.centrereliance.fr\/association\/produit\/atelier-savoir-etre-et-savoir-faire-avec-nos-enfants\/\",\"name\":\"Accompagner nos enfants avec bienveillance et fermet\u00e9 - Am\u00e9liorer ses relations et cheminer vers le meilleur de soi\",\"isPartOf\":{\"@id\":\"https:\/\/jaune.centrereliance.fr\/association\/#website\"},\"primaryImageOfPage\":{\"@id\":\"https:\/\/jaune.centrereliance.fr\/association\/produit\/atelier-savoir-etre-et-savoir-faire-avec-nos-enfants\/#primaryimage\"},\"image\":{\"@id\":\"https:\/\/jaune.centrereliance.fr\/association\/produit\/atelier-savoir-etre-et-savoir-faire-avec-nos-enfants\/#primaryimage\"},\"thumbnailUrl\":\"https:\/\/jaune.centrereliance.fr\/association\/wp-content\/uploads\/sites\/2\/2025\/03\/Atelier-Parents-e1740925050995-1.jpg\",\"datePublished\":\"2024-12-13T15:59:31+00:00\",\"dateModified\":\"2025-09-08T08:12:21+00:00\",\"breadcrumb\":{\"@id\":\"https:\/\/jaune.centrereliance.fr\/association\/produit\/atelier-savoir-etre-et-savoir-faire-avec-nos-enfants\/#breadcrumb\"},\"inLanguage\":\"fr-FR\",\"potentialAction\":[{\"@type\":\"ReadAction\",\"target\":[\"https:\/\/jaune.centrereliance.fr\/association\/produit\/atelier-savoir-etre-et-savoir-faire-avec-nos-enfants\/\"]}]},{\"@type\":\"ImageObject\",\"inLanguage\":\"fr-FR\",\"@id\":\"https:\/\/jaune.centrereliance.fr\/association\/produit\/atelier-savoir-etre-et-savoir-faire-avec-nos-enfants\/#primaryimage\",\"url\":\"https:\/\/jaune.centrereliance.fr\/association\/wp-content\/uploads\/sites\/2\/2025\/03\/Atelier-Parents-e1740925050995-1.jpg\",\"contentUrl\":\"https:\/\/jaune.centrereliance.fr\/association\/wp-content\/uploads\/sites\/2\/2025\/03\/Atelier-Parents-e1740925050995-1.jpg\",\"width\":1004,\"height\":707},{\"@type\":\"BreadcrumbList\",\"@id\":\"https:\/\/jaune.centrereliance.fr\/association\/produit\/atelier-savoir-etre-et-savoir-faire-avec-nos-enfants\/#breadcrumb\",\"itemListElement\":[{\"@type\":\"ListItem\",\"position\":1,\"name\":\"Accueil\",\"item\":\"https:\/\/jaune.centrereliance.fr\/association\/\"},{\"@type\":\"ListItem\",\"position\":2,\"name\":\"Catalogue\",\"item\":\"https:\/\/jaune.centrereliance.fr\/association\/catalogue\/\"},{\"@type\":\"ListItem\",\"position\":3,\"name\":\"Accompagner nos enfants avec bienveillance et fermet\u00e9\"}]},{\"@type\":\"WebSite\",\"@id\":\"https:\/\/jaune.centrereliance.fr\/association\/#website\",\"url\":\"https:\/\/jaune.centrereliance.fr\/association\/\",\"name\":\"Am\u00e9liorer ses relations et cheminer vers le meilleur de soi\",\"description\":\"Nos actions \u00e0 destination des particuliers\",\"publisher\":{\"@id\":\"https:\/\/jaune.centrereliance.fr\/association\/#organization\"},\"potentialAction\":[{\"@type\":\"SearchAction\",\"target\":{\"@type\":\"EntryPoint\",\"urlTemplate\":\"https:\/\/jaune.centrereliance.fr\/association\/?s={search_term_string}\"},\"query-input\":{\"@type\":\"PropertyValueSpecification\",\"valueRequired\":true,\"valueName\":\"search_term_string\"}}],\"inLanguage\":\"fr-FR\"},{\"@type\":\"Organization\",\"@id\":\"https:\/\/jaune.centrereliance.fr\/association\/#organization\",\"name\":\"Reliance ASSOCIATION\",\"url\":\"https:\/\/jaune.centrereliance.fr\/association\/\",\"logo\":{\"@type\":\"ImageObject\",\"inLanguage\":\"fr-FR\",\"@id\":\"https:\/\/jaune.centrereliance.fr\/association\/#\/schema\/logo\/image\/\",\"url\":\"https:\/\/jaune.centrereliance.fr\/association\/wp-content\/uploads\/sites\/2\/2016\/10\/Logo-SARL-e1476290643249.jpg\",\"contentUrl\":\"https:\/\/jaune.centrereliance.fr\/association\/wp-content\/uploads\/sites\/2\/2016\/10\/Logo-SARL-e1476290643249.jpg\",\"width\":101,\"height\":110,\"caption\":\"Reliance ASSOCIATION\"},\"image\":{\"@id\":\"https:\/\/jaune.centrereliance.fr\/association\/#\/schema\/logo\/image\/\"},\"sameAs\":[\"https:\/\/www.facebook.com\/Reliance-Association-318815031580269\/\",\"https:\/\/www.linkedin.com\/company-beta\/16261855\"]}]}<\/script>\n<!-- \/ Yoast SEO plugin. -->","yoast_head_json":{"title":"Accompagner nos enfants avec bienveillance et fermet\u00e9 - Am\u00e9liorer ses relations et cheminer vers le meilleur de soi","robots":{"index":"noindex","follow":"follow","max-snippet":"max-snippet:-1","max-image-preview":"max-image-preview:large","max-video-preview":"max-video-preview:-1"},"og_locale":"fr_FR","og_type":"article","og_title":"Accompagner nos enfants avec bienveillance et fermet\u00e9 - Am\u00e9liorer ses relations et cheminer vers le meilleur de soi","og_description":"Parce que le m\u00e9tier de parent ne s\u2019enseigne pas, Parce que les comportements des enfants nous questionnent et parfois nous inqui\u00e8tent voire nous d\u00e9stabilisent, Parce que leurs \u00e9motions peuvent venir r\u00e9veiller les n\u00f4tres, Parce qu\u2019en d\u00e9pit de notre bonne volont\u00e9 et de l\u2019amour que nous leur portons, il arrive que nous passions du relationnel au [&hellip;]","og_url":"https:\/\/jaune.centrereliance.fr\/association\/produit\/atelier-savoir-etre-et-savoir-faire-avec-nos-enfants\/","og_site_name":"Am\u00e9liorer ses relations et cheminer vers le meilleur de soi","article_publisher":"https:\/\/www.facebook.com\/Reliance-Association-318815031580269\/","article_modified_time":"2025-09-08T08:12:21+00:00","og_image":[{"width":1004,"height":707,"url":"https:\/\/jaune.centrereliance.fr\/association\/wp-content\/uploads\/sites\/2\/2025\/03\/Atelier-Parents-e1740925050995-1.jpg","type":"image\/jpeg"}],"twitter_card":"summary_large_image","twitter_misc":{"Dur\u00e9e de lecture estim\u00e9e":"1 minute"},"schema":{"@context":"https:\/\/schema.org","@graph":[{"@type":"WebPage","@id":"https:\/\/jaune.centrereliance.fr\/association\/produit\/atelier-savoir-etre-et-savoir-faire-avec-nos-enfants\/","url":"https:\/\/jaune.centrereliance.fr\/association\/produit\/atelier-savoir-etre-et-savoir-faire-avec-nos-enfants\/","name":"Accompagner nos enfants avec bienveillance et fermet\u00e9 - Am\u00e9liorer ses relations et cheminer vers le meilleur de soi","isPartOf":{"@id":"https:\/\/jaune.centrereliance.fr\/association\/#website"},"primaryImageOfPage":{"@id":"https:\/\/jaune.centrereliance.fr\/association\/produit\/atelier-savoir-etre-et-savoir-faire-avec-nos-enfants\/#primaryimage"},"image":{"@id":"https:\/\/jaune.centrereliance.fr\/association\/produit\/atelier-savoir-etre-et-savoir-faire-avec-nos-enfants\/#primaryimage"},"thumbnailUrl":"https:\/\/jaune.centrereliance.fr\/association\/wp-content\/uploads\/sites\/2\/2025\/03\/Atelier-Parents-e1740925050995-1.jpg","datePublished":"2024-12-13T15:59:31+00:00","dateModified":"2025-09-08T08:12:21+00:00","breadcrumb":{"@id":"https:\/\/jaune.centrereliance.fr\/association\/produit\/atelier-savoir-etre-et-savoir-faire-avec-nos-enfants\/#breadcrumb"},"inLanguage":"fr-FR","potentialAction":[{"@type":"ReadAction","target":["https:\/\/jaune.centrereliance.fr\/association\/produit\/atelier-savoir-etre-et-savoir-faire-avec-nos-enfants\/"]}]},{"@type":"ImageObject","inLanguage":"fr-FR","@id":"https:\/\/jaune.centrereliance.fr\/association\/produit\/atelier-savoir-etre-et-savoir-faire-avec-nos-enfants\/#primaryimage","url":"https:\/\/jaune.centrereliance.fr\/association\/wp-content\/uploads\/sites\/2\/2025\/03\/Atelier-Parents-e1740925050995-1.jpg","contentUrl":"https:\/\/jaune.centrereliance.fr\/association\/wp-content\/uploads\/sites\/2\/2025\/03\/Atelier-Parents-e1740925050995-1.jpg","width":1004,"height":707},{"@type":"BreadcrumbList","@id":"https:\/\/jaune.centrereliance.fr\/association\/produit\/atelier-savoir-etre-et-savoir-faire-avec-nos-enfants\/#breadcrumb","itemListElement":[{"@type":"ListItem","position":1,"name":"Accueil","item":"https:\/\/jaune.centrereliance.fr\/association\/"},{"@type":"ListItem","position":2,"name":"Catalogue","item":"https:\/\/jaune.centrereliance.fr\/association\/catalogue\/"},{"@type":"ListItem","position":3,"name":"Accompagner nos enfants avec bienveillance et fermet\u00e9"}]},{"@type":"WebSite","@id":"https:\/\/jaune.centrereliance.fr\/association\/#website","url":"https:\/\/jaune.centrereliance.fr\/association\/","name":"Am\u00e9liorer ses relations et cheminer vers le meilleur de soi","description":"Nos actions \u00e0 destination des particuliers","publisher":{"@id":"https:\/\/jaune.centrereliance.fr\/association\/#organization"},"potentialAction":[{"@type":"SearchAction","target":{"@type":"EntryPoint","urlTemplate":"https:\/\/jaune.centrereliance.fr\/association\/?s={search_term_string}"},"query-input":{"@type":"PropertyValueSpecification","valueRequired":true,"valueName":"search_term_string"}}],"inLanguage":"fr-FR"},{"@type":"Organization","@id":"https:\/\/jaune.centrereliance.fr\/association\/#organization","name":"Reliance ASSOCIATION","url":"https:\/\/jaune.centrereliance.fr\/association\/","logo":{"@type":"ImageObject","inLanguage":"fr-FR","@id":"https:\/\/jaune.centrereliance.fr\/association\/#\/schema\/logo\/image\/","url":"https:\/\/jaune.centrereliance.fr\/association\/wp-content\/uploads\/sites\/2\/2016\/10\/Logo-SARL-e1476290643249.jpg","contentUrl":"https:\/\/jaune.centrereliance.fr\/association\/wp-content\/uploads\/sites\/2\/2016\/10\/Logo-SARL-e1476290643249.jpg","width":101,"height":110,"caption":"Reliance ASSOCIATION"},"image":{"@id":"https:\/\/jaune.centrereliance.fr\/association\/#\/schema\/logo\/image\/"},"sameAs":["https:\/\/www.facebook.com\/Reliance-Association-318815031580269\/","https:\/\/www.linkedin.com\/company-beta\/16261855"]}]}},"_links":{"self":[{"href":"https:\/\/jaune.centrereliance.fr\/association\/wp-json\/wp\/v2\/product\/5469","targetHints":{"allow":["GET"]}}],"collection":[{"href":"https:\/\/jaune.centrereliance.fr\/association\/wp-json\/wp\/v2\/product"}],"about":[{"href":"https:\/\/jaune.centrereliance.fr\/association\/wp-json\/wp\/v2\/types\/product"}],"replies":[{"embeddable":true,"href":"https:\/\/jaune.centrereliance.fr\/association\/wp-json\/wp\/v2\/comments?post=5469"}],"wp:featuredmedia":[{"embeddable":true,"href":"https:\/\/jaune.centrereliance.fr\/association\/wp-json\/wp\/v2\/media\/5517"}],"wp:attachment":[{"href":"https:\/\/jaune.centrereliance.fr\/association\/wp-json\/wp\/v2\/media?parent=5469"}],"wp:term":[{"taxonomy":"product_brand","embeddable":true,"href":"https:\/\/jaune.centrereliance.fr\/association\/wp-json\/wp\/v2\/product_brand?post=5469"},{"taxonomy":"product_cat","embeddable":true,"href":"https:\/\/jaune.centrereliance.fr\/association\/wp-json\/wp\/v2\/product_cat?post=5469"},{"taxonomy":"product_tag","embeddable":true,"href":"https:\/\/jaune.centrereliance.fr\/association\/wp-json\/wp\/v2\/product_tag?post=5469"}],"curies":[{"name":"wp","href":"https:\/\/api.w.org\/{rel}","templated":true}]}}