{"id":5524,"date":"2025-05-11T19:33:22","date_gmt":"2025-05-11T17:33:22","guid":{"rendered":"https:\/\/jaune.centrereliance.fr\/association\/?post_type=product&#038;p=5524"},"modified":"2025-09-08T10:12:03","modified_gmt":"2025-09-08T08:12:03","slug":"vivre-ensemble-en-etant-differents-redecouvrez-lart-de-communiquer-dans-votre-couple","status":"publish","type":"product","link":"https:\/\/jaune.centrereliance.fr\/association\/produit\/vivre-ensemble-en-etant-differents-redecouvrez-lart-de-communiquer-dans-votre-couple\/","title":{"rendered":"Vivre ensemble en \u00e9tant diff\u00e9rent\u00b7es : (re)d\u00e9couvrez l\u2019art de communiquer dans votre couple !"},"content":{"rendered":"<div><span style=\"color: #0554b5\">NB : cet atelier est r\u00e9serv\u00e9 aux personnes qui participent en couple (cependant l&rsquo;inscription est individuelle !)<\/span><\/div>\n<div><\/div>\n<div>Vous \u00eates en couple et souhaitez vivre avec votre partenaire une exp\u00e9rience enrichissante ?<\/div>\n<div><span style=\"color: #0554b5\"><strong>\u00a0Offrez-vous une matin\u00e9e\u00a0pr\u00e9cieuse\u00a0pour\u00a0mettre de la lumi\u00e8re et de la conscience dans votre relation gr\u00e2ce aux outils de la M\u00e9thode ESPERE\u00ae<\/strong><\/span><\/div>\n<div><i>Ce n&rsquo;est pas l&rsquo;amour qui maintient deux \u00eatres ensemble, mais la qualit\u00e9 de leur relation.<\/i><\/div>\n<div><\/div>\n<div>&#8211; Apprenez \u00e0 <span style=\"color: #0554b5\">mieux communiquer<\/span>, m\u00eame quand l&rsquo;orage gronde : tout couple se r\u00e9v\u00e8le \u00eatre non seulement le creuset des confrontations, des sentiments, des d\u00e9sirs, des attentes, mais aussi du r\u00e9veil de<span style=\"color: #0554b5\"> situations inachev\u00e9es ou conflictuelles<\/span> de l\u2019histoire de l\u2019un ou de l\u2019autre. En cas de difficult\u00e9s, il est encore plus important de bien communiquer et d&rsquo;<span style=\"color: #0554b5\">apprendre \u00e0 parler de soi \u00e0 l\u2019autre<\/span> plut\u00f4t que de parler \u00ab sur \u00bb l\u2019autre !<\/div>\n<div><\/div>\n<div>&#8211; A partir des <span style=\"color: #0554b5\">situations apport\u00e9es par les participant\u00b7es<\/span>, d\u00e9couvrez des rep\u00e8res concrets pour b\u00e2tir une <span style=\"color: #0554b5\">relation \u00e9panouie<\/span>, bas\u00e9e sur la <span style=\"color: #0554b5\">cr\u00e9ativit\u00e9<\/span> et le <span style=\"color: #0554b5\">respect mutuel<\/span>, sans possessivit\u00e9 ni d\u00e9pendance.<\/div>\n<div><\/div>\n<div>&#8211; Vous repartez avec des <span style=\"color: #0554b5\">outils simples et accessibles<\/span> pour cr\u00e9er une connexion profonde et durable<\/div>\n<div>Possibilit\u00e9 de poursuivre en ouvrant un groupe trimestriel pour la saison 2025-2026<\/div>\n<div>\n<div><\/div>\n<div><span style=\"color: #0554b5\"><b>Renseignements compl\u00e9mentaires aupr\u00e8s de Val\u00e9rie Le Quellec : <\/b><b>06 78 58 09 81<\/b><\/span><\/div>\n<\/div>\n<div><\/div>\n","protected":false},"excerpt":{"rendered":"<p>NB : cet atelier est r\u00e9serv\u00e9 aux personnes qui participent en couple (cependant l&rsquo;inscription est individuelle !) Vous \u00eates en couple et souhaitez vivre avec votre partenaire une exp\u00e9rience enrichissante ? \u00a0Offrez-vous une matin\u00e9e\u00a0pr\u00e9cieuse\u00a0pour\u00a0mettre de la lumi\u00e8re et de la conscience dans votre relation gr\u00e2ce aux outils de la M\u00e9thode ESPERE\u00ae Ce n&rsquo;est pas l&rsquo;amour [&hellip;]<\/p>\n","protected":false},"featured_media":5527,"comment_status":"open","ping_status":"closed","template":"","meta":{"_et_pb_use_builder":"","_et_pb_old_content":"","_et_gb_content_width":""},"product_brand":[],"product_cat":[136,160],"product_tag":[],"class_list":{"0":"post-5524","1":"product","2":"type-product","3":"status-publish","4":"has-post-thumbnail","6":"product_cat-atelier-matinees","7":"product_cat-par-matinees-initiation","9":"first","10":"instock","11":"sold-individually","12":"purchasable","13":"product-type-simple"},"yoast_head":"<!-- This site is optimized with the Yoast SEO plugin v25.7 - https:\/\/yoast.com\/wordpress\/plugins\/seo\/ -->\n<title>Vivre ensemble en \u00e9tant diff\u00e9rent\u00b7es : (re)d\u00e9couvrez l\u2019art de communiquer dans votre couple ! - Am\u00e9liorer ses relations et cheminer vers le meilleur de soi<\/title>\n<meta name=\"robots\" content=\"noindex, follow, max-snippet:-1, max-image-preview:large, max-video-preview:-1\" \/>\n<meta property=\"og:locale\" content=\"fr_FR\" \/>\n<meta property=\"og:type\" content=\"article\" \/>\n<meta property=\"og:title\" content=\"Vivre ensemble en \u00e9tant diff\u00e9rent\u00b7es : (re)d\u00e9couvrez l\u2019art de communiquer dans votre couple ! - Am\u00e9liorer ses relations et cheminer vers le meilleur de soi\" \/>\n<meta property=\"og:description\" content=\"NB : cet atelier est r\u00e9serv\u00e9 aux personnes qui participent en couple (cependant l&rsquo;inscription est individuelle !) Vous \u00eates en couple et souhaitez vivre avec votre partenaire une exp\u00e9rience enrichissante ? \u00a0Offrez-vous une matin\u00e9e\u00a0pr\u00e9cieuse\u00a0pour\u00a0mettre de la lumi\u00e8re et de la conscience dans votre relation gr\u00e2ce aux outils de la M\u00e9thode ESPERE\u00ae Ce n&rsquo;est pas l&rsquo;amour [&hellip;]\" \/>\n<meta property=\"og:url\" content=\"https:\/\/jaune.centrereliance.fr\/association\/produit\/vivre-ensemble-en-etant-differents-redecouvrez-lart-de-communiquer-dans-votre-couple\/\" \/>\n<meta property=\"og:site_name\" content=\"Am\u00e9liorer ses relations et cheminer vers le meilleur de soi\" \/>\n<meta property=\"article:publisher\" content=\"https:\/\/www.facebook.com\/Reliance-Association-318815031580269\/\" \/>\n<meta property=\"article:modified_time\" content=\"2025-09-08T08:12:03+00:00\" \/>\n<meta property=\"og:image\" content=\"https:\/\/jaune.centrereliance.fr\/association\/wp-content\/uploads\/sites\/2\/2025\/05\/Atelier-Couple-2.jpg\" \/>\n\t<meta property=\"og:image:width\" content=\"1080\" \/>\n\t<meta property=\"og:image:height\" content=\"1080\" \/>\n\t<meta property=\"og:image:type\" content=\"image\/jpeg\" \/>\n<meta name=\"twitter:card\" content=\"summary_large_image\" \/>\n<meta name=\"twitter:label1\" content=\"Dur\u00e9e de lecture estim\u00e9e\" \/>\n\t<meta name=\"twitter:data1\" content=\"1 minute\" \/>\n<script type=\"application\/ld+json\" class=\"yoast-schema-graph\">{\"@context\":\"https:\/\/schema.org\",\"@graph\":[{\"@type\":\"WebPage\",\"@id\":\"https:\/\/jaune.centrereliance.fr\/association\/produit\/vivre-ensemble-en-etant-differents-redecouvrez-lart-de-communiquer-dans-votre-couple\/\",\"url\":\"https:\/\/jaune.centrereliance.fr\/association\/produit\/vivre-ensemble-en-etant-differents-redecouvrez-lart-de-communiquer-dans-votre-couple\/\",\"name\":\"Vivre ensemble en \u00e9tant diff\u00e9rent\u00b7es : (re)d\u00e9couvrez l\u2019art de communiquer dans votre couple ! - Am\u00e9liorer ses relations et cheminer vers le meilleur de soi\",\"isPartOf\":{\"@id\":\"https:\/\/jaune.centrereliance.fr\/association\/#website\"},\"primaryImageOfPage\":{\"@id\":\"https:\/\/jaune.centrereliance.fr\/association\/produit\/vivre-ensemble-en-etant-differents-redecouvrez-lart-de-communiquer-dans-votre-couple\/#primaryimage\"},\"image\":{\"@id\":\"https:\/\/jaune.centrereliance.fr\/association\/produit\/vivre-ensemble-en-etant-differents-redecouvrez-lart-de-communiquer-dans-votre-couple\/#primaryimage\"},\"thumbnailUrl\":\"https:\/\/jaune.centrereliance.fr\/association\/wp-content\/uploads\/sites\/2\/2025\/05\/Atelier-Couple-2.jpg\",\"datePublished\":\"2025-05-11T17:33:22+00:00\",\"dateModified\":\"2025-09-08T08:12:03+00:00\",\"breadcrumb\":{\"@id\":\"https:\/\/jaune.centrereliance.fr\/association\/produit\/vivre-ensemble-en-etant-differents-redecouvrez-lart-de-communiquer-dans-votre-couple\/#breadcrumb\"},\"inLanguage\":\"fr-FR\",\"potentialAction\":[{\"@type\":\"ReadAction\",\"target\":[\"https:\/\/jaune.centrereliance.fr\/association\/produit\/vivre-ensemble-en-etant-differents-redecouvrez-lart-de-communiquer-dans-votre-couple\/\"]}]},{\"@type\":\"ImageObject\",\"inLanguage\":\"fr-FR\",\"@id\":\"https:\/\/jaune.centrereliance.fr\/association\/produit\/vivre-ensemble-en-etant-differents-redecouvrez-lart-de-communiquer-dans-votre-couple\/#primaryimage\",\"url\":\"https:\/\/jaune.centrereliance.fr\/association\/wp-content\/uploads\/sites\/2\/2025\/05\/Atelier-Couple-2.jpg\",\"contentUrl\":\"https:\/\/jaune.centrereliance.fr\/association\/wp-content\/uploads\/sites\/2\/2025\/05\/Atelier-Couple-2.jpg\",\"width\":1080,\"height\":1080},{\"@type\":\"BreadcrumbList\",\"@id\":\"https:\/\/jaune.centrereliance.fr\/association\/produit\/vivre-ensemble-en-etant-differents-redecouvrez-lart-de-communiquer-dans-votre-couple\/#breadcrumb\",\"itemListElement\":[{\"@type\":\"ListItem\",\"position\":1,\"name\":\"Accueil\",\"item\":\"https:\/\/jaune.centrereliance.fr\/association\/\"},{\"@type\":\"ListItem\",\"position\":2,\"name\":\"Catalogue\",\"item\":\"https:\/\/jaune.centrereliance.fr\/association\/catalogue\/\"},{\"@type\":\"ListItem\",\"position\":3,\"name\":\"Vivre ensemble en \u00e9tant diff\u00e9rent\u00b7es : (re)d\u00e9couvrez l\u2019art de communiquer dans votre couple !\"}]},{\"@type\":\"WebSite\",\"@id\":\"https:\/\/jaune.centrereliance.fr\/association\/#website\",\"url\":\"https:\/\/jaune.centrereliance.fr\/association\/\",\"name\":\"Am\u00e9liorer ses relations et cheminer vers le meilleur de soi\",\"description\":\"Nos actions \u00e0 destination des particuliers\",\"publisher\":{\"@id\":\"https:\/\/jaune.centrereliance.fr\/association\/#organization\"},\"potentialAction\":[{\"@type\":\"SearchAction\",\"target\":{\"@type\":\"EntryPoint\",\"urlTemplate\":\"https:\/\/jaune.centrereliance.fr\/association\/?s={search_term_string}\"},\"query-input\":{\"@type\":\"PropertyValueSpecification\",\"valueRequired\":true,\"valueName\":\"search_term_string\"}}],\"inLanguage\":\"fr-FR\"},{\"@type\":\"Organization\",\"@id\":\"https:\/\/jaune.centrereliance.fr\/association\/#organization\",\"name\":\"Reliance ASSOCIATION\",\"url\":\"https:\/\/jaune.centrereliance.fr\/association\/\",\"logo\":{\"@type\":\"ImageObject\",\"inLanguage\":\"fr-FR\",\"@id\":\"https:\/\/jaune.centrereliance.fr\/association\/#\/schema\/logo\/image\/\",\"url\":\"https:\/\/jaune.centrereliance.fr\/association\/wp-content\/uploads\/sites\/2\/2016\/10\/Logo-SARL-e1476290643249.jpg\",\"contentUrl\":\"https:\/\/jaune.centrereliance.fr\/association\/wp-content\/uploads\/sites\/2\/2016\/10\/Logo-SARL-e1476290643249.jpg\",\"width\":101,\"height\":110,\"caption\":\"Reliance ASSOCIATION\"},\"image\":{\"@id\":\"https:\/\/jaune.centrereliance.fr\/association\/#\/schema\/logo\/image\/\"},\"sameAs\":[\"https:\/\/www.facebook.com\/Reliance-Association-318815031580269\/\",\"https:\/\/www.linkedin.com\/company-beta\/16261855\"]}]}<\/script>\n<!-- \/ Yoast SEO plugin. -->","yoast_head_json":{"title":"Vivre ensemble en \u00e9tant diff\u00e9rent\u00b7es : (re)d\u00e9couvrez l\u2019art de communiquer dans votre couple ! - Am\u00e9liorer ses relations et cheminer vers le meilleur de soi","robots":{"index":"noindex","follow":"follow","max-snippet":"max-snippet:-1","max-image-preview":"max-image-preview:large","max-video-preview":"max-video-preview:-1"},"og_locale":"fr_FR","og_type":"article","og_title":"Vivre ensemble en \u00e9tant diff\u00e9rent\u00b7es : (re)d\u00e9couvrez l\u2019art de communiquer dans votre couple ! - Am\u00e9liorer ses relations et cheminer vers le meilleur de soi","og_description":"NB : cet atelier est r\u00e9serv\u00e9 aux personnes qui participent en couple (cependant l&rsquo;inscription est individuelle !) Vous \u00eates en couple et souhaitez vivre avec votre partenaire une exp\u00e9rience enrichissante ? \u00a0Offrez-vous une matin\u00e9e\u00a0pr\u00e9cieuse\u00a0pour\u00a0mettre de la lumi\u00e8re et de la conscience dans votre relation gr\u00e2ce aux outils de la M\u00e9thode ESPERE\u00ae Ce n&rsquo;est pas l&rsquo;amour [&hellip;]","og_url":"https:\/\/jaune.centrereliance.fr\/association\/produit\/vivre-ensemble-en-etant-differents-redecouvrez-lart-de-communiquer-dans-votre-couple\/","og_site_name":"Am\u00e9liorer ses relations et cheminer vers le meilleur de soi","article_publisher":"https:\/\/www.facebook.com\/Reliance-Association-318815031580269\/","article_modified_time":"2025-09-08T08:12:03+00:00","og_image":[{"width":1080,"height":1080,"url":"https:\/\/jaune.centrereliance.fr\/association\/wp-content\/uploads\/sites\/2\/2025\/05\/Atelier-Couple-2.jpg","type":"image\/jpeg"}],"twitter_card":"summary_large_image","twitter_misc":{"Dur\u00e9e de lecture estim\u00e9e":"1 minute"},"schema":{"@context":"https:\/\/schema.org","@graph":[{"@type":"WebPage","@id":"https:\/\/jaune.centrereliance.fr\/association\/produit\/vivre-ensemble-en-etant-differents-redecouvrez-lart-de-communiquer-dans-votre-couple\/","url":"https:\/\/jaune.centrereliance.fr\/association\/produit\/vivre-ensemble-en-etant-differents-redecouvrez-lart-de-communiquer-dans-votre-couple\/","name":"Vivre ensemble en \u00e9tant diff\u00e9rent\u00b7es : (re)d\u00e9couvrez l\u2019art de communiquer dans votre couple ! - Am\u00e9liorer ses relations et cheminer vers le meilleur de soi","isPartOf":{"@id":"https:\/\/jaune.centrereliance.fr\/association\/#website"},"primaryImageOfPage":{"@id":"https:\/\/jaune.centrereliance.fr\/association\/produit\/vivre-ensemble-en-etant-differents-redecouvrez-lart-de-communiquer-dans-votre-couple\/#primaryimage"},"image":{"@id":"https:\/\/jaune.centrereliance.fr\/association\/produit\/vivre-ensemble-en-etant-differents-redecouvrez-lart-de-communiquer-dans-votre-couple\/#primaryimage"},"thumbnailUrl":"https:\/\/jaune.centrereliance.fr\/association\/wp-content\/uploads\/sites\/2\/2025\/05\/Atelier-Couple-2.jpg","datePublished":"2025-05-11T17:33:22+00:00","dateModified":"2025-09-08T08:12:03+00:00","breadcrumb":{"@id":"https:\/\/jaune.centrereliance.fr\/association\/produit\/vivre-ensemble-en-etant-differents-redecouvrez-lart-de-communiquer-dans-votre-couple\/#breadcrumb"},"inLanguage":"fr-FR","potentialAction":[{"@type":"ReadAction","target":["https:\/\/jaune.centrereliance.fr\/association\/produit\/vivre-ensemble-en-etant-differents-redecouvrez-lart-de-communiquer-dans-votre-couple\/"]}]},{"@type":"ImageObject","inLanguage":"fr-FR","@id":"https:\/\/jaune.centrereliance.fr\/association\/produit\/vivre-ensemble-en-etant-differents-redecouvrez-lart-de-communiquer-dans-votre-couple\/#primaryimage","url":"https:\/\/jaune.centrereliance.fr\/association\/wp-content\/uploads\/sites\/2\/2025\/05\/Atelier-Couple-2.jpg","contentUrl":"https:\/\/jaune.centrereliance.fr\/association\/wp-content\/uploads\/sites\/2\/2025\/05\/Atelier-Couple-2.jpg","width":1080,"height":1080},{"@type":"BreadcrumbList","@id":"https:\/\/jaune.centrereliance.fr\/association\/produit\/vivre-ensemble-en-etant-differents-redecouvrez-lart-de-communiquer-dans-votre-couple\/#breadcrumb","itemListElement":[{"@type":"ListItem","position":1,"name":"Accueil","item":"https:\/\/jaune.centrereliance.fr\/association\/"},{"@type":"ListItem","position":2,"name":"Catalogue","item":"https:\/\/jaune.centrereliance.fr\/association\/catalogue\/"},{"@type":"ListItem","position":3,"name":"Vivre ensemble en \u00e9tant diff\u00e9rent\u00b7es : (re)d\u00e9couvrez l\u2019art de communiquer dans votre couple !"}]},{"@type":"WebSite","@id":"https:\/\/jaune.centrereliance.fr\/association\/#website","url":"https:\/\/jaune.centrereliance.fr\/association\/","name":"Am\u00e9liorer ses relations et cheminer vers le meilleur de soi","description":"Nos actions \u00e0 destination des particuliers","publisher":{"@id":"https:\/\/jaune.centrereliance.fr\/association\/#organization"},"potentialAction":[{"@type":"SearchAction","target":{"@type":"EntryPoint","urlTemplate":"https:\/\/jaune.centrereliance.fr\/association\/?s={search_term_string}"},"query-input":{"@type":"PropertyValueSpecification","valueRequired":true,"valueName":"search_term_string"}}],"inLanguage":"fr-FR"},{"@type":"Organization","@id":"https:\/\/jaune.centrereliance.fr\/association\/#organization","name":"Reliance ASSOCIATION","url":"https:\/\/jaune.centrereliance.fr\/association\/","logo":{"@type":"ImageObject","inLanguage":"fr-FR","@id":"https:\/\/jaune.centrereliance.fr\/association\/#\/schema\/logo\/image\/","url":"https:\/\/jaune.centrereliance.fr\/association\/wp-content\/uploads\/sites\/2\/2016\/10\/Logo-SARL-e1476290643249.jpg","contentUrl":"https:\/\/jaune.centrereliance.fr\/association\/wp-content\/uploads\/sites\/2\/2016\/10\/Logo-SARL-e1476290643249.jpg","width":101,"height":110,"caption":"Reliance ASSOCIATION"},"image":{"@id":"https:\/\/jaune.centrereliance.fr\/association\/#\/schema\/logo\/image\/"},"sameAs":["https:\/\/www.facebook.com\/Reliance-Association-318815031580269\/","https:\/\/www.linkedin.com\/company-beta\/16261855"]}]}},"_links":{"self":[{"href":"https:\/\/jaune.centrereliance.fr\/association\/wp-json\/wp\/v2\/product\/5524","targetHints":{"allow":["GET"]}}],"collection":[{"href":"https:\/\/jaune.centrereliance.fr\/association\/wp-json\/wp\/v2\/product"}],"about":[{"href":"https:\/\/jaune.centrereliance.fr\/association\/wp-json\/wp\/v2\/types\/product"}],"replies":[{"embeddable":true,"href":"https:\/\/jaune.centrereliance.fr\/association\/wp-json\/wp\/v2\/comments?post=5524"}],"wp:featuredmedia":[{"embeddable":true,"href":"https:\/\/jaune.centrereliance.fr\/association\/wp-json\/wp\/v2\/media\/5527"}],"wp:attachment":[{"href":"https:\/\/jaune.centrereliance.fr\/association\/wp-json\/wp\/v2\/media?parent=5524"}],"wp:term":[{"taxonomy":"product_brand","embeddable":true,"href":"https:\/\/jaune.centrereliance.fr\/association\/wp-json\/wp\/v2\/product_brand?post=5524"},{"taxonomy":"product_cat","embeddable":true,"href":"https:\/\/jaune.centrereliance.fr\/association\/wp-json\/wp\/v2\/product_cat?post=5524"},{"taxonomy":"product_tag","embeddable":true,"href":"https:\/\/jaune.centrereliance.fr\/association\/wp-json\/wp\/v2\/product_tag?post=5524"}],"curies":[{"name":"wp","href":"https:\/\/api.w.org\/{rel}","templated":true}]}}