{"id":323,"date":"2017-03-01T01:20:32","date_gmt":"2017-03-01T00:20:32","guid":{"rendered":"https:\/\/jaune.centrereliance.fr\/sarl\/?page_id=323"},"modified":"2025-03-09T18:59:39","modified_gmt":"2025-03-09T17:59:39","slug":"accompagnements-personnalises-coaching","status":"publish","type":"page","link":"https:\/\/jaune.centrereliance.fr\/sarl\/accompagnements-personnalises-coaching\/","title":{"rendered":"Accompagnement personnalis\u00e9 (coaching)"},"content":{"rendered":"<p>[et_pb_section fb_built=\u00a0\u00bb1&Prime; next_background_color=\u00a0\u00bb#638600&Prime; admin_label=\u00a0\u00bbsection\u00a0\u00bb _builder_version=\u00a0\u00bb4.22.1&Prime; bottom_divider_style=\u00a0\u00bbwaves2&Prime; global_colors_info=\u00a0\u00bb{}\u00a0\u00bb][et_pb_row _builder_version=\u00a0\u00bb4.22.1&Prime; _module_preset=\u00a0\u00bbdefault\u00a0\u00bb width=\u00a0\u00bb90%\u00a0\u00bb locked=\u00a0\u00bboff\u00a0\u00bb global_colors_info=\u00a0\u00bb{}\u00a0\u00bb][et_pb_column type=\u00a0\u00bb4_4&Prime; _builder_version=\u00a0\u00bb4.22.1&Prime; _module_preset=\u00a0\u00bbdefault\u00a0\u00bb global_colors_info=\u00a0\u00bb{}\u00a0\u00bb][et_pb_image src=\u00a0\u00bbhttps:\/\/jaune.centrereliance.fr\/sarl\/wp-content\/uploads\/sites\/3\/2023\/09\/Coaching-professionnel.jpeg\u00a0\u00bb title_text=\u00a0\u00bbWoman boss leader coaching and teaching in modern office. On the\u00a0\u00bb _builder_version=\u00a0\u00bb4.25.1&Prime; _module_preset=\u00a0\u00bbdefault\u00a0\u00bb hover_enabled=\u00a0\u00bb0&Prime; border_radii=\u00a0\u00bbon|25px|25px|25px|25px\u00a0\u00bb locked=\u00a0\u00bboff\u00a0\u00bb global_colors_info=\u00a0\u00bb{}\u00a0\u00bb max_height=\u00a0\u00bb70vh\u00a0\u00bb module_alignment=\u00a0\u00bbcenter\u00a0\u00bb align=\u00a0\u00bbcenter\u00a0\u00bb sticky_enabled=\u00a0\u00bb0&Prime;][\/et_pb_image][et_pb_post_title meta=\u00a0\u00bboff\u00a0\u00bb _builder_version=\u00a0\u00bb4.22.1&Prime; _module_preset=\u00a0\u00bbdefault\u00a0\u00bb title_text_align=\u00a0\u00bbcenter\u00a0\u00bb title_text_color=\u00a0\u00bb#82B000&Prime; locked=\u00a0\u00bboff\u00a0\u00bb global_colors_info=\u00a0\u00bb{}\u00a0\u00bb][\/et_pb_post_title][\/et_pb_column][\/et_pb_row][et_pb_row admin_label=\u00a0\u00bbrow\u00a0\u00bb _builder_version=\u00a0\u00bb4.22.1&Prime; background_size=\u00a0\u00bbinitial\u00a0\u00bb background_position=\u00a0\u00bbtop_left\u00a0\u00bb background_repeat=\u00a0\u00bbrepeat\u00a0\u00bb width_tablet=\u00a0\u00bb90%\u00a0\u00bb width_phone=\u00a0\u00bb90%\u00a0\u00bb width_last_edited=\u00a0\u00bbon|phone\u00a0\u00bb custom_padding=\u00a0\u00bb10px|10px|10px|10px|true|true\u00a0\u00bb border_radii=\u00a0\u00bbon|15px|15px|15px|15px\u00a0\u00bb border_width_all=\u00a0\u00bb1px\u00a0\u00bb border_color_all=\u00a0\u00bb#82B000&Prime; global_colors_info=\u00a0\u00bb{}\u00a0\u00bb][et_pb_column type=\u00a0\u00bb4_4&Prime; _builder_version=\u00a0\u00bb4.16&Prime; custom_padding=\u00a0\u00bb|||\u00a0\u00bb global_colors_info=\u00a0\u00bb{}\u00a0\u00bb custom_padding__hover=\u00a0\u00bb|||\u00a0\u00bb][et_pb_text admin_label=\u00a0\u00bbText\u00a0\u00bb _builder_version=\u00a0\u00bb4.22.1&Prime; background_size=\u00a0\u00bbinitial\u00a0\u00bb background_position=\u00a0\u00bbtop_left\u00a0\u00bb background_repeat=\u00a0\u00bbrepeat\u00a0\u00bb global_colors_info=\u00a0\u00bb{}\u00a0\u00bb]<\/p>\n<h3 class=\"page_activite_rubrique\" style=\"text-align: justify;\">Pour qui ?<\/h3>\n<ul style=\"text-align: justify;\">\n<li>Membres de la Direction<\/li>\n<li>Toute personne en situation d\u2019encadrement<\/li>\n<li>Tout salari\u00e9 en situation de difficult\u00e9 professionnelle ou relationnelle, ou amor\u00e7ant une p\u00e9riode de changement<\/li>\n<\/ul>\n<h3 class=\"page_activite_rubrique\" style=\"text-align: justify;\">Objectif<\/h3>\n<div style=\"text-align: justify;\">\n<p>Gagner en efficacit\u00e9 et en s\u00e9r\u00e9nit\u00e9 dans l\u2019exercice de son m\u00e9tier\u00a0: [showhide type=\u00a0\u00bbtwo\u00a0\u00bb \u00a0more_text=\u00a0\u00bbEn Savoir Plus\u00a0\u00bb less_text=\u00a0\u00bbR\u00e9duire\u00a0\u00bb]<\/p>\n<ul>\n<li>Prendre du recul sur les diff\u00e9rentes situations relationnelles ou organisationnelles et identifier les m\u00e9canismes personnels en jeu<\/li>\n<li>Elaborer les solutions face \u00e0 ces situations<\/li>\n<li>Identifier les points forts de la personne ainsi que ses axes de progr\u00e8s<\/li>\n<li>Acqu\u00e9rir des apports formatifs, selon les besoins de la personne, sur diff\u00e9rentes th\u00e9matiques telles que management, motivation d\u2019\u00e9quipe, communication relationnelle, conduite de projet, confiance en soi, modes d\u2019organisation, gestion du temps<\/li>\n<\/ul>\n<p>[\/showhide]<\/p>\n<\/div>\n<h3 class=\"page_activite_rubrique\" style=\"text-align: justify;\">Mode d&rsquo;action<\/h3>\n<div style=\"text-align: justify;\">Entretiens individuels d\u2019une dur\u00e9e de 1h30 \u00e0 2h dont la fr\u00e9quence, de l\u2019ordre de 15 jours, peut \u00eatre ajust\u00e9e \u00e0 tout moment [showhide type=\u00a0\u00bbthree\u00a0\u00bb more_text=\u00a0\u00bbEn Savoir Plus\u00a0\u00bb less_text=\u00a0\u00bbR\u00e9duire\u00a0\u00bb]L&rsquo;objectif de l\u2019accompagnement est d\u00e9fini au d\u00e9marrage de l\u2019action au cours d\u2019un entretien du consultant avec la personne accompagn\u00e9e, \u00e9ventuellement avec un responsable hi\u00e9rarchique, un responsable RH ou toute autre personne impliqu\u00e9e dans l\u2019\u00e9volution professionnelle de la personne.<br \/>\n[\/showhide]<\/div>\n<p>[\/et_pb_text][et_pb_blurb use_icon=\u00a0\u00bbon\u00a0\u00bb font_icon=\u00a0\u00bb&#xf019;||fa||900&Prime; icon_color=\u00a0\u00bb#82B000&Prime; icon_placement=\u00a0\u00bbleft\u00a0\u00bb _builder_version=\u00a0\u00bb4.22.1&Prime; _module_preset=\u00a0\u00bbdefault\u00a0\u00bb custom_margin=\u00a0\u00bb||||false|false\u00a0\u00bb link_option_url=\u00a0\u00bbhttps:\/\/jaune.centrereliance.fr\/wp-content\/uploads\/2017\/05\/Prog_Accomp_Perso.pdf\u00a0\u00bb locked=\u00a0\u00bboff\u00a0\u00bb global_colors_info=\u00a0\u00bb{}\u00a0\u00bb]<\/p>\n<p><a href=\"https:\/\/jaune.centrereliance.fr\/wp-content\/uploads\/2017\/05\/Prog_Accomp_Perso.pdf\" target=\"_blank\" rel=\"noopener noreferrer\">Programme d\u00e9taill\u00e9 de l&rsquo;action<\/a><\/p>\n<p>[\/et_pb_blurb][et_pb_blurb use_icon=\u00a0\u00bbon\u00a0\u00bb font_icon=\u00a0\u00bb&#xf298;||fa||400&Prime; icon_color=\u00a0\u00bb#82B000&Prime; icon_placement=\u00a0\u00bbleft\u00a0\u00bb _builder_version=\u00a0\u00bb4.22.1&Prime; _module_preset=\u00a0\u00bbdefault\u00a0\u00bb link_option_url=\u00a0\u00bbhttps:\/\/jaune.centrereliance.fr\/sarl\/formulaire-stages-intra-entreprises\/?activity=Accompagnement personnalis\u00e9\u00a0\u00bb locked=\u00a0\u00bboff\u00a0\u00bb global_colors_info=\u00a0\u00bb{}\u00a0\u00bb]<\/p>\n<p><a href=\"https:\/\/jaune.centrereliance.fr\/sarl\/formulaire-stages-intra-entreprises\/?activity=Accompagnement personnalis\u00e9\">Formulaire de contact pour accompagnement personnalis\u00e9<\/a><\/p>\n<p>[\/et_pb_blurb][\/et_pb_column][\/et_pb_row][et_pb_row _builder_version=\u00a0\u00bb4.22.1&Prime; _module_preset=\u00a0\u00bbdefault\u00a0\u00bb width_tablet=\u00a0\u00bb90%\u00a0\u00bb width_phone=\u00a0\u00bb90%\u00a0\u00bb width_last_edited=\u00a0\u00bbon|desktop\u00a0\u00bb locked=\u00a0\u00bboff\u00a0\u00bb global_colors_info=\u00a0\u00bb{}\u00a0\u00bb][et_pb_column type=\u00a0\u00bb4_4&Prime; _builder_version=\u00a0\u00bb4.22.1&Prime; _module_preset=\u00a0\u00bbdefault\u00a0\u00bb global_colors_info=\u00a0\u00bb{}\u00a0\u00bb][et_pb_text _builder_version=\u00a0\u00bb4.22.1&Prime; _module_preset=\u00a0\u00bbdefault\u00a0\u00bb text_text_color=\u00a0\u00bb#82B000&Prime; header_text_color=\u00a0\u00bb#9A486F\u00a0\u00bb header_2_text_color=\u00a0\u00bb#82B000&Prime; header_3_text_color=\u00a0\u00bb#9A486F\u00a0\u00bb global_colors_info=\u00a0\u00bb{}\u00a0\u00bb]<\/p>\n<h2>COMMENTAIRES<\/h2>\n<p>[\/et_pb_text][et_pb_comments show_count=\u00a0\u00bboff\u00a0\u00bb _builder_version=\u00a0\u00bb4.22.1&Prime; _module_preset=\u00a0\u00bbdefault\u00a0\u00bb header_text_color=\u00a0\u00bb#9A486F\u00a0\u00bb title_text_color=\u00a0\u00bb#82B000&Prime; button_alignment=\u00a0\u00bbcenter\u00a0\u00bb text_orientation=\u00a0\u00bbjustified\u00a0\u00bb custom_css_reply_button=\u00a0\u00bbborder-color: #9A486F !important;\u00a0\u00bb border_radii_fields=\u00a0\u00bbon|20px|20px|20px|20px\u00a0\u00bb locked=\u00a0\u00bboff\u00a0\u00bb global_colors_info=\u00a0\u00bb{}\u00a0\u00bb button_text_size__hover_enabled=\u00a0\u00bbon|hover\u00a0\u00bb button_bg_color__hover_enabled=\u00a0\u00bbon|desktop\u00a0\u00bb button_bg_color__hover=\u00a0\u00bb#FFFFFF\u00a0\u00bb button_bg_enable_color__hover=\u00a0\u00bbon\u00a0\u00bb button_text_color__hover_enabled=\u00a0\u00bbon|hover\u00a0\u00bb button_text_color__hover=\u00a0\u00bb#9A486F\u00a0\u00bb button_border_width__hover_enabled=\u00a0\u00bbon|hover\u00a0\u00bb button_border_width__hover=\u00a0\u00bb2px\u00a0\u00bb button_border_color__hover_enabled=\u00a0\u00bbon|hover\u00a0\u00bb button_border_color__hover=\u00a0\u00bb#9A486F\u00a0\u00bb][\/et_pb_comments][\/et_pb_column][\/et_pb_row][\/et_pb_section]<\/p>\n","protected":false},"excerpt":{"rendered":"<p>Pour qui ? Membres de la Direction Toute personne en situation d\u2019encadrement Tout salari\u00e9 en situation de difficult\u00e9 professionnelle ou relationnelle, ou amor\u00e7ant une p\u00e9riode de changement Objectif Gagner en efficacit\u00e9 et en s\u00e9r\u00e9nit\u00e9 dans l\u2019exercice de son m\u00e9tier\u00a0: [showhide type=\u00a0\u00bbtwo\u00a0\u00bb \u00a0more_text=\u00a0\u00bbEn Savoir Plus\u00a0\u00bb less_text=\u00a0\u00bbR\u00e9duire\u00a0\u00bb] Prendre du recul sur les diff\u00e9rentes situations relationnelles ou organisationnelles [&hellip;]<\/p>\n","protected":false},"author":1,"featured_media":0,"parent":0,"menu_order":0,"comment_status":"open","ping_status":"closed","template":"","meta":{"_et_pb_use_builder":"on","_et_pb_old_content":"<p class=\"page_activite_rubrique\"><span style=\"color: #ff6600\">Pour qui ?<\/span><\/p>\r\n\r\n<ul>\r\n \t<li>Membres de la Direction<\/li>\r\n \t<li>Toute personne en situation d\u2019encadrement<\/li>\r\n \t<li>Tout salari\u00e9 en situation de difficult\u00e9 professionnelle ou relationnelle, ou amor\u00e7ant une p\u00e9riode de changement<\/li>\r\n<\/ul>\r\n<p class=\"page_activite_rubrique\"><span style=\"color: #ff6600\">Objectif<\/span><\/p>\r\n\r\n<div>\r\n\r\nGagner en efficacit\u00e9 et en s\u00e9r\u00e9nit\u00e9 dans l\u2019exercice de son m\u00e9tier\u00a0: [showhide type=\"two\" \u00a0more_text=\"En Savoir Plus\" less_text=\"R\u00e9duire\"]\r\n<ul>\r\n \t<li>Prendre du recul sur les diff\u00e9rentes situations relationnelles ou organisationnelles et identifier les m\u00e9canismes personnels en jeu<\/li>\r\n \t<li>Elaborer les solutions face \u00e0 ces situations<\/li>\r\n \t<li>Identifier les points forts de la personne ainsi que ses axes de progr\u00e8s<\/li>\r\n \t<li>Acqu\u00e9rir des apports formatifs, selon les besoins de la personne, sur diff\u00e9rentes th\u00e9matiques telles que management, motivation d\u2019\u00e9quipe, communication relationnelle, conduite de projet, confiance en soi, modes d\u2019organisation, gestion du temps<\/li>\r\n<\/ul>\r\n[\/showhide]\r\n\r\n<\/div>\r\n<p class=\"page_activite_rubrique\"><span style=\"color: #ff6600\">Mode d'action<\/span><\/p>\r\n\r\n<div>Entretiens individuels d\u2019une dur\u00e9e de 1h30 \u00e0 2h dont la fr\u00e9quence, de l\u2019ordre de 15 jours, peut \u00eatre ajust\u00e9e \u00e0 tout moment [showhide type=\"three\" more_text=\"En Savoir Plus\" less_text=\"R\u00e9duire\"]L'objectif de l\u2019accompagnement est d\u00e9fini au d\u00e9marrage de l\u2019action au cours d\u2019un entretien du consultant avec la personne accompagn\u00e9e, \u00e9ventuellement avec un responsable hi\u00e9rarchique, un responsable RH ou toute autre personne impliqu\u00e9e dans l\u2019\u00e9volution professionnelle de la personne.\r\n[\/showhide]&nbsp;\r\n\r\n<\/div>\r\n<div class=\"page_activite_encart\">\r\n\r\n<b><a href=\"https:\/\/jaune.centrereliance.fr\/sarl\/formulaire-stages-intra-entreprises\/?activity=Accompagnement personnalis\u00e9\">[icon name=\"wpforms\" class=\"\" unprefixed_class=\"\"]\u00a0Formulaire de contact pour action intra-entreprise<\/a><\/b>\r\n\r\n<a href=\"https:\/\/jaune.centrereliance.fr\/wp-content\/uploads\/2017\/05\/Prog_Accomp_Perso.pdf\" target=\"_blank\" rel=\"noopener noreferrer\">[icon name=\"download\" class=\"\" unprefixed_class=\"\"] Programme d\u00e9taill\u00e9 de l\u2019action<\/a>\r\n\r\n<\/div>","_et_gb_content_width":"","footnotes":""},"class_list":["post-323","page","type-page","status-publish","hentry"],"yoast_head":"<!-- This site is optimized with the Yoast SEO plugin v25.7 - https:\/\/yoast.com\/wordpress\/plugins\/seo\/ -->\n<title>Accompagnement personnalis\u00e9 (coaching) - Placer l\u2019humain au c\u0153ur des organisations<\/title>\n<meta name=\"robots\" content=\"noindex, follow, max-snippet:-1, max-image-preview:large, max-video-preview:-1\" \/>\n<meta property=\"og:locale\" content=\"fr_FR\" \/>\n<meta property=\"og:type\" content=\"article\" \/>\n<meta property=\"og:title\" content=\"Accompagnement personnalis\u00e9 (coaching) - Placer l\u2019humain au c\u0153ur des organisations\" \/>\n<meta property=\"og:description\" content=\"Pour qui ? Membres de la Direction Toute personne en situation d\u2019encadrement Tout salari\u00e9 en situation de difficult\u00e9 professionnelle ou relationnelle, ou amor\u00e7ant une p\u00e9riode de changement Objectif Gagner en efficacit\u00e9 et en s\u00e9r\u00e9nit\u00e9 dans l\u2019exercice de son m\u00e9tier\u00a0: [showhide type=&quot;two&quot; \u00a0more_text=&quot;En Savoir Plus&quot; less_text=&quot;R\u00e9duire&quot;] Prendre du recul sur les diff\u00e9rentes situations relationnelles ou organisationnelles [&hellip;]\" \/>\n<meta property=\"og:url\" content=\"https:\/\/jaune.centrereliance.fr\/sarl\/accompagnements-personnalises-coaching\/\" \/>\n<meta property=\"og:site_name\" content=\"Placer l\u2019humain au c\u0153ur des organisations\" \/>\n<meta property=\"article:publisher\" content=\"https:\/\/www.facebook.com\/Reliance-Association-318815031580269\/\" \/>\n<meta property=\"article:modified_time\" content=\"2025-03-09T17:59:39+00:00\" \/>\n<meta name=\"twitter:card\" content=\"summary_large_image\" \/>\n<meta name=\"twitter:label1\" content=\"Dur\u00e9e de lecture estim\u00e9e\" \/>\n\t<meta name=\"twitter:data1\" content=\"4 minutes\" \/>\n<script type=\"application\/ld+json\" class=\"yoast-schema-graph\">{\"@context\":\"https:\/\/schema.org\",\"@graph\":[{\"@type\":\"WebPage\",\"@id\":\"https:\/\/jaune.centrereliance.fr\/sarl\/accompagnements-personnalises-coaching\/\",\"url\":\"https:\/\/jaune.centrereliance.fr\/sarl\/accompagnements-personnalises-coaching\/\",\"name\":\"Accompagnement personnalis\u00e9 (coaching) - Placer l\u2019humain au c\u0153ur des organisations\",\"isPartOf\":{\"@id\":\"https:\/\/jaune.centrereliance.fr\/sarl\/#website\"},\"datePublished\":\"2017-03-01T00:20:32+00:00\",\"dateModified\":\"2025-03-09T17:59:39+00:00\",\"breadcrumb\":{\"@id\":\"https:\/\/jaune.centrereliance.fr\/sarl\/accompagnements-personnalises-coaching\/#breadcrumb\"},\"inLanguage\":\"fr-FR\",\"potentialAction\":[{\"@type\":\"ReadAction\",\"target\":[\"https:\/\/jaune.centrereliance.fr\/sarl\/accompagnements-personnalises-coaching\/\"]}]},{\"@type\":\"BreadcrumbList\",\"@id\":\"https:\/\/jaune.centrereliance.fr\/sarl\/accompagnements-personnalises-coaching\/#breadcrumb\",\"itemListElement\":[{\"@type\":\"ListItem\",\"position\":1,\"name\":\"Accueil\",\"item\":\"https:\/\/jaune.centrereliance.fr\/sarl\/\"},{\"@type\":\"ListItem\",\"position\":2,\"name\":\"Accompagnement personnalis\u00e9 (coaching)\"}]},{\"@type\":\"WebSite\",\"@id\":\"https:\/\/jaune.centrereliance.fr\/sarl\/#website\",\"url\":\"https:\/\/jaune.centrereliance.fr\/sarl\/\",\"name\":\"Placer l\u2019humain au c\u0153ur des organisations\",\"description\":\"Nos actions \u00e0 destination des professionnels\",\"publisher\":{\"@id\":\"https:\/\/jaune.centrereliance.fr\/sarl\/#organization\"},\"potentialAction\":[{\"@type\":\"SearchAction\",\"target\":{\"@type\":\"EntryPoint\",\"urlTemplate\":\"https:\/\/jaune.centrereliance.fr\/sarl\/?s={search_term_string}\"},\"query-input\":{\"@type\":\"PropertyValueSpecification\",\"valueRequired\":true,\"valueName\":\"search_term_string\"}}],\"inLanguage\":\"fr-FR\"},{\"@type\":\"Organization\",\"@id\":\"https:\/\/jaune.centrereliance.fr\/sarl\/#organization\",\"name\":\"Reliance SARL\",\"url\":\"https:\/\/jaune.centrereliance.fr\/sarl\/\",\"logo\":{\"@type\":\"ImageObject\",\"inLanguage\":\"fr-FR\",\"@id\":\"https:\/\/jaune.centrereliance.fr\/sarl\/#\/schema\/logo\/image\/\",\"url\":\"https:\/\/jaune.centrereliance.fr\/sarl\/wp-content\/uploads\/sites\/3\/2016\/10\/Logo-SARL-e1476290643249.jpg\",\"contentUrl\":\"https:\/\/jaune.centrereliance.fr\/sarl\/wp-content\/uploads\/sites\/3\/2016\/10\/Logo-SARL-e1476290643249.jpg\",\"width\":101,\"height\":110,\"caption\":\"Reliance SARL\"},\"image\":{\"@id\":\"https:\/\/jaune.centrereliance.fr\/sarl\/#\/schema\/logo\/image\/\"},\"sameAs\":[\"https:\/\/www.facebook.com\/Reliance-Association-318815031580269\/\",\"https:\/\/www.linkedin.com\/company-beta\/16261855\"]}]}<\/script>\n<!-- \/ Yoast SEO plugin. -->","yoast_head_json":{"title":"Accompagnement personnalis\u00e9 (coaching) - Placer l\u2019humain au c\u0153ur des organisations","robots":{"index":"noindex","follow":"follow","max-snippet":"max-snippet:-1","max-image-preview":"max-image-preview:large","max-video-preview":"max-video-preview:-1"},"og_locale":"fr_FR","og_type":"article","og_title":"Accompagnement personnalis\u00e9 (coaching) - Placer l\u2019humain au c\u0153ur des organisations","og_description":"Pour qui ? Membres de la Direction Toute personne en situation d\u2019encadrement Tout salari\u00e9 en situation de difficult\u00e9 professionnelle ou relationnelle, ou amor\u00e7ant une p\u00e9riode de changement Objectif Gagner en efficacit\u00e9 et en s\u00e9r\u00e9nit\u00e9 dans l\u2019exercice de son m\u00e9tier\u00a0: [showhide type=\"two\" \u00a0more_text=\"En Savoir Plus\" less_text=\"R\u00e9duire\"] Prendre du recul sur les diff\u00e9rentes situations relationnelles ou organisationnelles [&hellip;]","og_url":"https:\/\/jaune.centrereliance.fr\/sarl\/accompagnements-personnalises-coaching\/","og_site_name":"Placer l\u2019humain au c\u0153ur des organisations","article_publisher":"https:\/\/www.facebook.com\/Reliance-Association-318815031580269\/","article_modified_time":"2025-03-09T17:59:39+00:00","twitter_card":"summary_large_image","twitter_misc":{"Dur\u00e9e de lecture estim\u00e9e":"4 minutes"},"schema":{"@context":"https:\/\/schema.org","@graph":[{"@type":"WebPage","@id":"https:\/\/jaune.centrereliance.fr\/sarl\/accompagnements-personnalises-coaching\/","url":"https:\/\/jaune.centrereliance.fr\/sarl\/accompagnements-personnalises-coaching\/","name":"Accompagnement personnalis\u00e9 (coaching) - Placer l\u2019humain au c\u0153ur des organisations","isPartOf":{"@id":"https:\/\/jaune.centrereliance.fr\/sarl\/#website"},"datePublished":"2017-03-01T00:20:32+00:00","dateModified":"2025-03-09T17:59:39+00:00","breadcrumb":{"@id":"https:\/\/jaune.centrereliance.fr\/sarl\/accompagnements-personnalises-coaching\/#breadcrumb"},"inLanguage":"fr-FR","potentialAction":[{"@type":"ReadAction","target":["https:\/\/jaune.centrereliance.fr\/sarl\/accompagnements-personnalises-coaching\/"]}]},{"@type":"BreadcrumbList","@id":"https:\/\/jaune.centrereliance.fr\/sarl\/accompagnements-personnalises-coaching\/#breadcrumb","itemListElement":[{"@type":"ListItem","position":1,"name":"Accueil","item":"https:\/\/jaune.centrereliance.fr\/sarl\/"},{"@type":"ListItem","position":2,"name":"Accompagnement personnalis\u00e9 (coaching)"}]},{"@type":"WebSite","@id":"https:\/\/jaune.centrereliance.fr\/sarl\/#website","url":"https:\/\/jaune.centrereliance.fr\/sarl\/","name":"Placer l\u2019humain au c\u0153ur des organisations","description":"Nos actions \u00e0 destination des professionnels","publisher":{"@id":"https:\/\/jaune.centrereliance.fr\/sarl\/#organization"},"potentialAction":[{"@type":"SearchAction","target":{"@type":"EntryPoint","urlTemplate":"https:\/\/jaune.centrereliance.fr\/sarl\/?s={search_term_string}"},"query-input":{"@type":"PropertyValueSpecification","valueRequired":true,"valueName":"search_term_string"}}],"inLanguage":"fr-FR"},{"@type":"Organization","@id":"https:\/\/jaune.centrereliance.fr\/sarl\/#organization","name":"Reliance SARL","url":"https:\/\/jaune.centrereliance.fr\/sarl\/","logo":{"@type":"ImageObject","inLanguage":"fr-FR","@id":"https:\/\/jaune.centrereliance.fr\/sarl\/#\/schema\/logo\/image\/","url":"https:\/\/jaune.centrereliance.fr\/sarl\/wp-content\/uploads\/sites\/3\/2016\/10\/Logo-SARL-e1476290643249.jpg","contentUrl":"https:\/\/jaune.centrereliance.fr\/sarl\/wp-content\/uploads\/sites\/3\/2016\/10\/Logo-SARL-e1476290643249.jpg","width":101,"height":110,"caption":"Reliance SARL"},"image":{"@id":"https:\/\/jaune.centrereliance.fr\/sarl\/#\/schema\/logo\/image\/"},"sameAs":["https:\/\/www.facebook.com\/Reliance-Association-318815031580269\/","https:\/\/www.linkedin.com\/company-beta\/16261855"]}]}},"_links":{"self":[{"href":"https:\/\/jaune.centrereliance.fr\/sarl\/wp-json\/wp\/v2\/pages\/323","targetHints":{"allow":["GET"]}}],"collection":[{"href":"https:\/\/jaune.centrereliance.fr\/sarl\/wp-json\/wp\/v2\/pages"}],"about":[{"href":"https:\/\/jaune.centrereliance.fr\/sarl\/wp-json\/wp\/v2\/types\/page"}],"author":[{"embeddable":true,"href":"https:\/\/jaune.centrereliance.fr\/sarl\/wp-json\/wp\/v2\/users\/1"}],"replies":[{"embeddable":true,"href":"https:\/\/jaune.centrereliance.fr\/sarl\/wp-json\/wp\/v2\/comments?post=323"}],"version-history":[{"count":29,"href":"https:\/\/jaune.centrereliance.fr\/sarl\/wp-json\/wp\/v2\/pages\/323\/revisions"}],"predecessor-version":[{"id":5424,"href":"https:\/\/jaune.centrereliance.fr\/sarl\/wp-json\/wp\/v2\/pages\/323\/revisions\/5424"}],"wp:attachment":[{"href":"https:\/\/jaune.centrereliance.fr\/sarl\/wp-json\/wp\/v2\/media?parent=323"}],"curies":[{"name":"wp","href":"https:\/\/api.w.org\/{rel}","templated":true}]}}