{"id":372,"date":"2017-03-02T02:18:31","date_gmt":"2017-03-02T01:18:31","guid":{"rendered":"https:\/\/jaune.centrereliance.fr\/sarl\/?page_id=372"},"modified":"2025-07-15T21:28:31","modified_gmt":"2025-07-15T19:28:31","slug":"formation-de-formateurs-et-praticiens-en-methode-espere","status":"publish","type":"page","link":"https:\/\/jaune.centrereliance.fr\/sarl\/formation-de-formateurs-et-praticiens-en-methode-espere\/","title":{"rendered":"Formation de formateurs avec la M\u00e9thode ESPERE\u00ae"},"content":{"rendered":"<p>[et_pb_section fb_built=\u00a0\u00bb1&Prime; admin_label=\u00a0\u00bbsection\u00a0\u00bb _builder_version=\u00a0\u00bb4.16&Prime; global_colors_info=\u00a0\u00bb{}\u00a0\u00bb][et_pb_row _builder_version=\u00a0\u00bb4.22.1&Prime; _module_preset=\u00a0\u00bbdefault\u00a0\u00bb width=\u00a0\u00bb90%\u00a0\u00bb global_colors_info=\u00a0\u00bb{}\u00a0\u00bb][et_pb_column type=\u00a0\u00bb4_4&Prime; _builder_version=\u00a0\u00bb4.22.1&Prime; _module_preset=\u00a0\u00bbdefault\u00a0\u00bb global_colors_info=\u00a0\u00bb{}\u00a0\u00bb][et_pb_image src=\u00a0\u00bbhttps:\/\/jaune.centrereliance.fr\/sarl\/wp-content\/uploads\/sites\/3\/2025\/07\/Methode-Espere-rotated.jpg\u00a0\u00bb title_text=\u00a0\u00bbMethode-Espere\u00a0\u00bb align=\u00a0\u00bbcenter\u00a0\u00bb _builder_version=\u00a0\u00bb4.25.1&Prime; _module_preset=\u00a0\u00bbdefault\u00a0\u00bb max_height=\u00a0\u00bb70vh\u00a0\u00bb hover_enabled=\u00a0\u00bb0&Prime; border_radii=\u00a0\u00bbon|25px|25px|25px|25px\u00a0\u00bb locked=\u00a0\u00bboff\u00a0\u00bb global_colors_info=\u00a0\u00bb{}\u00a0\u00bb sticky_enabled=\u00a0\u00bb0&Prime;][\/et_pb_image][et_pb_post_title meta=\u00a0\u00bboff\u00a0\u00bb _builder_version=\u00a0\u00bb4.22.1&Prime; _module_preset=\u00a0\u00bbdefault\u00a0\u00bb title_text_align=\u00a0\u00bbcenter\u00a0\u00bb title_text_color=\u00a0\u00bb#82B000&Prime; locked=\u00a0\u00bboff\u00a0\u00bb global_colors_info=\u00a0\u00bb{}\u00a0\u00bb][\/et_pb_post_title][\/et_pb_column][\/et_pb_row][et_pb_row admin_label=\u00a0\u00bbrow\u00a0\u00bb _builder_version=\u00a0\u00bb4.22.1&Prime; background_size=\u00a0\u00bbinitial\u00a0\u00bb background_position=\u00a0\u00bbtop_left\u00a0\u00bb background_repeat=\u00a0\u00bbrepeat\u00a0\u00bb width=\u00a0\u00bb90%\u00a0\u00bb custom_padding=\u00a0\u00bb0px||||false|false\u00a0\u00bb border_radii=\u00a0\u00bbon|25px|25px|25px|25px\u00a0\u00bb border_width_all=\u00a0\u00bb1px\u00a0\u00bb border_color_all=\u00a0\u00bb#82B000&Prime; global_colors_info=\u00a0\u00bb{}\u00a0\u00bb][et_pb_column type=\u00a0\u00bb4_4&Prime; _builder_version=\u00a0\u00bb4.16&Prime; custom_padding=\u00a0\u00bb|||\u00a0\u00bb global_colors_info=\u00a0\u00bb{}\u00a0\u00bb custom_padding__hover=\u00a0\u00bb|||\u00a0\u00bb][et_pb_text admin_label=\u00a0\u00bbText\u00a0\u00bb _builder_version=\u00a0\u00bb4.22.1&Prime; background_size=\u00a0\u00bbinitial\u00a0\u00bb background_position=\u00a0\u00bbtop_left\u00a0\u00bb background_repeat=\u00a0\u00bbrepeat\u00a0\u00bb text_orientation=\u00a0\u00bbjustified\u00a0\u00bb custom_padding=\u00a0\u00bb10px|10px|10px|10px|true|true\u00a0\u00bb text_orientation_tablet=\u00a0\u00bbleft\u00a0\u00bb text_orientation_phone=\u00a0\u00bbleft\u00a0\u00bb text_orientation_last_edited=\u00a0\u00bbon|phone\u00a0\u00bb border_radii=\u00a0\u00bbon|25px|25px|25px|25px\u00a0\u00bb border_color_all=\u00a0\u00bb#9A486F\u00a0\u00bb global_colors_info=\u00a0\u00bb{}\u00a0\u00bb]<\/p>\n<div class=\"encart-comment\">\n<div class=\"title\">Commentaires des participants<\/div>\n<div class=\"encart-comment-btn\"><a class=\"btn btn-success btn-comment\" href=\"#comments\">\u00e0 lire<\/a><a class=\"btn btn-primary  btn-comment\" href=\"#commentform\">\u00e0 \u00e9crire<\/a><\/div>\n<\/div>\n<div>\n<p><strong>Cette formation vous concerne si vous souhaitez<\/strong><\/p>\n<p class=\"page_activite_rubrique\"><span style=\"color: #ff6600;\"><span style=\"color: #82b000;\"><strong>Apprendre un nouveau m\u00e9tier et devenir :<\/strong><\/span><br \/><\/span><\/p>\n<ul>\n<li><strong>Formateur dans le secteur professionnel<\/strong> pour animer des groupes de formation dans les domaines de la communication, la r\u00e9solution des conflits, la coh\u00e9sion d\u2019\u00e9quipe, le management, le bien-\u00eatre au travail et la pr\u00e9vention des risques psycho-sociaux, la conduite de projet, ou pour accompagner des \u00e9quipes en analyse de pratique ou en supervision<\/li>\n<li><strong>Coach en individuel<\/strong> pour des responsables de services ou de structures priv\u00e9es ou publiques<\/li>\n<li><strong>Coach interne de votre structure<\/strong>, pour accompagner les salari\u00e9s en situation de choix professionnel, de difficult\u00e9 relationnelle ou professionnelle, de changement de poste, et pour conduire des m\u00e9diations en cas de conflits internes<\/li>\n<li><strong>Formateur en relations humaines<\/strong> pour les particuliers et leur proposer des outils pour r\u00e9soudre leurs probl\u00e9matiques de relations aux autres et \u00e0 eux-m\u00eames, soit dans le cadre de sessions en groupe, soit dans le cadre d\u2019entretiens individuels<\/li>\n<\/ul>\n<p>Cette formation est actuellement en reconstruction dans le cadre de notre d\u00e9marche qualit\u00e9.<\/p>\n<p>Si vous \u00eates int\u00e9ress\u00e9\u00b7e, vous pouvez nous contacter en remplissant le formulaire de contact ci-dessous ou en utilisant les informations de contact en bas de page.<\/p>\n<\/div>\n<div class=\"page_activite_encart\"><\/div>\n<p>[\/et_pb_text][et_pb_blurb use_icon=\u00a0\u00bbon\u00a0\u00bb font_icon=\u00a0\u00bb&#xf298;||fa||400&Prime; icon_color=\u00a0\u00bb#82B000&Prime; icon_placement=\u00a0\u00bbleft\u00a0\u00bb _builder_version=\u00a0\u00bb4.22.1&Prime; _module_preset=\u00a0\u00bbdefault\u00a0\u00bb global_colors_info=\u00a0\u00bb{}\u00a0\u00bb]<\/p>\n<p><a href=\"https:\/\/jaune.centrereliance.fr\/sarl\/formulaire-stages-intra-entreprises\/?activity=Formation de formateurs et praticiens en M\u00e9thode ESPERE\u00ae\">Formulaire de contact pour la Formation de formateurs<\/a><\/p>\n<p>[\/et_pb_blurb][\/et_pb_column][\/et_pb_row][\/et_pb_section][et_pb_section fb_built=\u00a0\u00bb1&Prime; next_background_color=\u00a0\u00bb#638600&Prime; _builder_version=\u00a0\u00bb4.22.1&Prime; _module_preset=\u00a0\u00bbdefault\u00a0\u00bb custom_padding=\u00a0\u00bb0px||||false|false\u00a0\u00bb bottom_divider_style=\u00a0\u00bbwave2&Prime; bottom_divider_flip=\u00a0\u00bbhorizontal|vertical\u00a0\u00bb global_colors_info=\u00a0\u00bb{}\u00a0\u00bb][et_pb_row _builder_version=\u00a0\u00bb4.22.1&Prime; _module_preset=\u00a0\u00bbdefault\u00a0\u00bb width=\u00a0\u00bb90%\u00a0\u00bb global_colors_info=\u00a0\u00bb{}\u00a0\u00bb][et_pb_column type=\u00a0\u00bb4_4&Prime; _builder_version=\u00a0\u00bb4.22.1&Prime; _module_preset=\u00a0\u00bbdefault\u00a0\u00bb global_colors_info=\u00a0\u00bb{}\u00a0\u00bb][et_pb_text _builder_version=\u00a0\u00bb4.22.1&Prime; _module_preset=\u00a0\u00bbdefault\u00a0\u00bb text_text_color=\u00a0\u00bb#82B000&Prime; header_text_color=\u00a0\u00bb#9A486F\u00a0\u00bb header_2_text_color=\u00a0\u00bb#82B000&Prime; header_3_text_color=\u00a0\u00bb#9A486F\u00a0\u00bb global_colors_info=\u00a0\u00bb{}\u00a0\u00bb]<\/p>\n<h2>COMMENTAIRES<\/h2>\n<p>[\/et_pb_text][et_pb_comments show_count=\u00a0\u00bboff\u00a0\u00bb _builder_version=\u00a0\u00bb4.22.1&Prime; _module_preset=\u00a0\u00bbdefault\u00a0\u00bb header_text_color=\u00a0\u00bb#9A486F\u00a0\u00bb title_text_color=\u00a0\u00bb#82B000&Prime; button_alignment=\u00a0\u00bbcenter\u00a0\u00bb text_orientation=\u00a0\u00bbjustified\u00a0\u00bb custom_css_reply_button=\u00a0\u00bbborder-color: #9A486F !important;\u00a0\u00bb border_radii_fields=\u00a0\u00bbon|20px|20px|20px|20px\u00a0\u00bb locked=\u00a0\u00bboff\u00a0\u00bb global_colors_info=\u00a0\u00bb{}\u00a0\u00bb button_text_size__hover_enabled=\u00a0\u00bbon|hover\u00a0\u00bb button_bg_color__hover_enabled=\u00a0\u00bbon|desktop\u00a0\u00bb button_bg_color__hover=\u00a0\u00bb#FFFFFF\u00a0\u00bb button_bg_enable_color__hover=\u00a0\u00bbon\u00a0\u00bb button_text_color__hover_enabled=\u00a0\u00bbon|hover\u00a0\u00bb button_text_color__hover=\u00a0\u00bb#9A486F\u00a0\u00bb button_border_width__hover_enabled=\u00a0\u00bbon|hover\u00a0\u00bb button_border_width__hover=\u00a0\u00bb2px\u00a0\u00bb button_border_color__hover_enabled=\u00a0\u00bbon|hover\u00a0\u00bb button_border_color__hover=\u00a0\u00bb#9A486F\u00a0\u00bb][\/et_pb_comments][\/et_pb_column][\/et_pb_row][\/et_pb_section]<\/p>\n","protected":false},"excerpt":{"rendered":"<p>Commentaires des participants \u00e0 lire\u00e0 \u00e9crire Cette formation vous concerne si vous souhaitez Apprendre un nouveau m\u00e9tier et devenir : Formateur dans le secteur professionnel pour animer des groupes de formation dans les domaines de la communication, la r\u00e9solution des conflits, la coh\u00e9sion d\u2019\u00e9quipe, le management, le bien-\u00eatre au travail et la pr\u00e9vention des risques [&hellip;]<\/p>\n","protected":false},"author":1,"featured_media":0,"parent":0,"menu_order":0,"comment_status":"open","ping_status":"closed","template":"","meta":{"_et_pb_use_builder":"on","_et_pb_old_content":"<div class=\"encart-comment\">\n<div class=\"title\">Commentaires des participants<\/div>\n<div class=\"encart-comment-btn\"><a class=\"btn btn-success btn-comment\" href=\"#comments\">\u00e0 lire<\/a><a class=\"btn btn-primary  btn-comment\" href=\"#commentform\">\u00e0 \u00e9crire<\/a><\/div>\n<\/div>\n<div>\n\n<strong>Cette formation vous concerne si vous souhaitez :<\/strong>\n<p class=\"page_activite_rubrique\"><span style=\"color: #ff6600\">Apprendre un nouveau m\u00e9tier et devenir :\n<\/span><\/p>\n\n<ul>\n \t<li><strong>Formateur dans le secteur professionnel<\/strong> pour animer des groupes de formation dans les domaines de la communication, la r\u00e9solution des conflits, la coh\u00e9sion d\u2019\u00e9quipe, le management, le bien-\u00eatre au travail et la pr\u00e9vention des risques psycho-sociaux, la conduite de projet, ou pour accompagner des \u00e9quipes en analyse de pratique ou en supervision<\/li>\n \t<li><strong>Coach en individuel<\/strong> pour des responsables de services ou de structures priv\u00e9es ou publiques<\/li>\n \t<li><strong>Coach interne de votre structure<\/strong>, pour accompagner les salari\u00e9s en situation de choix professionnel, de difficult\u00e9 relationnelle ou professionnelle, de changement de poste, et pour conduire des m\u00e9diations en cas de conflits internes<\/li>\n \t<li><strong>Formateur en relations humaines<\/strong> pour les particuliers et leur proposer des outils pour r\u00e9soudre leurs probl\u00e9matiques de relations aux autres et \u00e0 eux-m\u00eames, soit dans le cadre de sessions en groupe, soit dans le cadre d\u2019entretiens individuels<\/li>\n<\/ul>\nCette formation est actuellement en reconstruction dans le cadre de notre d\u00e9marche qualit\u00e9.\n\nSi vous \u00eates int\u00e9ress\u00e9\u00b7e, vous pouvez nous contacter en remplissant le formulaire de contact ci-dessous ou en utilisant les informations de contact en bas de page.\n\n<\/div>\n<div class=\"page_activite_encart\"><a href=\"https:\/\/jaune.centrereliance.fr\/sarl\/formulaire-stages-intra-entreprises\/?activity=Formation de formateurs et praticiens en M\u00e9thode ESPERE\u00ae\">[icon name=\"wpforms\" class=\"\" unprefixed_class=\"\"] &nbsp;&nbsp;&nbsp;Formulaire de contact pour la Formation de formateurs<\/a><\/div>","_et_gb_content_width":"","footnotes":""},"class_list":["post-372","page","type-page","status-publish","hentry"],"yoast_head":"<!-- This site is optimized with the Yoast SEO plugin v25.7 - https:\/\/yoast.com\/wordpress\/plugins\/seo\/ -->\n<title>Formation de formateurs avec la M\u00e9thode ESPERE\u00ae - Placer l\u2019humain au c\u0153ur des organisations<\/title>\n<meta name=\"robots\" content=\"noindex, follow, max-snippet:-1, max-image-preview:large, max-video-preview:-1\" \/>\n<meta property=\"og:locale\" content=\"fr_FR\" \/>\n<meta property=\"og:type\" content=\"article\" \/>\n<meta property=\"og:title\" content=\"Formation de formateurs avec la M\u00e9thode ESPERE\u00ae - Placer l\u2019humain au c\u0153ur des organisations\" \/>\n<meta property=\"og:description\" content=\"Commentaires des participants \u00e0 lire\u00e0 \u00e9crire Cette formation vous concerne si vous souhaitez Apprendre un nouveau m\u00e9tier et devenir : Formateur dans le secteur professionnel pour animer des groupes de formation dans les domaines de la communication, la r\u00e9solution des conflits, la coh\u00e9sion d\u2019\u00e9quipe, le management, le bien-\u00eatre au travail et la pr\u00e9vention des risques [&hellip;]\" \/>\n<meta property=\"og:url\" content=\"https:\/\/jaune.centrereliance.fr\/sarl\/formation-de-formateurs-et-praticiens-en-methode-espere\/\" \/>\n<meta property=\"og:site_name\" content=\"Placer l\u2019humain au c\u0153ur des organisations\" \/>\n<meta property=\"article:publisher\" content=\"https:\/\/www.facebook.com\/Reliance-Association-318815031580269\/\" \/>\n<meta property=\"article:modified_time\" content=\"2025-07-15T19:28:31+00:00\" \/>\n<meta name=\"twitter:card\" content=\"summary_large_image\" \/>\n<meta name=\"twitter:label1\" content=\"Dur\u00e9e de lecture estim\u00e9e\" \/>\n\t<meta name=\"twitter:data1\" content=\"2 minutes\" \/>\n<script type=\"application\/ld+json\" class=\"yoast-schema-graph\">{\"@context\":\"https:\/\/schema.org\",\"@graph\":[{\"@type\":\"WebPage\",\"@id\":\"https:\/\/jaune.centrereliance.fr\/sarl\/formation-de-formateurs-et-praticiens-en-methode-espere\/\",\"url\":\"https:\/\/jaune.centrereliance.fr\/sarl\/formation-de-formateurs-et-praticiens-en-methode-espere\/\",\"name\":\"Formation de formateurs avec la M\u00e9thode ESPERE\u00ae - Placer l\u2019humain au c\u0153ur des organisations\",\"isPartOf\":{\"@id\":\"https:\/\/jaune.centrereliance.fr\/sarl\/#website\"},\"datePublished\":\"2017-03-02T01:18:31+00:00\",\"dateModified\":\"2025-07-15T19:28:31+00:00\",\"breadcrumb\":{\"@id\":\"https:\/\/jaune.centrereliance.fr\/sarl\/formation-de-formateurs-et-praticiens-en-methode-espere\/#breadcrumb\"},\"inLanguage\":\"fr-FR\",\"potentialAction\":[{\"@type\":\"ReadAction\",\"target\":[\"https:\/\/jaune.centrereliance.fr\/sarl\/formation-de-formateurs-et-praticiens-en-methode-espere\/\"]}]},{\"@type\":\"BreadcrumbList\",\"@id\":\"https:\/\/jaune.centrereliance.fr\/sarl\/formation-de-formateurs-et-praticiens-en-methode-espere\/#breadcrumb\",\"itemListElement\":[{\"@type\":\"ListItem\",\"position\":1,\"name\":\"Accueil\",\"item\":\"https:\/\/jaune.centrereliance.fr\/sarl\/\"},{\"@type\":\"ListItem\",\"position\":2,\"name\":\"Formation de formateurs avec la M\u00e9thode ESPERE\u00ae\"}]},{\"@type\":\"WebSite\",\"@id\":\"https:\/\/jaune.centrereliance.fr\/sarl\/#website\",\"url\":\"https:\/\/jaune.centrereliance.fr\/sarl\/\",\"name\":\"Placer l\u2019humain au c\u0153ur des organisations\",\"description\":\"Nos actions \u00e0 destination des professionnels\",\"publisher\":{\"@id\":\"https:\/\/jaune.centrereliance.fr\/sarl\/#organization\"},\"potentialAction\":[{\"@type\":\"SearchAction\",\"target\":{\"@type\":\"EntryPoint\",\"urlTemplate\":\"https:\/\/jaune.centrereliance.fr\/sarl\/?s={search_term_string}\"},\"query-input\":{\"@type\":\"PropertyValueSpecification\",\"valueRequired\":true,\"valueName\":\"search_term_string\"}}],\"inLanguage\":\"fr-FR\"},{\"@type\":\"Organization\",\"@id\":\"https:\/\/jaune.centrereliance.fr\/sarl\/#organization\",\"name\":\"Reliance SARL\",\"url\":\"https:\/\/jaune.centrereliance.fr\/sarl\/\",\"logo\":{\"@type\":\"ImageObject\",\"inLanguage\":\"fr-FR\",\"@id\":\"https:\/\/jaune.centrereliance.fr\/sarl\/#\/schema\/logo\/image\/\",\"url\":\"https:\/\/jaune.centrereliance.fr\/sarl\/wp-content\/uploads\/sites\/3\/2016\/10\/Logo-SARL-e1476290643249.jpg\",\"contentUrl\":\"https:\/\/jaune.centrereliance.fr\/sarl\/wp-content\/uploads\/sites\/3\/2016\/10\/Logo-SARL-e1476290643249.jpg\",\"width\":101,\"height\":110,\"caption\":\"Reliance SARL\"},\"image\":{\"@id\":\"https:\/\/jaune.centrereliance.fr\/sarl\/#\/schema\/logo\/image\/\"},\"sameAs\":[\"https:\/\/www.facebook.com\/Reliance-Association-318815031580269\/\",\"https:\/\/www.linkedin.com\/company-beta\/16261855\"]}]}<\/script>\n<!-- \/ Yoast SEO plugin. -->","yoast_head_json":{"title":"Formation de formateurs avec la M\u00e9thode ESPERE\u00ae - Placer l\u2019humain au c\u0153ur des organisations","robots":{"index":"noindex","follow":"follow","max-snippet":"max-snippet:-1","max-image-preview":"max-image-preview:large","max-video-preview":"max-video-preview:-1"},"og_locale":"fr_FR","og_type":"article","og_title":"Formation de formateurs avec la M\u00e9thode ESPERE\u00ae - Placer l\u2019humain au c\u0153ur des organisations","og_description":"Commentaires des participants \u00e0 lire\u00e0 \u00e9crire Cette formation vous concerne si vous souhaitez Apprendre un nouveau m\u00e9tier et devenir : Formateur dans le secteur professionnel pour animer des groupes de formation dans les domaines de la communication, la r\u00e9solution des conflits, la coh\u00e9sion d\u2019\u00e9quipe, le management, le bien-\u00eatre au travail et la pr\u00e9vention des risques [&hellip;]","og_url":"https:\/\/jaune.centrereliance.fr\/sarl\/formation-de-formateurs-et-praticiens-en-methode-espere\/","og_site_name":"Placer l\u2019humain au c\u0153ur des organisations","article_publisher":"https:\/\/www.facebook.com\/Reliance-Association-318815031580269\/","article_modified_time":"2025-07-15T19:28:31+00:00","twitter_card":"summary_large_image","twitter_misc":{"Dur\u00e9e de lecture estim\u00e9e":"2 minutes"},"schema":{"@context":"https:\/\/schema.org","@graph":[{"@type":"WebPage","@id":"https:\/\/jaune.centrereliance.fr\/sarl\/formation-de-formateurs-et-praticiens-en-methode-espere\/","url":"https:\/\/jaune.centrereliance.fr\/sarl\/formation-de-formateurs-et-praticiens-en-methode-espere\/","name":"Formation de formateurs avec la M\u00e9thode ESPERE\u00ae - Placer l\u2019humain au c\u0153ur des organisations","isPartOf":{"@id":"https:\/\/jaune.centrereliance.fr\/sarl\/#website"},"datePublished":"2017-03-02T01:18:31+00:00","dateModified":"2025-07-15T19:28:31+00:00","breadcrumb":{"@id":"https:\/\/jaune.centrereliance.fr\/sarl\/formation-de-formateurs-et-praticiens-en-methode-espere\/#breadcrumb"},"inLanguage":"fr-FR","potentialAction":[{"@type":"ReadAction","target":["https:\/\/jaune.centrereliance.fr\/sarl\/formation-de-formateurs-et-praticiens-en-methode-espere\/"]}]},{"@type":"BreadcrumbList","@id":"https:\/\/jaune.centrereliance.fr\/sarl\/formation-de-formateurs-et-praticiens-en-methode-espere\/#breadcrumb","itemListElement":[{"@type":"ListItem","position":1,"name":"Accueil","item":"https:\/\/jaune.centrereliance.fr\/sarl\/"},{"@type":"ListItem","position":2,"name":"Formation de formateurs avec la M\u00e9thode ESPERE\u00ae"}]},{"@type":"WebSite","@id":"https:\/\/jaune.centrereliance.fr\/sarl\/#website","url":"https:\/\/jaune.centrereliance.fr\/sarl\/","name":"Placer l\u2019humain au c\u0153ur des organisations","description":"Nos actions \u00e0 destination des professionnels","publisher":{"@id":"https:\/\/jaune.centrereliance.fr\/sarl\/#organization"},"potentialAction":[{"@type":"SearchAction","target":{"@type":"EntryPoint","urlTemplate":"https:\/\/jaune.centrereliance.fr\/sarl\/?s={search_term_string}"},"query-input":{"@type":"PropertyValueSpecification","valueRequired":true,"valueName":"search_term_string"}}],"inLanguage":"fr-FR"},{"@type":"Organization","@id":"https:\/\/jaune.centrereliance.fr\/sarl\/#organization","name":"Reliance SARL","url":"https:\/\/jaune.centrereliance.fr\/sarl\/","logo":{"@type":"ImageObject","inLanguage":"fr-FR","@id":"https:\/\/jaune.centrereliance.fr\/sarl\/#\/schema\/logo\/image\/","url":"https:\/\/jaune.centrereliance.fr\/sarl\/wp-content\/uploads\/sites\/3\/2016\/10\/Logo-SARL-e1476290643249.jpg","contentUrl":"https:\/\/jaune.centrereliance.fr\/sarl\/wp-content\/uploads\/sites\/3\/2016\/10\/Logo-SARL-e1476290643249.jpg","width":101,"height":110,"caption":"Reliance SARL"},"image":{"@id":"https:\/\/jaune.centrereliance.fr\/sarl\/#\/schema\/logo\/image\/"},"sameAs":["https:\/\/www.facebook.com\/Reliance-Association-318815031580269\/","https:\/\/www.linkedin.com\/company-beta\/16261855"]}]}},"_links":{"self":[{"href":"https:\/\/jaune.centrereliance.fr\/sarl\/wp-json\/wp\/v2\/pages\/372","targetHints":{"allow":["GET"]}}],"collection":[{"href":"https:\/\/jaune.centrereliance.fr\/sarl\/wp-json\/wp\/v2\/pages"}],"about":[{"href":"https:\/\/jaune.centrereliance.fr\/sarl\/wp-json\/wp\/v2\/types\/page"}],"author":[{"embeddable":true,"href":"https:\/\/jaune.centrereliance.fr\/sarl\/wp-json\/wp\/v2\/users\/1"}],"replies":[{"embeddable":true,"href":"https:\/\/jaune.centrereliance.fr\/sarl\/wp-json\/wp\/v2\/comments?post=372"}],"version-history":[{"count":60,"href":"https:\/\/jaune.centrereliance.fr\/sarl\/wp-json\/wp\/v2\/pages\/372\/revisions"}],"predecessor-version":[{"id":5513,"href":"https:\/\/jaune.centrereliance.fr\/sarl\/wp-json\/wp\/v2\/pages\/372\/revisions\/5513"}],"wp:attachment":[{"href":"https:\/\/jaune.centrereliance.fr\/sarl\/wp-json\/wp\/v2\/media?parent=372"}],"curies":[{"name":"wp","href":"https:\/\/api.w.org\/{rel}","templated":true}]}}