{"id":381,"date":"2017-03-02T02:18:52","date_gmt":"2017-03-02T01:18:52","guid":{"rendered":"https:\/\/jaune.centrereliance.fr\/sarl\/?page_id=381"},"modified":"2023-01-10T13:05:44","modified_gmt":"2023-01-10T12:05:44","slug":"intervenir-en-methode-espere-dans-le-secteur-porfessionnel","status":"publish","type":"page","link":"https:\/\/jaune.centrereliance.fr\/sarl\/intervenir-en-methode-espere-dans-le-secteur-porfessionnel\/","title":{"rendered":"Intervenir en M\u00e9thode ESPERE\u00ae dans le secteur professionnel"},"content":{"rendered":"<div class=\"encart-comment\">\n<div class=\"title\">Commentaires des participants<\/div>\n<div class=\"encart-comment-btn\"><a class=\"btn btn-success btn-comment\" href=\"#c1\">\u00e0 lire<\/a><a class=\"btn btn-primary  btn-comment\" href=\"#commentform\">\u00e0 \u00e9crire<\/a><\/div>\n<\/div>\n<p class=\"page_activite_rubrique\"><strong><span style=\"color: #ff6600\">Pour qui ?<\/span><\/strong><\/p>\n<p>Formateurs accr\u00e9dit\u00e9s ou en cours d\u2019accr\u00e9ditation par l\u2019Institut ESPERE International<\/p>\n<p class=\"page_activite_rubrique\"><strong><span style=\"color: #ff6600\">Objectifs<\/span><\/strong><\/p>\n<ul>\n<li>Adapter au monde professionnel les outils et le langage de la M\u00e9thode ESPERE\u00ae<\/li>\n<li>Acqu\u00e9rir des outils compl\u00e9mentaires \u00e0 la M\u00e9thode ESPERE\u00ae pour assurer les interventions en secteur professionnel<\/li>\n<li>Organiser une action de formation ou d\u2019accompagnement d\u2019\u00e9quipe en alternant des exercices compl\u00e9mentaires pour stimuler une dynamique positive et laisser un fort impact formatif<\/li>\n<\/ul>\n<p><span style=\"color: #ff6600\"><strong>Th\u00e8mes et dates&nbsp;<\/strong><\/span><\/p>\n<p><span style=\"color: #3552c4\"><strong>A d\u00e9finir prochainement<\/strong><\/span><\/p>\n<p><span style=\"color: #ff6600\"><strong>Tarifs<\/strong><\/span><\/p>\n<p><strong>*<\/strong> Pour les particuliers&nbsp;prenant en charge leurs formations <strong>\u00e0 titre personnel<\/strong> : 120 \u20ac par journ\u00e9e<\/p>\n<div>\n<p><strong>*<\/strong> Tarif sp\u00e9cifique en cas de<strong> prise en charge professionnelle<\/strong> : nous contacter par t\u00e9l\u00e9phone (04 76 85 12 12) ou <a href=\"contact@jaune.centrereliance.fr\" target=\"_blank\" rel=\"noopener noreferrer\">mail <\/a>pour une demande de devis<\/p>\n<\/div>\n<div class=\"sh-content one-content sh-show\"><\/div>\n<div class=\"sh-content one-content sh-show\">&nbsp;<div class=\"woocommerce columns-1 \"><\/div><\/div>\n","protected":false},"excerpt":{"rendered":"<p>Commentaires des participants \u00e0 lire\u00e0 \u00e9crire Pour qui ? Formateurs accr\u00e9dit\u00e9s ou en cours d\u2019accr\u00e9ditation par l\u2019Institut ESPERE International Objectifs Adapter au monde professionnel les outils et le langage de la M\u00e9thode ESPERE\u00ae Acqu\u00e9rir des outils compl\u00e9mentaires \u00e0 la M\u00e9thode ESPERE\u00ae pour assurer les interventions en secteur professionnel Organiser une action de formation ou d\u2019accompagnement [&hellip;]<\/p>\n","protected":false},"author":1,"featured_media":0,"parent":0,"menu_order":0,"comment_status":"open","ping_status":"closed","template":"","meta":{"_et_pb_use_builder":"","_et_pb_old_content":"","_et_gb_content_width":"","footnotes":""},"class_list":["post-381","page","type-page","status-publish","hentry"],"yoast_head":"<!-- This site is optimized with the Yoast SEO plugin v25.7 - https:\/\/yoast.com\/wordpress\/plugins\/seo\/ -->\n<title>Intervenir en M\u00e9thode ESPERE\u00ae dans le secteur professionnel - Placer l\u2019humain au c\u0153ur des organisations<\/title>\n<meta name=\"robots\" content=\"noindex, follow, max-snippet:-1, max-image-preview:large, max-video-preview:-1\" \/>\n<meta property=\"og:locale\" content=\"fr_FR\" \/>\n<meta property=\"og:type\" content=\"article\" \/>\n<meta property=\"og:title\" content=\"Intervenir en M\u00e9thode ESPERE\u00ae dans le secteur professionnel - Placer l\u2019humain au c\u0153ur des organisations\" \/>\n<meta property=\"og:description\" content=\"Commentaires des participants \u00e0 lire\u00e0 \u00e9crire Pour qui ? Formateurs accr\u00e9dit\u00e9s ou en cours d\u2019accr\u00e9ditation par l\u2019Institut ESPERE International Objectifs Adapter au monde professionnel les outils et le langage de la M\u00e9thode ESPERE\u00ae Acqu\u00e9rir des outils compl\u00e9mentaires \u00e0 la M\u00e9thode ESPERE\u00ae pour assurer les interventions en secteur professionnel Organiser une action de formation ou d\u2019accompagnement [&hellip;]\" \/>\n<meta property=\"og:url\" content=\"https:\/\/jaune.centrereliance.fr\/sarl\/intervenir-en-methode-espere-dans-le-secteur-porfessionnel\/\" \/>\n<meta property=\"og:site_name\" content=\"Placer l\u2019humain au c\u0153ur des organisations\" \/>\n<meta property=\"article:publisher\" content=\"https:\/\/www.facebook.com\/Reliance-Association-318815031580269\/\" \/>\n<meta property=\"article:modified_time\" content=\"2023-01-10T12:05:44+00:00\" \/>\n<meta name=\"twitter:card\" content=\"summary_large_image\" \/>\n<meta name=\"twitter:label1\" content=\"Dur\u00e9e de lecture estim\u00e9e\" \/>\n\t<meta name=\"twitter:data1\" content=\"1 minute\" \/>\n<script type=\"application\/ld+json\" class=\"yoast-schema-graph\">{\"@context\":\"https:\/\/schema.org\",\"@graph\":[{\"@type\":\"WebPage\",\"@id\":\"https:\/\/jaune.centrereliance.fr\/sarl\/intervenir-en-methode-espere-dans-le-secteur-porfessionnel\/\",\"url\":\"https:\/\/jaune.centrereliance.fr\/sarl\/intervenir-en-methode-espere-dans-le-secteur-porfessionnel\/\",\"name\":\"Intervenir en M\u00e9thode ESPERE\u00ae dans le secteur professionnel - Placer l\u2019humain au c\u0153ur des organisations\",\"isPartOf\":{\"@id\":\"https:\/\/jaune.centrereliance.fr\/sarl\/#website\"},\"datePublished\":\"2017-03-02T01:18:52+00:00\",\"dateModified\":\"2023-01-10T12:05:44+00:00\",\"breadcrumb\":{\"@id\":\"https:\/\/jaune.centrereliance.fr\/sarl\/intervenir-en-methode-espere-dans-le-secteur-porfessionnel\/#breadcrumb\"},\"inLanguage\":\"fr-FR\",\"potentialAction\":[{\"@type\":\"ReadAction\",\"target\":[\"https:\/\/jaune.centrereliance.fr\/sarl\/intervenir-en-methode-espere-dans-le-secteur-porfessionnel\/\"]}]},{\"@type\":\"BreadcrumbList\",\"@id\":\"https:\/\/jaune.centrereliance.fr\/sarl\/intervenir-en-methode-espere-dans-le-secteur-porfessionnel\/#breadcrumb\",\"itemListElement\":[{\"@type\":\"ListItem\",\"position\":1,\"name\":\"Accueil\",\"item\":\"https:\/\/jaune.centrereliance.fr\/sarl\/\"},{\"@type\":\"ListItem\",\"position\":2,\"name\":\"Intervenir en M\u00e9thode ESPERE\u00ae dans le secteur professionnel\"}]},{\"@type\":\"WebSite\",\"@id\":\"https:\/\/jaune.centrereliance.fr\/sarl\/#website\",\"url\":\"https:\/\/jaune.centrereliance.fr\/sarl\/\",\"name\":\"Placer l\u2019humain au c\u0153ur des organisations\",\"description\":\"Nos actions \u00e0 destination des professionnels\",\"publisher\":{\"@id\":\"https:\/\/jaune.centrereliance.fr\/sarl\/#organization\"},\"potentialAction\":[{\"@type\":\"SearchAction\",\"target\":{\"@type\":\"EntryPoint\",\"urlTemplate\":\"https:\/\/jaune.centrereliance.fr\/sarl\/?s={search_term_string}\"},\"query-input\":{\"@type\":\"PropertyValueSpecification\",\"valueRequired\":true,\"valueName\":\"search_term_string\"}}],\"inLanguage\":\"fr-FR\"},{\"@type\":\"Organization\",\"@id\":\"https:\/\/jaune.centrereliance.fr\/sarl\/#organization\",\"name\":\"Reliance SARL\",\"url\":\"https:\/\/jaune.centrereliance.fr\/sarl\/\",\"logo\":{\"@type\":\"ImageObject\",\"inLanguage\":\"fr-FR\",\"@id\":\"https:\/\/jaune.centrereliance.fr\/sarl\/#\/schema\/logo\/image\/\",\"url\":\"https:\/\/jaune.centrereliance.fr\/sarl\/wp-content\/uploads\/sites\/3\/2016\/10\/Logo-SARL-e1476290643249.jpg\",\"contentUrl\":\"https:\/\/jaune.centrereliance.fr\/sarl\/wp-content\/uploads\/sites\/3\/2016\/10\/Logo-SARL-e1476290643249.jpg\",\"width\":101,\"height\":110,\"caption\":\"Reliance SARL\"},\"image\":{\"@id\":\"https:\/\/jaune.centrereliance.fr\/sarl\/#\/schema\/logo\/image\/\"},\"sameAs\":[\"https:\/\/www.facebook.com\/Reliance-Association-318815031580269\/\",\"https:\/\/www.linkedin.com\/company-beta\/16261855\"]}]}<\/script>\n<!-- \/ Yoast SEO plugin. -->","yoast_head_json":{"title":"Intervenir en M\u00e9thode ESPERE\u00ae dans le secteur professionnel - Placer l\u2019humain au c\u0153ur des organisations","robots":{"index":"noindex","follow":"follow","max-snippet":"max-snippet:-1","max-image-preview":"max-image-preview:large","max-video-preview":"max-video-preview:-1"},"og_locale":"fr_FR","og_type":"article","og_title":"Intervenir en M\u00e9thode ESPERE\u00ae dans le secteur professionnel - Placer l\u2019humain au c\u0153ur des organisations","og_description":"Commentaires des participants \u00e0 lire\u00e0 \u00e9crire Pour qui ? Formateurs accr\u00e9dit\u00e9s ou en cours d\u2019accr\u00e9ditation par l\u2019Institut ESPERE International Objectifs Adapter au monde professionnel les outils et le langage de la M\u00e9thode ESPERE\u00ae Acqu\u00e9rir des outils compl\u00e9mentaires \u00e0 la M\u00e9thode ESPERE\u00ae pour assurer les interventions en secteur professionnel Organiser une action de formation ou d\u2019accompagnement [&hellip;]","og_url":"https:\/\/jaune.centrereliance.fr\/sarl\/intervenir-en-methode-espere-dans-le-secteur-porfessionnel\/","og_site_name":"Placer l\u2019humain au c\u0153ur des organisations","article_publisher":"https:\/\/www.facebook.com\/Reliance-Association-318815031580269\/","article_modified_time":"2023-01-10T12:05:44+00:00","twitter_card":"summary_large_image","twitter_misc":{"Dur\u00e9e de lecture estim\u00e9e":"1 minute"},"schema":{"@context":"https:\/\/schema.org","@graph":[{"@type":"WebPage","@id":"https:\/\/jaune.centrereliance.fr\/sarl\/intervenir-en-methode-espere-dans-le-secteur-porfessionnel\/","url":"https:\/\/jaune.centrereliance.fr\/sarl\/intervenir-en-methode-espere-dans-le-secteur-porfessionnel\/","name":"Intervenir en M\u00e9thode ESPERE\u00ae dans le secteur professionnel - Placer l\u2019humain au c\u0153ur des organisations","isPartOf":{"@id":"https:\/\/jaune.centrereliance.fr\/sarl\/#website"},"datePublished":"2017-03-02T01:18:52+00:00","dateModified":"2023-01-10T12:05:44+00:00","breadcrumb":{"@id":"https:\/\/jaune.centrereliance.fr\/sarl\/intervenir-en-methode-espere-dans-le-secteur-porfessionnel\/#breadcrumb"},"inLanguage":"fr-FR","potentialAction":[{"@type":"ReadAction","target":["https:\/\/jaune.centrereliance.fr\/sarl\/intervenir-en-methode-espere-dans-le-secteur-porfessionnel\/"]}]},{"@type":"BreadcrumbList","@id":"https:\/\/jaune.centrereliance.fr\/sarl\/intervenir-en-methode-espere-dans-le-secteur-porfessionnel\/#breadcrumb","itemListElement":[{"@type":"ListItem","position":1,"name":"Accueil","item":"https:\/\/jaune.centrereliance.fr\/sarl\/"},{"@type":"ListItem","position":2,"name":"Intervenir en M\u00e9thode ESPERE\u00ae dans le secteur professionnel"}]},{"@type":"WebSite","@id":"https:\/\/jaune.centrereliance.fr\/sarl\/#website","url":"https:\/\/jaune.centrereliance.fr\/sarl\/","name":"Placer l\u2019humain au c\u0153ur des organisations","description":"Nos actions \u00e0 destination des professionnels","publisher":{"@id":"https:\/\/jaune.centrereliance.fr\/sarl\/#organization"},"potentialAction":[{"@type":"SearchAction","target":{"@type":"EntryPoint","urlTemplate":"https:\/\/jaune.centrereliance.fr\/sarl\/?s={search_term_string}"},"query-input":{"@type":"PropertyValueSpecification","valueRequired":true,"valueName":"search_term_string"}}],"inLanguage":"fr-FR"},{"@type":"Organization","@id":"https:\/\/jaune.centrereliance.fr\/sarl\/#organization","name":"Reliance SARL","url":"https:\/\/jaune.centrereliance.fr\/sarl\/","logo":{"@type":"ImageObject","inLanguage":"fr-FR","@id":"https:\/\/jaune.centrereliance.fr\/sarl\/#\/schema\/logo\/image\/","url":"https:\/\/jaune.centrereliance.fr\/sarl\/wp-content\/uploads\/sites\/3\/2016\/10\/Logo-SARL-e1476290643249.jpg","contentUrl":"https:\/\/jaune.centrereliance.fr\/sarl\/wp-content\/uploads\/sites\/3\/2016\/10\/Logo-SARL-e1476290643249.jpg","width":101,"height":110,"caption":"Reliance SARL"},"image":{"@id":"https:\/\/jaune.centrereliance.fr\/sarl\/#\/schema\/logo\/image\/"},"sameAs":["https:\/\/www.facebook.com\/Reliance-Association-318815031580269\/","https:\/\/www.linkedin.com\/company-beta\/16261855"]}]}},"_links":{"self":[{"href":"https:\/\/jaune.centrereliance.fr\/sarl\/wp-json\/wp\/v2\/pages\/381","targetHints":{"allow":["GET"]}}],"collection":[{"href":"https:\/\/jaune.centrereliance.fr\/sarl\/wp-json\/wp\/v2\/pages"}],"about":[{"href":"https:\/\/jaune.centrereliance.fr\/sarl\/wp-json\/wp\/v2\/types\/page"}],"author":[{"embeddable":true,"href":"https:\/\/jaune.centrereliance.fr\/sarl\/wp-json\/wp\/v2\/users\/1"}],"replies":[{"embeddable":true,"href":"https:\/\/jaune.centrereliance.fr\/sarl\/wp-json\/wp\/v2\/comments?post=381"}],"version-history":[{"count":70,"href":"https:\/\/jaune.centrereliance.fr\/sarl\/wp-json\/wp\/v2\/pages\/381\/revisions"}],"predecessor-version":[{"id":4282,"href":"https:\/\/jaune.centrereliance.fr\/sarl\/wp-json\/wp\/v2\/pages\/381\/revisions\/4282"}],"wp:attachment":[{"href":"https:\/\/jaune.centrereliance.fr\/sarl\/wp-json\/wp\/v2\/media?parent=381"}],"curies":[{"name":"wp","href":"https:\/\/api.w.org\/{rel}","templated":true}]}}