{"id":4381,"date":"2023-07-18T12:03:07","date_gmt":"2023-07-18T10:03:07","guid":{"rendered":"https:\/\/jaune.centrereliance.fr\/sarl\/?post_type=product&#038;p=4381"},"modified":"2023-07-18T12:16:00","modified_gmt":"2023-07-18T10:16:00","slug":"formation-emres-pro-niveau-2-praticiens-perfectionnement-6","status":"publish","type":"product","link":"https:\/\/jaune.centrereliance.fr\/sarl\/produit\/formation-emres-pro-niveau-2-praticiens-perfectionnement-6\/","title":{"rendered":"Formation EmRes Pro &#8211; Niveau 2 &#8211; Praticiens &#8211; Perfectionnement"},"content":{"rendered":"<h4>Finalit\u00e9s<\/h4>\n<p>&#8211; Renforcer les comp\u00e9tences et acqu\u00e9rir les automatismes comportementaux n\u00e9cessaires aux pratiques de praticien\u00b7ne EmRes pour soi et dans l\u2019accompagnement d\u2019autrui.<\/p>\n<p>&#8211; D\u00e9velopper la compr\u00e9hension des \u00e9motions cach\u00e9es, maitriser la fa\u00e7on de les d\u00e9busquer dans le quotidien et les apaiser durablement.<\/p>\n<h4>Pr\u00e9requis<\/h4>\n<p>Les personnes souhaitant s\u2019inscrire doivent pouvoir pr\u00e9senter le certificat de r\u00e9alisation de la formation EmRes niveau 1 et fournir le tableau des 25 s\u00e9ances r\u00e9alis\u00e9es en autonomie.<\/p>\n<h4>Programme<\/h4>\n<p>Pour connaitre les d\u00e9tails du programme consulter la <span style=\"color: #0554b5\"><a style=\"color: #0554b5\" href=\"https:\/\/jaune.centrereliance.fr\/sarl\/wp-content\/uploads\/sites\/3\/2022\/10\/PGM-EmRes-Niv2-220930.pdf\" target=\"_blank\" rel=\"noopener\">fiche programme<\/a><\/span> de la formation<\/p>\n","protected":false},"excerpt":{"rendered":"<p>Finalit\u00e9s &#8211; Renforcer les comp\u00e9tences et acqu\u00e9rir les automatismes comportementaux n\u00e9cessaires aux pratiques de praticien\u00b7ne EmRes pour soi et dans l\u2019accompagnement d\u2019autrui. &#8211; D\u00e9velopper la compr\u00e9hension des \u00e9motions cach\u00e9es, maitriser la fa\u00e7on de les d\u00e9busquer dans le quotidien et les apaiser durablement. Pr\u00e9requis Les personnes souhaitant s\u2019inscrire doivent pouvoir pr\u00e9senter le certificat de r\u00e9alisation de [&hellip;]<\/p>\n","protected":false},"featured_media":4382,"comment_status":"open","ping_status":"closed","template":"","meta":{"_et_pb_use_builder":"","_et_pb_old_content":"","_et_gb_content_width":""},"product_brand":[],"product_cat":[115],"product_tag":[],"class_list":{"0":"post-4381","1":"product","2":"type-product","3":"status-publish","4":"has-post-thumbnail","6":"product_cat-praticien-tipi","8":"first","9":"instock","10":"sold-individually","11":"purchasable","12":"product-type-simple"},"yoast_head":"<!-- This site is optimized with the Yoast SEO plugin v25.7 - https:\/\/yoast.com\/wordpress\/plugins\/seo\/ -->\n<title>Formation EmRes Pro - Niveau 2 - Praticiens - Perfectionnement - Placer l\u2019humain au c\u0153ur des organisations<\/title>\n<meta name=\"robots\" content=\"noindex, follow, max-snippet:-1, max-image-preview:large, max-video-preview:-1\" \/>\n<meta property=\"og:locale\" content=\"fr_FR\" \/>\n<meta property=\"og:type\" content=\"article\" \/>\n<meta property=\"og:title\" content=\"Formation EmRes Pro - Niveau 2 - Praticiens - Perfectionnement - Placer l\u2019humain au c\u0153ur des organisations\" \/>\n<meta property=\"og:description\" content=\"Finalit\u00e9s &#8211; Renforcer les comp\u00e9tences et acqu\u00e9rir les automatismes comportementaux n\u00e9cessaires aux pratiques de praticien\u00b7ne EmRes pour soi et dans l\u2019accompagnement d\u2019autrui. &#8211; D\u00e9velopper la compr\u00e9hension des \u00e9motions cach\u00e9es, maitriser la fa\u00e7on de les d\u00e9busquer dans le quotidien et les apaiser durablement. Pr\u00e9requis Les personnes souhaitant s\u2019inscrire doivent pouvoir pr\u00e9senter le certificat de r\u00e9alisation de [&hellip;]\" \/>\n<meta property=\"og:url\" content=\"https:\/\/jaune.centrereliance.fr\/sarl\/produit\/formation-emres-pro-niveau-2-praticiens-perfectionnement-6\/\" \/>\n<meta property=\"og:site_name\" content=\"Placer l\u2019humain au c\u0153ur des organisations\" \/>\n<meta property=\"article:publisher\" content=\"https:\/\/www.facebook.com\/Reliance-Association-318815031580269\/\" \/>\n<meta property=\"article:modified_time\" content=\"2023-07-18T10:16:00+00:00\" \/>\n<meta property=\"og:image\" content=\"https:\/\/jaune.centrereliance.fr\/sarl\/wp-content\/uploads\/sites\/3\/2023\/07\/regulation-emotionelle-reliance-1024x678-1-1-1-1-1-1-2-1-1-2-1-1-1-1-1-1-1-1-1-1-1-1.jpg\" \/>\n\t<meta property=\"og:image:width\" content=\"1024\" \/>\n\t<meta property=\"og:image:height\" content=\"678\" \/>\n\t<meta property=\"og:image:type\" content=\"image\/jpeg\" \/>\n<meta name=\"twitter:card\" content=\"summary_large_image\" \/>\n<meta name=\"twitter:label1\" content=\"Dur\u00e9e de lecture estim\u00e9e\" \/>\n\t<meta name=\"twitter:data1\" content=\"1 minute\" \/>\n<script type=\"application\/ld+json\" class=\"yoast-schema-graph\">{\"@context\":\"https:\/\/schema.org\",\"@graph\":[{\"@type\":\"WebPage\",\"@id\":\"https:\/\/jaune.centrereliance.fr\/sarl\/produit\/formation-emres-pro-niveau-2-praticiens-perfectionnement-6\/\",\"url\":\"https:\/\/jaune.centrereliance.fr\/sarl\/produit\/formation-emres-pro-niveau-2-praticiens-perfectionnement-6\/\",\"name\":\"Formation EmRes Pro - Niveau 2 - Praticiens - Perfectionnement - Placer l\u2019humain au c\u0153ur des organisations\",\"isPartOf\":{\"@id\":\"https:\/\/jaune.centrereliance.fr\/sarl\/#website\"},\"primaryImageOfPage\":{\"@id\":\"https:\/\/jaune.centrereliance.fr\/sarl\/produit\/formation-emres-pro-niveau-2-praticiens-perfectionnement-6\/#primaryimage\"},\"image\":{\"@id\":\"https:\/\/jaune.centrereliance.fr\/sarl\/produit\/formation-emres-pro-niveau-2-praticiens-perfectionnement-6\/#primaryimage\"},\"thumbnailUrl\":\"https:\/\/jaune.centrereliance.fr\/sarl\/wp-content\/uploads\/sites\/3\/2023\/07\/regulation-emotionelle-reliance-1024x678-1-1-1-1-1-1-2-1-1-2-1-1-1-1-1-1-1-1-1-1-1-1.jpg\",\"datePublished\":\"2023-07-18T10:03:07+00:00\",\"dateModified\":\"2023-07-18T10:16:00+00:00\",\"breadcrumb\":{\"@id\":\"https:\/\/jaune.centrereliance.fr\/sarl\/produit\/formation-emres-pro-niveau-2-praticiens-perfectionnement-6\/#breadcrumb\"},\"inLanguage\":\"fr-FR\",\"potentialAction\":[{\"@type\":\"ReadAction\",\"target\":[\"https:\/\/jaune.centrereliance.fr\/sarl\/produit\/formation-emres-pro-niveau-2-praticiens-perfectionnement-6\/\"]}]},{\"@type\":\"ImageObject\",\"inLanguage\":\"fr-FR\",\"@id\":\"https:\/\/jaune.centrereliance.fr\/sarl\/produit\/formation-emres-pro-niveau-2-praticiens-perfectionnement-6\/#primaryimage\",\"url\":\"https:\/\/jaune.centrereliance.fr\/sarl\/wp-content\/uploads\/sites\/3\/2023\/07\/regulation-emotionelle-reliance-1024x678-1-1-1-1-1-1-2-1-1-2-1-1-1-1-1-1-1-1-1-1-1-1.jpg\",\"contentUrl\":\"https:\/\/jaune.centrereliance.fr\/sarl\/wp-content\/uploads\/sites\/3\/2023\/07\/regulation-emotionelle-reliance-1024x678-1-1-1-1-1-1-2-1-1-2-1-1-1-1-1-1-1-1-1-1-1-1.jpg\",\"width\":1024,\"height\":678},{\"@type\":\"BreadcrumbList\",\"@id\":\"https:\/\/jaune.centrereliance.fr\/sarl\/produit\/formation-emres-pro-niveau-2-praticiens-perfectionnement-6\/#breadcrumb\",\"itemListElement\":[{\"@type\":\"ListItem\",\"position\":1,\"name\":\"Accueil\",\"item\":\"https:\/\/jaune.centrereliance.fr\/sarl\/\"},{\"@type\":\"ListItem\",\"position\":2,\"name\":\"Boutique\",\"item\":\"https:\/\/jaune.centrereliance.fr\/sarl\/?page_id=245\"},{\"@type\":\"ListItem\",\"position\":3,\"name\":\"Formation EmRes Pro &#8211; Niveau 2 &#8211; Praticiens &#8211; Perfectionnement\"}]},{\"@type\":\"WebSite\",\"@id\":\"https:\/\/jaune.centrereliance.fr\/sarl\/#website\",\"url\":\"https:\/\/jaune.centrereliance.fr\/sarl\/\",\"name\":\"Placer l\u2019humain au c\u0153ur des organisations\",\"description\":\"Nos actions \u00e0 destination des professionnels\",\"publisher\":{\"@id\":\"https:\/\/jaune.centrereliance.fr\/sarl\/#organization\"},\"potentialAction\":[{\"@type\":\"SearchAction\",\"target\":{\"@type\":\"EntryPoint\",\"urlTemplate\":\"https:\/\/jaune.centrereliance.fr\/sarl\/?s={search_term_string}\"},\"query-input\":{\"@type\":\"PropertyValueSpecification\",\"valueRequired\":true,\"valueName\":\"search_term_string\"}}],\"inLanguage\":\"fr-FR\"},{\"@type\":\"Organization\",\"@id\":\"https:\/\/jaune.centrereliance.fr\/sarl\/#organization\",\"name\":\"Reliance SARL\",\"url\":\"https:\/\/jaune.centrereliance.fr\/sarl\/\",\"logo\":{\"@type\":\"ImageObject\",\"inLanguage\":\"fr-FR\",\"@id\":\"https:\/\/jaune.centrereliance.fr\/sarl\/#\/schema\/logo\/image\/\",\"url\":\"https:\/\/jaune.centrereliance.fr\/sarl\/wp-content\/uploads\/sites\/3\/2016\/10\/Logo-SARL-e1476290643249.jpg\",\"contentUrl\":\"https:\/\/jaune.centrereliance.fr\/sarl\/wp-content\/uploads\/sites\/3\/2016\/10\/Logo-SARL-e1476290643249.jpg\",\"width\":101,\"height\":110,\"caption\":\"Reliance SARL\"},\"image\":{\"@id\":\"https:\/\/jaune.centrereliance.fr\/sarl\/#\/schema\/logo\/image\/\"},\"sameAs\":[\"https:\/\/www.facebook.com\/Reliance-Association-318815031580269\/\",\"https:\/\/www.linkedin.com\/company-beta\/16261855\"]}]}<\/script>\n<!-- \/ Yoast SEO plugin. -->","yoast_head_json":{"title":"Formation EmRes Pro - Niveau 2 - Praticiens - Perfectionnement - Placer l\u2019humain au c\u0153ur des organisations","robots":{"index":"noindex","follow":"follow","max-snippet":"max-snippet:-1","max-image-preview":"max-image-preview:large","max-video-preview":"max-video-preview:-1"},"og_locale":"fr_FR","og_type":"article","og_title":"Formation EmRes Pro - Niveau 2 - Praticiens - Perfectionnement - Placer l\u2019humain au c\u0153ur des organisations","og_description":"Finalit\u00e9s &#8211; Renforcer les comp\u00e9tences et acqu\u00e9rir les automatismes comportementaux n\u00e9cessaires aux pratiques de praticien\u00b7ne EmRes pour soi et dans l\u2019accompagnement d\u2019autrui. &#8211; D\u00e9velopper la compr\u00e9hension des \u00e9motions cach\u00e9es, maitriser la fa\u00e7on de les d\u00e9busquer dans le quotidien et les apaiser durablement. Pr\u00e9requis Les personnes souhaitant s\u2019inscrire doivent pouvoir pr\u00e9senter le certificat de r\u00e9alisation de [&hellip;]","og_url":"https:\/\/jaune.centrereliance.fr\/sarl\/produit\/formation-emres-pro-niveau-2-praticiens-perfectionnement-6\/","og_site_name":"Placer l\u2019humain au c\u0153ur des organisations","article_publisher":"https:\/\/www.facebook.com\/Reliance-Association-318815031580269\/","article_modified_time":"2023-07-18T10:16:00+00:00","og_image":[{"width":1024,"height":678,"url":"https:\/\/jaune.centrereliance.fr\/sarl\/wp-content\/uploads\/sites\/3\/2023\/07\/regulation-emotionelle-reliance-1024x678-1-1-1-1-1-1-2-1-1-2-1-1-1-1-1-1-1-1-1-1-1-1.jpg","type":"image\/jpeg"}],"twitter_card":"summary_large_image","twitter_misc":{"Dur\u00e9e de lecture estim\u00e9e":"1 minute"},"schema":{"@context":"https:\/\/schema.org","@graph":[{"@type":"WebPage","@id":"https:\/\/jaune.centrereliance.fr\/sarl\/produit\/formation-emres-pro-niveau-2-praticiens-perfectionnement-6\/","url":"https:\/\/jaune.centrereliance.fr\/sarl\/produit\/formation-emres-pro-niveau-2-praticiens-perfectionnement-6\/","name":"Formation EmRes Pro - Niveau 2 - Praticiens - Perfectionnement - Placer l\u2019humain au c\u0153ur des organisations","isPartOf":{"@id":"https:\/\/jaune.centrereliance.fr\/sarl\/#website"},"primaryImageOfPage":{"@id":"https:\/\/jaune.centrereliance.fr\/sarl\/produit\/formation-emres-pro-niveau-2-praticiens-perfectionnement-6\/#primaryimage"},"image":{"@id":"https:\/\/jaune.centrereliance.fr\/sarl\/produit\/formation-emres-pro-niveau-2-praticiens-perfectionnement-6\/#primaryimage"},"thumbnailUrl":"https:\/\/jaune.centrereliance.fr\/sarl\/wp-content\/uploads\/sites\/3\/2023\/07\/regulation-emotionelle-reliance-1024x678-1-1-1-1-1-1-2-1-1-2-1-1-1-1-1-1-1-1-1-1-1-1.jpg","datePublished":"2023-07-18T10:03:07+00:00","dateModified":"2023-07-18T10:16:00+00:00","breadcrumb":{"@id":"https:\/\/jaune.centrereliance.fr\/sarl\/produit\/formation-emres-pro-niveau-2-praticiens-perfectionnement-6\/#breadcrumb"},"inLanguage":"fr-FR","potentialAction":[{"@type":"ReadAction","target":["https:\/\/jaune.centrereliance.fr\/sarl\/produit\/formation-emres-pro-niveau-2-praticiens-perfectionnement-6\/"]}]},{"@type":"ImageObject","inLanguage":"fr-FR","@id":"https:\/\/jaune.centrereliance.fr\/sarl\/produit\/formation-emres-pro-niveau-2-praticiens-perfectionnement-6\/#primaryimage","url":"https:\/\/jaune.centrereliance.fr\/sarl\/wp-content\/uploads\/sites\/3\/2023\/07\/regulation-emotionelle-reliance-1024x678-1-1-1-1-1-1-2-1-1-2-1-1-1-1-1-1-1-1-1-1-1-1.jpg","contentUrl":"https:\/\/jaune.centrereliance.fr\/sarl\/wp-content\/uploads\/sites\/3\/2023\/07\/regulation-emotionelle-reliance-1024x678-1-1-1-1-1-1-2-1-1-2-1-1-1-1-1-1-1-1-1-1-1-1.jpg","width":1024,"height":678},{"@type":"BreadcrumbList","@id":"https:\/\/jaune.centrereliance.fr\/sarl\/produit\/formation-emres-pro-niveau-2-praticiens-perfectionnement-6\/#breadcrumb","itemListElement":[{"@type":"ListItem","position":1,"name":"Accueil","item":"https:\/\/jaune.centrereliance.fr\/sarl\/"},{"@type":"ListItem","position":2,"name":"Boutique","item":"https:\/\/jaune.centrereliance.fr\/sarl\/?page_id=245"},{"@type":"ListItem","position":3,"name":"Formation EmRes Pro &#8211; Niveau 2 &#8211; Praticiens &#8211; Perfectionnement"}]},{"@type":"WebSite","@id":"https:\/\/jaune.centrereliance.fr\/sarl\/#website","url":"https:\/\/jaune.centrereliance.fr\/sarl\/","name":"Placer l\u2019humain au c\u0153ur des organisations","description":"Nos actions \u00e0 destination des professionnels","publisher":{"@id":"https:\/\/jaune.centrereliance.fr\/sarl\/#organization"},"potentialAction":[{"@type":"SearchAction","target":{"@type":"EntryPoint","urlTemplate":"https:\/\/jaune.centrereliance.fr\/sarl\/?s={search_term_string}"},"query-input":{"@type":"PropertyValueSpecification","valueRequired":true,"valueName":"search_term_string"}}],"inLanguage":"fr-FR"},{"@type":"Organization","@id":"https:\/\/jaune.centrereliance.fr\/sarl\/#organization","name":"Reliance SARL","url":"https:\/\/jaune.centrereliance.fr\/sarl\/","logo":{"@type":"ImageObject","inLanguage":"fr-FR","@id":"https:\/\/jaune.centrereliance.fr\/sarl\/#\/schema\/logo\/image\/","url":"https:\/\/jaune.centrereliance.fr\/sarl\/wp-content\/uploads\/sites\/3\/2016\/10\/Logo-SARL-e1476290643249.jpg","contentUrl":"https:\/\/jaune.centrereliance.fr\/sarl\/wp-content\/uploads\/sites\/3\/2016\/10\/Logo-SARL-e1476290643249.jpg","width":101,"height":110,"caption":"Reliance SARL"},"image":{"@id":"https:\/\/jaune.centrereliance.fr\/sarl\/#\/schema\/logo\/image\/"},"sameAs":["https:\/\/www.facebook.com\/Reliance-Association-318815031580269\/","https:\/\/www.linkedin.com\/company-beta\/16261855"]}]}},"_links":{"self":[{"href":"https:\/\/jaune.centrereliance.fr\/sarl\/wp-json\/wp\/v2\/product\/4381","targetHints":{"allow":["GET"]}}],"collection":[{"href":"https:\/\/jaune.centrereliance.fr\/sarl\/wp-json\/wp\/v2\/product"}],"about":[{"href":"https:\/\/jaune.centrereliance.fr\/sarl\/wp-json\/wp\/v2\/types\/product"}],"replies":[{"embeddable":true,"href":"https:\/\/jaune.centrereliance.fr\/sarl\/wp-json\/wp\/v2\/comments?post=4381"}],"wp:featuredmedia":[{"embeddable":true,"href":"https:\/\/jaune.centrereliance.fr\/sarl\/wp-json\/wp\/v2\/media\/4382"}],"wp:attachment":[{"href":"https:\/\/jaune.centrereliance.fr\/sarl\/wp-json\/wp\/v2\/media?parent=4381"}],"wp:term":[{"taxonomy":"product_brand","embeddable":true,"href":"https:\/\/jaune.centrereliance.fr\/sarl\/wp-json\/wp\/v2\/product_brand?post=4381"},{"taxonomy":"product_cat","embeddable":true,"href":"https:\/\/jaune.centrereliance.fr\/sarl\/wp-json\/wp\/v2\/product_cat?post=4381"},{"taxonomy":"product_tag","embeddable":true,"href":"https:\/\/jaune.centrereliance.fr\/sarl\/wp-json\/wp\/v2\/product_tag?post=4381"}],"curies":[{"name":"wp","href":"https:\/\/api.w.org\/{rel}","templated":true}]}}